{"id":7069,"date":"2025-04-29T11:25:05","date_gmt":"2025-04-29T09:25:05","guid":{"rendered":"http:\/\/46.4.84.82\/~museumsbanen\/?page_id=7069"},"modified":"2025-09-02T10:29:27","modified_gmt":"2025-09-02T08:29:27","slug":"lokomotiver-og-vogne","status":"publish","type":"page","link":"https:\/\/museumsbanen.dk\/de\/historie\/lokomotiver-og-vogne\/","title":{"rendered":"Lokomotiven und Waggons"},"content":{"rendered":"<div data-elementor-type=\"wp-page\" data-elementor-id=\"7069\" class=\"elementor elementor-7069\" data-elementor-post-type=\"page\">\n\t\t\t\t<div class=\"elementor-element elementor-element-e1cdc5a e-flex e-con-boxed e-con e-parent\" data-id=\"e1cdc5a\" data-element_type=\"container\" data-e-type=\"container\">\n\t\t\t\t\t<div class=\"e-con-inner\">\n\t\t\t\t<div class=\"elementor-element elementor-element-898182e elementor-widget elementor-widget-spacer\" data-id=\"898182e\" data-element_type=\"widget\" data-e-type=\"widget\" data-widget_type=\"spacer.default\">\n\t\t\t\t<div class=\"elementor-widget-container\">\n\t\t\t\t\t\t\t<div class=\"elementor-spacer\">\n\t\t\t<div class=\"elementor-spacer-inner\"><\/div>\n\t\t<\/div>\n\t\t\t\t\t\t<\/div>\n\t\t\t\t<\/div>\n\t\t\t\t\t<\/div>\n\t\t\t\t<\/div>\n\t\t<div class=\"elementor-element elementor-element-ff01f48 e-flex e-con-boxed e-con e-parent\" data-id=\"ff01f48\" data-element_type=\"container\" data-e-type=\"container\">\n\t\t\t\t\t<div class=\"e-con-inner\">\n\t\t\t\t<div class=\"elementor-element elementor-element-259287f top-image-carousel elementor-widget elementor-widget-image-carousel\" data-id=\"259287f\" data-element_type=\"widget\" data-e-type=\"widget\" data-settings=\"{&quot;slides_to_show&quot;:&quot;1&quot;,&quot;navigation&quot;:&quot;none&quot;,&quot;autoplay&quot;:&quot;yes&quot;,&quot;pause_on_hover&quot;:&quot;yes&quot;,&quot;pause_on_interaction&quot;:&quot;yes&quot;,&quot;autoplay_speed&quot;:5000,&quot;infinite&quot;:&quot;yes&quot;,&quot;effect&quot;:&quot;slide&quot;,&quot;speed&quot;:500}\" data-widget_type=\"image-carousel.default\">\n\t\t\t\t<div class=\"elementor-widget-container\">\n\t\t\t\t\t\t\t<div class=\"elementor-image-carousel-wrapper swiper\" role=\"region\" aria-roledescription=\"carousel\" aria-label=\"Bilderkarussell\" dir=\"ltr\">\n\t\t\t<div class=\"elementor-image-carousel swiper-wrapper\" aria-live=\"off\">\n\t\t\t\t\t\t\t\t<div class=\"swiper-slide\" role=\"group\" aria-roledescription=\"slide\" aria-label=\"1 von 1\"><figure class=\"swiper-slide-inner\"><img decoding=\"async\" class=\"swiper-slide-image\" src=\"https:\/\/museumsbanen.dk\/wp-content\/uploads\/20240129_140136a-1.jpg\" alt=\"Nr.11 med to godsvogne i oversk\u00e6ring.\" \/><figcaption class=\"elementor-image-carousel-caption\">Nr. 11 mit zwei G\u00fcterwagen in Kreuzung.<\/figcaption><\/figure><\/div>\t\t\t<\/div>\n\t\t\t\t\t<\/div>\n\t\t\t\t\t\t<\/div>\n\t\t\t\t<\/div>\n\t\t\t\t\t<\/div>\n\t\t\t\t<\/div>\n\t\t<div class=\"elementor-element elementor-element-7d8d7ca e-flex e-con-boxed e-con e-parent\" data-id=\"7d8d7ca\" data-element_type=\"container\" data-e-type=\"container\">\n\t\t\t\t\t<div class=\"e-con-inner\">\n\t\t\t\t<div class=\"elementor-element elementor-element-e4f4020 elementor-widget elementor-widget-text-editor\" data-id=\"e4f4020\" data-element_type=\"widget\" data-e-type=\"widget\" data-widget_type=\"text-editor.default\">\n\t\t\t\t<div class=\"elementor-widget-container\">\n\t\t\t\t\t\t\t\t\t<p>Im Laufe der Jahre hat die Museumseisenbahn eine einzigartige Sammlung von Dampflokomotiven, Diesellokomotiven und Waggons aus der Zeit von 1869 bis 1935 aufgebaut, haupts\u00e4chlich von d\u00e4nischen Privatbahnen. Erw\u00e4hnenswert sind eine der \u00e4ltesten betriebsbereiten Dampflokomotiven D\u00e4nemarks, KI\u00d8GE (Krauss 761\/1879), und unsere neueste Dampflokomotive LJ Nr. 19 (Henschel 17887\/1920). Ebenso die \u00e4lteste Diesellokomotive der Welt, LJ M Nr. 1 (DEVA 16\/1921).<\/p><p><a href=\"https:\/\/museumsbanen.dk\/wp-content\/uploads\/Traekkraft-Hjs-2023.pdf\" target=\"_blank\" rel=\"noopener\">Die Liste aller Lokomotiven finden Sie hier<\/a><\/p>\t\t\t\t\t\t\t\t<\/div>\n\t\t\t\t<\/div>\n\t\t\t\t\t<\/div>\n\t\t\t\t<\/div>\n\t\t<div class=\"elementor-element elementor-element-ea19ef9 red-border-section e-flex e-con-boxed e-con e-parent\" data-id=\"ea19ef9\" data-element_type=\"container\" data-e-type=\"container\">\n\t\t\t\t\t<div class=\"e-con-inner\">\n\t\t<div class=\"elementor-element elementor-element-568ec8f1 e-con-full red-border-box e-flex e-con e-child\" data-id=\"568ec8f1\" data-element_type=\"container\" data-e-type=\"container\" data-settings=\"{&quot;background_background&quot;:&quot;classic&quot;}\">\n\t\t<div class=\"elementor-element elementor-element-2e86cb0e e-con-full image-part e-flex e-con e-child\" data-id=\"2e86cb0e\" data-element_type=\"container\" data-e-type=\"container\">\n\t\t\t\t<div class=\"elementor-element elementor-element-59e6113e red-border-image elementor-widget elementor-widget-image\" data-id=\"59e6113e\" data-element_type=\"widget\" data-e-type=\"widget\" data-widget_type=\"image.default\">\n\t\t\t\t<div class=\"elementor-widget-container\">\n\t\t\t\t\t\t\t\t\t\t\t\t\t\t\t<img fetchpriority=\"high\" decoding=\"async\" width=\"768\" height=\"1024\" src=\"https:\/\/museumsbanen.dk\/wp-content\/uploads\/1000007464-768x1024.jpg\" class=\"attachment-large size-large wp-image-8179\" alt=\"\" srcset=\"https:\/\/museumsbanen.dk\/wp-content\/uploads\/1000007464-768x1024.jpg 768w, https:\/\/museumsbanen.dk\/wp-content\/uploads\/1000007464-225x300.jpg 225w, https:\/\/museumsbanen.dk\/wp-content\/uploads\/1000007464-1152x1536.jpg 1152w, https:\/\/museumsbanen.dk\/wp-content\/uploads\/1000007464-1536x2048.jpg 1536w, https:\/\/museumsbanen.dk\/wp-content\/uploads\/1000007464-9x12.jpg 9w, https:\/\/museumsbanen.dk\/wp-content\/uploads\/1000007464-scaled.jpg 1920w\" sizes=\"(max-width: 768px) 100vw, 768px\" \/>\t\t\t\t\t\t\t\t\t\t\t\t\t\t\t<\/div>\n\t\t\t\t<\/div>\n\t\t\t\t<\/div>\n\t\t<div class=\"elementor-element elementor-element-1f6edf4b e-con-full text-part e-flex e-con e-child\" data-id=\"1f6edf4b\" data-element_type=\"container\" data-e-type=\"container\">\n\t\t\t\t<div class=\"elementor-element elementor-element-c7c086e elementor-widget elementor-widget-heading\" data-id=\"c7c086e\" data-element_type=\"widget\" data-e-type=\"widget\" data-widget_type=\"heading.default\">\n\t\t\t\t<div class=\"elementor-widget-container\">\n\t\t\t\t\t<h2 class=\"elementor-heading-title elementor-size-default\">&quot;KI\u00d8GE&quot;<\/h2>\t\t\t\t<\/div>\n\t\t\t\t<\/div>\n\t\t\t\t<div class=\"elementor-element elementor-element-48c4725a elementor-widget elementor-widget-text-editor\" data-id=\"48c4725a\" data-element_type=\"widget\" data-e-type=\"widget\" data-widget_type=\"text-editor.default\">\n\t\t\t\t<div class=\"elementor-widget-container\">\n\t\t\t\t\t\t\t\t\t<p>Baujahr: 1879<br \/>Baustelle: Krauss<br \/>Build-Nummer: 761<br \/>Dienstgewicht: 18,3 t<br \/>L\u00e4nge bis 6100 mm<br \/>Antriebsraddurchmesser: 800 mm<br \/>Kesseldruck: 12 kg\/cm2<br \/>H\u00f6chstgeschwindigkeit: 30 km\/h<\/p>\t\t\t\t\t\t\t\t<\/div>\n\t\t\t\t<\/div>\n\t\t\t\t<\/div>\n\t\t\t\t<\/div>\n\t\t\t\t\t<\/div>\n\t\t\t\t<\/div>\n\t\t<div class=\"elementor-element elementor-element-5b596fc0 red-border-section e-flex e-con-boxed e-con e-parent\" data-id=\"5b596fc0\" data-element_type=\"container\" data-e-type=\"container\">\n\t\t\t\t\t<div class=\"e-con-inner\">\n\t\t<div class=\"elementor-element elementor-element-a1f932e e-con-full red-border-box e-flex e-con e-child\" data-id=\"a1f932e\" data-element_type=\"container\" data-e-type=\"container\" data-settings=\"{&quot;background_background&quot;:&quot;classic&quot;}\">\n\t\t<div class=\"elementor-element elementor-element-5e9df91b e-con-full text-part e-flex e-con e-child\" data-id=\"5e9df91b\" data-element_type=\"container\" data-e-type=\"container\">\n\t\t\t\t<div class=\"elementor-element elementor-element-76e34f85 elementor-widget elementor-widget-heading\" data-id=\"76e34f85\" data-element_type=\"widget\" data-e-type=\"widget\" data-widget_type=\"heading.default\">\n\t\t\t\t<div class=\"elementor-widget-container\">\n\t\t\t\t\t<h2 class=\"elementor-heading-title elementor-size-default\">Die Karren<\/h2>\t\t\t\t<\/div>\n\t\t\t\t<\/div>\n\t\t\t\t<div class=\"elementor-element elementor-element-4985a164 elementor-widget elementor-widget-text-editor\" data-id=\"4985a164\" data-element_type=\"widget\" data-e-type=\"widget\" data-widget_type=\"text-editor.default\">\n\t\t\t\t<div class=\"elementor-widget-container\">\n\t\t\t\t\t\t\t\t\t<p>Die Waggons aus der Zeit von 1869 bis 1917 weisen viele spannende Details auf und sind alle unterschiedlich. Es gibt Reisezugwagen mit sch\u00f6nen Erste-Klasse-Abteilen mit Pl\u00fcschsofas und Abteilen der dritten Klasse. Erste-Klasse-Abteile mit gl\u00e4nzenden Holzsitzen. Der Warentransport erfolgt im Lieferwagen \u2013 im Gro\u00dfen und Ganzen ist die alte Betriebsweise erhalten geblieben.<\/p>\t\t\t\t\t\t\t\t<\/div>\n\t\t\t\t<\/div>\n\t\t\t\t<div class=\"elementor-element elementor-element-2a6bcfc4 elementor-widget elementor-widget-button\" data-id=\"2a6bcfc4\" data-element_type=\"widget\" data-e-type=\"widget\" data-widget_type=\"button.default\">\n\t\t\t\t<div class=\"elementor-widget-container\">\n\t\t\t\t\t\t\t\t\t<div class=\"elementor-button-wrapper\">\n\t\t\t\t\t<a class=\"elementor-button elementor-button-link elementor-size-sm elementor-animation-grow\" href=\"https:\/\/museumsbanen.dk\/wp-content\/uploads\/Vogne-Hjs.pdf\" target=\"_blank\">\n\t\t\t\t\t\t<span class=\"elementor-button-content-wrapper\">\n\t\t\t\t\t\t\t\t\t<span class=\"elementor-button-text\">Die Liste aller Wagen finden Sie hier<\/span>\n\t\t\t\t\t<\/span>\n\t\t\t\t\t<\/a>\n\t\t\t\t<\/div>\n\t\t\t\t\t\t\t\t<\/div>\n\t\t\t\t<\/div>\n\t\t\t\t<\/div>\n\t\t<div class=\"elementor-element elementor-element-3e6540c1 e-con-full image-part e-flex e-con e-child\" data-id=\"3e6540c1\" data-element_type=\"container\" data-e-type=\"container\">\n\t\t\t\t<div class=\"elementor-element elementor-element-b123c50 elementor-widget elementor-widget-image\" data-id=\"b123c50\" data-element_type=\"widget\" data-e-type=\"widget\" data-widget_type=\"image.default\">\n\t\t\t\t<div class=\"elementor-widget-container\">\n\t\t\t\t\t\t\t\t\t\t\t\t\t\t\t<img decoding=\"async\" width=\"800\" height=\"600\" src=\"https:\/\/museumsbanen.dk\/wp-content\/uploads\/DSC00442-1024x768.jpg\" class=\"attachment-large size-large wp-image-8347\" alt=\"\" srcset=\"https:\/\/museumsbanen.dk\/wp-content\/uploads\/DSC00442-1024x768.jpg 1024w, https:\/\/museumsbanen.dk\/wp-content\/uploads\/DSC00442-300x225.jpg 300w, https:\/\/museumsbanen.dk\/wp-content\/uploads\/DSC00442-768x576.jpg 768w, https:\/\/museumsbanen.dk\/wp-content\/uploads\/DSC00442-1536x1152.jpg 1536w, https:\/\/museumsbanen.dk\/wp-content\/uploads\/DSC00442-2048x1536.jpg 2048w, https:\/\/museumsbanen.dk\/wp-content\/uploads\/DSC00442-16x12.jpg 16w\" sizes=\"(max-width: 800px) 100vw, 800px\" \/>\t\t\t\t\t\t\t\t\t\t\t\t\t\t\t<\/div>\n\t\t\t\t<\/div>\n\t\t\t\t<\/div>\n\t\t\t\t<\/div>\n\t\t\t\t\t<\/div>\n\t\t\t\t<\/div>\n\t\t\t\t<\/div>","protected":false},"excerpt":{"rendered":"<p>Nr.11 med to godsvogne i oversk\u00e6ring. Gennem \u00e5rene har Museumsbanen opbygget en unik samling af damplokomotiver, diesellokomotiver og vogne fra perioden 1869 &#8211; 1935, fortrinsvis fra danske privatbaner. N\u00e6vnes skal [&hellip;]<\/p>\n","protected":false},"author":1,"featured_media":0,"parent":6860,"menu_order":0,"comment_status":"closed","ping_status":"closed","template":"","meta":{"inline_featured_image":false,"footnotes":""},"class_list":["post-7069","page","type-page","status-publish","hentry"],"yoast_head":"<!-- This site is optimized with the Yoast SEO plugin v27.4 - https:\/\/yoast.com\/product\/yoast-seo-wordpress\/ -->\n<title>Lokomotiver og vogne - Museumsbanen Maribo-Bandholm<\/title>\n<meta name=\"robots\" content=\"index, follow, max-snippet:-1, max-image-preview:large, max-video-preview:-1\" \/>\n<link rel=\"canonical\" href=\"https:\/\/museumsbanen.dk\/de\/historie\/lokomotiver-og-vogne\/\" \/>\n<meta property=\"og:locale\" content=\"de_DE\" \/>\n<meta property=\"og:type\" content=\"article\" \/>\n<meta property=\"og:title\" content=\"Lokomotiver og vogne - Museumsbanen Maribo-Bandholm\" \/>\n<meta property=\"og:description\" content=\"Nr.11 med to godsvogne i oversk\u00e6ring. Gennem \u00e5rene har Museumsbanen opbygget en unik samling af damplokomotiver, diesellokomotiver og vogne fra perioden 1869 &#8211; 1935, fortrinsvis fra danske privatbaner. N\u00e6vnes skal [&hellip;]\" \/>\n<meta property=\"og:url\" content=\"https:\/\/museumsbanen.dk\/de\/historie\/lokomotiver-og-vogne\/\" \/>\n<meta property=\"og:site_name\" content=\"Museumsbanen Maribo-Bandholm\" \/>\n<meta property=\"article:publisher\" content=\"https:\/\/www.facebook.com\/groups\/177166785691991\/\" \/>\n<meta property=\"article:modified_time\" content=\"2025-09-02T08:29:27+00:00\" \/>\n<meta property=\"og:image\" content=\"https:\/\/museumsbanen.dk\/wp-content\/uploads\/20240129_140136a-1.jpg\" \/>\n<meta name=\"twitter:card\" content=\"summary_large_image\" \/>\n<meta name=\"twitter:label1\" content=\"Gesch\u00e4tzte Lesezeit\" \/>\n\t<meta name=\"twitter:data1\" content=\"2\u00a0Minuten\" \/>\n<script type=\"application\/ld+json\" class=\"yoast-schema-graph\">{\"@context\":\"https:\\\/\\\/schema.org\",\"@graph\":[{\"@type\":\"WebPage\",\"@id\":\"https:\\\/\\\/museumsbanen.dk\\\/historie\\\/lokomotiver-og-vogne\\\/\",\"url\":\"https:\\\/\\\/museumsbanen.dk\\\/historie\\\/lokomotiver-og-vogne\\\/\",\"name\":\"Lokomotiver og vogne - Museumsbanen Maribo-Bandholm\",\"isPartOf\":{\"@id\":\"https:\\\/\\\/museumsbanen.dk\\\/#website\"},\"primaryImageOfPage\":{\"@id\":\"https:\\\/\\\/museumsbanen.dk\\\/historie\\\/lokomotiver-og-vogne\\\/#primaryimage\"},\"image\":{\"@id\":\"https:\\\/\\\/museumsbanen.dk\\\/historie\\\/lokomotiver-og-vogne\\\/#primaryimage\"},\"thumbnailUrl\":\"https:\\\/\\\/museumsbanen.dk\\\/wp-content\\\/uploads\\\/20240129_140136a-1.jpg\",\"datePublished\":\"2025-04-29T09:25:05+00:00\",\"dateModified\":\"2025-09-02T08:29:27+00:00\",\"breadcrumb\":{\"@id\":\"https:\\\/\\\/museumsbanen.dk\\\/historie\\\/lokomotiver-og-vogne\\\/#breadcrumb\"},\"inLanguage\":\"de\",\"potentialAction\":[{\"@type\":\"ReadAction\",\"target\":[\"https:\\\/\\\/museumsbanen.dk\\\/historie\\\/lokomotiver-og-vogne\\\/\"]}]},{\"@type\":\"ImageObject\",\"inLanguage\":\"de\",\"@id\":\"https:\\\/\\\/museumsbanen.dk\\\/historie\\\/lokomotiver-og-vogne\\\/#primaryimage\",\"url\":\"https:\\\/\\\/museumsbanen.dk\\\/wp-content\\\/uploads\\\/20240129_140136a-1.jpg\",\"contentUrl\":\"https:\\\/\\\/museumsbanen.dk\\\/wp-content\\\/uploads\\\/20240129_140136a-1.jpg\"},{\"@type\":\"BreadcrumbList\",\"@id\":\"https:\\\/\\\/museumsbanen.dk\\\/historie\\\/lokomotiver-og-vogne\\\/#breadcrumb\",\"itemListElement\":[{\"@type\":\"ListItem\",\"position\":1,\"name\":\"Hjem\",\"item\":\"https:\\\/\\\/museumsbanen.dk\\\/\"},{\"@type\":\"ListItem\",\"position\":2,\"name\":\"Historie\",\"item\":\"https:\\\/\\\/museumsbanen.dk\\\/historie\\\/\"},{\"@type\":\"ListItem\",\"position\":3,\"name\":\"Lokomotiver og vogne\"}]},{\"@type\":\"WebSite\",\"@id\":\"https:\\\/\\\/museumsbanen.dk\\\/#website\",\"url\":\"https:\\\/\\\/museumsbanen.dk\\\/\",\"name\":\"Museumsbanen Bandholm-Maribo\",\"description\":\"\",\"publisher\":{\"@id\":\"https:\\\/\\\/museumsbanen.dk\\\/#organization\"},\"potentialAction\":[{\"@type\":\"SearchAction\",\"target\":{\"@type\":\"EntryPoint\",\"urlTemplate\":\"https:\\\/\\\/museumsbanen.dk\\\/?s={search_term_string}\"},\"query-input\":{\"@type\":\"PropertyValueSpecification\",\"valueRequired\":true,\"valueName\":\"search_term_string\"}}],\"inLanguage\":\"de\"},{\"@type\":\"Organization\",\"@id\":\"https:\\\/\\\/museumsbanen.dk\\\/#organization\",\"name\":\"Museumsbanen Maribo-Bandholm, Dansk Jernbane-Klub\",\"url\":\"https:\\\/\\\/museumsbanen.dk\\\/\",\"logo\":{\"@type\":\"ImageObject\",\"inLanguage\":\"de\",\"@id\":\"https:\\\/\\\/museumsbanen.dk\\\/#\\\/schema\\\/logo\\\/image\\\/\",\"url\":\"https:\\\/\\\/museumsbanen.dk\\\/wp-content\\\/uploads\\\/logo.png\",\"contentUrl\":\"https:\\\/\\\/museumsbanen.dk\\\/wp-content\\\/uploads\\\/logo.png\",\"width\":347,\"height\":220,\"caption\":\"Museumsbanen Maribo-Bandholm, Dansk Jernbane-Klub\"},\"image\":{\"@id\":\"https:\\\/\\\/museumsbanen.dk\\\/#\\\/schema\\\/logo\\\/image\\\/\"},\"sameAs\":[\"https:\\\/\\\/www.facebook.com\\\/groups\\\/177166785691991\\\/\",\"https:\\\/\\\/www.instagram.com\\\/museumsbanen_maribo_bandholm\\\/\",\"https:\\\/\\\/www.youtube.com\\\/@museumsbanenmaribo-bandhol8830\"]}]}<\/script>\n<!-- \/ Yoast SEO plugin. -->","yoast_head_json":{"title":"Lokomotiven und Waggons - Maribo-Bandholm Museumseisenbahn","robots":{"index":"index","follow":"follow","max-snippet":"max-snippet:-1","max-image-preview":"max-image-preview:large","max-video-preview":"max-video-preview:-1"},"canonical":"https:\/\/museumsbanen.dk\/de\/historie\/lokomotiver-og-vogne\/","og_locale":"de_DE","og_type":"article","og_title":"Lokomotiver og vogne - Museumsbanen Maribo-Bandholm","og_description":"Nr.11 med to godsvogne i oversk\u00e6ring. Gennem \u00e5rene har Museumsbanen opbygget en unik samling af damplokomotiver, diesellokomotiver og vogne fra perioden 1869 &#8211; 1935, fortrinsvis fra danske privatbaner. N\u00e6vnes skal [&hellip;]","og_url":"https:\/\/museumsbanen.dk\/de\/historie\/lokomotiver-og-vogne\/","og_site_name":"Museumsbanen Maribo-Bandholm","article_publisher":"https:\/\/www.facebook.com\/groups\/177166785691991\/","article_modified_time":"2025-09-02T08:29:27+00:00","og_image":[{"url":"https:\/\/museumsbanen.dk\/wp-content\/uploads\/20240129_140136a-1.jpg","type":"","width":"","height":""}],"twitter_card":"summary_large_image","twitter_misc":{"Gesch\u00e4tzte Lesezeit":"2\u00a0Minuten"},"schema":{"@context":"https:\/\/schema.org","@graph":[{"@type":"WebPage","@id":"https:\/\/museumsbanen.dk\/historie\/lokomotiver-og-vogne\/","url":"https:\/\/museumsbanen.dk\/historie\/lokomotiver-og-vogne\/","name":"Lokomotiven und Waggons - Maribo-Bandholm Museumseisenbahn","isPartOf":{"@id":"https:\/\/museumsbanen.dk\/#website"},"primaryImageOfPage":{"@id":"https:\/\/museumsbanen.dk\/historie\/lokomotiver-og-vogne\/#primaryimage"},"image":{"@id":"https:\/\/museumsbanen.dk\/historie\/lokomotiver-og-vogne\/#primaryimage"},"thumbnailUrl":"https:\/\/museumsbanen.dk\/wp-content\/uploads\/20240129_140136a-1.jpg","datePublished":"2025-04-29T09:25:05+00:00","dateModified":"2025-09-02T08:29:27+00:00","breadcrumb":{"@id":"https:\/\/museumsbanen.dk\/historie\/lokomotiver-og-vogne\/#breadcrumb"},"inLanguage":"de","potentialAction":[{"@type":"ReadAction","target":["https:\/\/museumsbanen.dk\/historie\/lokomotiver-og-vogne\/"]}]},{"@type":"ImageObject","inLanguage":"de","@id":"https:\/\/museumsbanen.dk\/historie\/lokomotiver-og-vogne\/#primaryimage","url":"https:\/\/museumsbanen.dk\/wp-content\/uploads\/20240129_140136a-1.jpg","contentUrl":"https:\/\/museumsbanen.dk\/wp-content\/uploads\/20240129_140136a-1.jpg"},{"@type":"BreadcrumbList","@id":"https:\/\/museumsbanen.dk\/historie\/lokomotiver-og-vogne\/#breadcrumb","itemListElement":[{"@type":"ListItem","position":1,"name":"Hjem","item":"https:\/\/museumsbanen.dk\/"},{"@type":"ListItem","position":2,"name":"Historie","item":"https:\/\/museumsbanen.dk\/historie\/"},{"@type":"ListItem","position":3,"name":"Lokomotiver og vogne"}]},{"@type":"WebSite","@id":"https:\/\/museumsbanen.dk\/#website","url":"https:\/\/museumsbanen.dk\/","name":"Die Bandholm-Maribo-Museumseisenbahn","description":"","publisher":{"@id":"https:\/\/museumsbanen.dk\/#organization"},"potentialAction":[{"@type":"SearchAction","target":{"@type":"EntryPoint","urlTemplate":"https:\/\/museumsbanen.dk\/?s={search_term_string}"},"query-input":{"@type":"PropertyValueSpecification","valueRequired":true,"valueName":"search_term_string"}}],"inLanguage":"de"},{"@type":"Organization","@id":"https:\/\/museumsbanen.dk\/#organization","name":"Museumsbahn Maribo-Bandholm, D\u00e4nischer Eisenbahnclub","url":"https:\/\/museumsbanen.dk\/","logo":{"@type":"ImageObject","inLanguage":"de","@id":"https:\/\/museumsbanen.dk\/#\/schema\/logo\/image\/","url":"https:\/\/museumsbanen.dk\/wp-content\/uploads\/logo.png","contentUrl":"https:\/\/museumsbanen.dk\/wp-content\/uploads\/logo.png","width":347,"height":220,"caption":"Museumsbanen Maribo-Bandholm, Dansk Jernbane-Klub"},"image":{"@id":"https:\/\/museumsbanen.dk\/#\/schema\/logo\/image\/"},"sameAs":["https:\/\/www.facebook.com\/groups\/177166785691991\/","https:\/\/www.instagram.com\/museumsbanen_maribo_bandholm\/","https:\/\/www.youtube.com\/@museumsbanenmaribo-bandhol8830"]}]}},"_links":{"self":[{"href":"https:\/\/museumsbanen.dk\/de\/wp-json\/wp\/v2\/pages\/7069","targetHints":{"allow":["GET"]}}],"collection":[{"href":"https:\/\/museumsbanen.dk\/de\/wp-json\/wp\/v2\/pages"}],"about":[{"href":"https:\/\/museumsbanen.dk\/de\/wp-json\/wp\/v2\/types\/page"}],"author":[{"embeddable":true,"href":"https:\/\/museumsbanen.dk\/de\/wp-json\/wp\/v2\/users\/1"}],"replies":[{"embeddable":true,"href":"https:\/\/museumsbanen.dk\/de\/wp-json\/wp\/v2\/comments?post=7069"}],"version-history":[{"count":3,"href":"https:\/\/museumsbanen.dk\/de\/wp-json\/wp\/v2\/pages\/7069\/revisions"}],"predecessor-version":[{"id":9306,"href":"https:\/\/museumsbanen.dk\/de\/wp-json\/wp\/v2\/pages\/7069\/revisions\/9306"}],"up":[{"embeddable":true,"href":"https:\/\/museumsbanen.dk\/de\/wp-json\/wp\/v2\/pages\/6860"}],"wp:attachment":[{"href":"https:\/\/museumsbanen.dk\/de\/wp-json\/wp\/v2\/media?parent=7069"}],"curies":[{"name":"wp","href":"https:\/\/api.w.org\/{rel}","templated":true}]}}