{"id":7269,"date":"2025-04-29T15:12:48","date_gmt":"2025-04-29T13:12:48","guid":{"rendered":"http:\/\/46.4.84.82\/~museumsbanen\/?page_id=7269"},"modified":"2025-06-13T08:55:48","modified_gmt":"2025-06-13T06:55:48","slug":"kontaktformular","status":"publish","type":"page","link":"https:\/\/museumsbanen.dk\/de\/kundeservice\/kontaktformular\/","title":{"rendered":"Kontakt"},"content":{"rendered":"<div data-elementor-type=\"wp-page\" data-elementor-id=\"7269\" class=\"elementor elementor-7269\" data-elementor-post-type=\"page\">\n\t\t\t\t<div class=\"elementor-element elementor-element-e1cdc5a e-flex e-con-boxed e-con e-parent\" data-id=\"e1cdc5a\" data-element_type=\"container\" data-e-type=\"container\">\n\t\t\t\t\t<div class=\"e-con-inner\">\n\t\t\t\t<div class=\"elementor-element elementor-element-9b21878 elementor-widget elementor-widget-spacer\" data-id=\"9b21878\" data-element_type=\"widget\" data-e-type=\"widget\" data-widget_type=\"spacer.default\">\n\t\t\t\t<div class=\"elementor-widget-container\">\n\t\t\t\t\t\t\t<div class=\"elementor-spacer\">\n\t\t\t<div class=\"elementor-spacer-inner\"><\/div>\n\t\t<\/div>\n\t\t\t\t\t\t<\/div>\n\t\t\t\t<\/div>\n\t\t\t\t\t<\/div>\n\t\t\t\t<\/div>\n\t\t<div class=\"elementor-element elementor-element-ff01f48 e-flex e-con-boxed e-con e-parent\" data-id=\"ff01f48\" data-element_type=\"container\" data-e-type=\"container\">\n\t\t\t\t\t<div class=\"e-con-inner\">\n\t\t\t\t<div class=\"elementor-element elementor-element-259287f top-image-carousel elementor-widget elementor-widget-image-carousel\" data-id=\"259287f\" data-element_type=\"widget\" data-e-type=\"widget\" data-settings=\"{&quot;slides_to_show&quot;:&quot;1&quot;,&quot;navigation&quot;:&quot;none&quot;,&quot;autoplay&quot;:&quot;yes&quot;,&quot;pause_on_hover&quot;:&quot;yes&quot;,&quot;pause_on_interaction&quot;:&quot;yes&quot;,&quot;autoplay_speed&quot;:5000,&quot;infinite&quot;:&quot;yes&quot;,&quot;effect&quot;:&quot;slide&quot;,&quot;speed&quot;:500}\" data-widget_type=\"image-carousel.default\">\n\t\t\t\t<div class=\"elementor-widget-container\">\n\t\t\t\t\t\t\t<div class=\"elementor-image-carousel-wrapper swiper\" role=\"region\" aria-roledescription=\"carousel\" aria-label=\"Bilderkarussell\" dir=\"ltr\">\n\t\t\t<div class=\"elementor-image-carousel swiper-wrapper\" aria-live=\"off\">\n\t\t\t\t\t\t\t\t<div class=\"swiper-slide\" role=\"group\" aria-roledescription=\"slide\" aria-label=\"1 von 1\"><figure class=\"swiper-slide-inner\"><img decoding=\"async\" class=\"swiper-slide-image\" src=\"https:\/\/museumsbanen.dk\/wp-content\/uploads\/GX010106_1748365781824-scaled.jpg\" alt=\"GX010106_1748365781824\" \/><\/figure><\/div>\t\t\t<\/div>\n\t\t\t\t\t<\/div>\n\t\t\t\t\t\t<\/div>\n\t\t\t\t<\/div>\n\t\t\t\t\t<\/div>\n\t\t\t\t<\/div>\n\t\t<div class=\"elementor-element elementor-element-7d8d7ca full-width-text e-flex e-con-boxed e-con e-parent\" data-id=\"7d8d7ca\" data-element_type=\"container\" data-e-type=\"container\">\n\t\t\t\t\t<div class=\"e-con-inner\">\n\t\t\t\t<div class=\"elementor-element elementor-element-e4f4020 elementor-widget elementor-widget-text-editor\" data-id=\"e4f4020\" data-element_type=\"widget\" data-e-type=\"widget\" data-widget_type=\"text-editor.default\">\n\t\t\t\t<div class=\"elementor-widget-container\">\n\t\t\t\t\t\t\t\t\t<p>Wenn Sie direkt an Museumsbanen schreiben m\u00fcssen, k\u00f6nnen Sie das Formular auf dieser Seite verwenden.<\/p><p>Sobald wir Ihre Anfrage bearbeitet haben, melden wir uns bei Ihnen.<\/p>\t\t\t\t\t\t\t\t<\/div>\n\t\t\t\t<\/div>\n\t\t\t\t<div class=\"elementor-element elementor-element-4d8549b elementor-widget elementor-widget-jet-form-builder-form\" data-id=\"4d8549b\" data-element_type=\"widget\" data-e-type=\"widget\" data-widget_type=\"jet-form-builder-form.default\">\n\t\t\t\t<div class=\"elementor-widget-container\">\n\t\t\t\t\t<link rel='stylesheet' id='wp-block-library-css' href='https:\/\/museumsbanen.dk\/wp-includes\/css\/dist\/block-library\/style.min.css?ver=6.9.4' media='all' \/>\n<style id=\"jet-form-builder-7345-inline-css\"><\/style><form  class=\"jet-form-builder layout-column submit-type-ajax\" action=\"https:\/\/museumsbanen.dk\/de\/wp-json\/wp\/v2\/pages\/7269\/?4cl8HY=z22kCapgx5&#038;method=reload\" method=\"POST\" data-form-id=\"7345\" data-layout=\"column\" enctype=\"multipart\/form-data\" novalidate=\"null\" ssr_validation_method=\"rest\" data-trp-original-action=\"https:\/\/museumsbanen.dk\/de\/wp-json\/wp\/v2\/pages\/7269\/?4cl8HY=z22kCapgx5&amp;method=reload\">\r\n<input type=\"hidden\" name=\"_jfb_current_render_states[]\" value=\"DEFAULT.STATE\" data-jfb-sync \/><input type=\"hidden\" class=\"jet-form-builder__field hidden-field\" name=\"_jet_engine_booking_form_id\" data-field-name=\"_jet_engine_booking_form_id\" value=\"7345\">\n<input type=\"hidden\" class=\"jet-form-builder__field hidden-field\" name=\"_jet_engine_refer\" data-field-name=\"_jet_engine_refer\" value=\"https:\/\/museumsbanen.dk\/de\/wp-json\/wp\/v2\/pages\/7269\/\">\n<input type=\"hidden\" class=\"jet-form-builder__field hidden-field\" name=\"__queried_post_id\" data-field-name=\"__queried_post_id\" value=\"7269\">\n<div  class=\"jet-form-builder-row field-type-text-field\" >\n<div class=\"jet-form-builder__label\">\r\n<div class=\"jet-form-builder__label-text\">Vollst\u00e4ndiger Name: <span class=\"jet-form-builder__required\">*<\/span><\/div><\/div><div class=\"jet-form-builder__field-wrap\">\n\t\t\t\t<input required=\"required\" name=\"fulde_navn\" id=\"fulde_navn\" type=\"text\" data-field-name=\"fulde_navn\" class=\"jet-form-builder__field text-field\" data-jfb-sync=\"null\" autocomplete=\"off_Y41cZOl8\">\n\t\t\t\t\t<\/div>\n<\/div>\n\n<div  class=\"jet-form-builder-row field-type-text-field\" >\n<div class=\"jet-form-builder__label\">\r\n<div class=\"jet-form-builder__label-text\">E-Mail: <span class=\"jet-form-builder__required\">*<\/span><\/div><\/div><div class=\"jet-form-builder__field-wrap\">\n\t\t\t\t<input required=\"required\" name=\"email\" id=\"email\" type=\"email\" data-field-name=\"email\" class=\"jet-form-builder__field text-field\" data-jfb-sync=\"null\" autocomplete=\"off_Ad4lwuXq\">\n\t\t\t\t\t<\/div>\n<\/div>\n\n<div  class=\"jet-form-builder-row field-type-text-field\" >\n<div class=\"jet-form-builder__label\">\r\n<div class=\"jet-form-builder__label-text\">Telefonnummer: <span class=\"jet-form-builder__required\">*<\/span><\/div><\/div><div class=\"jet-form-builder__field-wrap\">\n\t\t\t\t<input required=\"required\" name=\"telefonnummer\" id=\"telefonnummer\" type=\"tel\" data-field-name=\"telefonnummer\" class=\"jet-form-builder__field text-field\" data-jfb-sync=\"null\" autocomplete=\"off_EOYnc6GQ\">\n\t\t\t\t\t<\/div>\n<\/div>\n\n<div  class=\"jet-form-builder-row field-type-textarea-field\" >\n<div class=\"jet-form-builder__label\">\r\n<div class=\"jet-form-builder__label-text\">Nachricht: <span class=\"jet-form-builder__required\">*<\/span><\/div><\/div><div class=\"jet-form-builder__field-wrap\">\n\t\t<textarea class=\"jet-form-builder__field textarea-field\" required=\"required\" name=\"besked\" data-field-name=\"besked\" id=\"besked\" data-jfb-sync=\"null\"><\/textarea>\n\t<\/div>\n<\/div>\n\n<div class=\"jfb-visually-hidden\" tabindex=\"-1\"><div class=\"jet-form-builder__field-wrap\">\n\t\t\t\t<input name=\"_email\" id=\"_email\" type=\"email\" data-field-name=\"_email\" class=\"jet-form-builder__field text-field\" data-jfb-sync=\"null\" autocomplete=\"off_0EkRzrKf\">\n\t\t\t\t\t<\/div><\/div><div  class=\"jet-form-builder-row field-type-submit-field\" >\n\t<div data-type=\"submit\" class=\"jet-form-builder__action-button-wrapper jet-form-builder__submit-wrap\">\n\t<button class=\"jet-form-builder__action-button jet-form-builder__submit submit-type-ajax\" type=\"submit\">Schicken<\/button>\n\t<\/div>\n\t\n<\/div>\n\n\n<p><\/p>\n\t<div class=\"jet-form-builder-messages-wrap\" data-form-id=\"7345\"><\/div>\n<input type=\"hidden\" name=\"trp-form-language\" value=\"de\"\/><\/form>\n\t\t\t\t<\/div>\n\t\t\t\t<\/div>\n\t\t\t\t\t<\/div>\n\t\t\t\t<\/div>\n\t\t\t\t<\/div>","protected":false},"excerpt":{"rendered":"<p>Har du behov for at skrive direkte til Museumsbanen, kan du bruge formularen p\u00e5 denne side. Vi vender tilbage til dig, n\u00e5r vi har behandlet din foresp\u00f8rgsel. Fulde navn: * [&hellip;]<\/p>\n","protected":false},"author":1,"featured_media":0,"parent":7081,"menu_order":0,"comment_status":"closed","ping_status":"closed","template":"","meta":{"inline_featured_image":false,"footnotes":""},"class_list":["post-7269","page","type-page","status-publish","hentry"],"yoast_head":"<!-- This site is optimized with the Yoast SEO plugin v27.4 - https:\/\/yoast.com\/product\/yoast-seo-wordpress\/ -->\n<title>Kontakt - Museumsbanen Maribo-Bandholm<\/title>\n<meta name=\"robots\" content=\"index, follow, max-snippet:-1, max-image-preview:large, max-video-preview:-1\" \/>\n<link rel=\"canonical\" href=\"https:\/\/museumsbanen.dk\/de\/kundeservice\/kontaktformular\/\" \/>\n<meta property=\"og:locale\" content=\"de_DE\" \/>\n<meta property=\"og:type\" content=\"article\" \/>\n<meta property=\"og:title\" content=\"Kontakt - Museumsbanen Maribo-Bandholm\" \/>\n<meta property=\"og:description\" content=\"Har du behov for at skrive direkte til Museumsbanen, kan du bruge formularen p\u00e5 denne side. Vi vender tilbage til dig, n\u00e5r vi har behandlet din foresp\u00f8rgsel. Fulde navn: * [&hellip;]\" \/>\n<meta property=\"og:url\" content=\"https:\/\/museumsbanen.dk\/de\/kundeservice\/kontaktformular\/\" \/>\n<meta property=\"og:site_name\" content=\"Museumsbanen Maribo-Bandholm\" \/>\n<meta property=\"article:publisher\" content=\"https:\/\/www.facebook.com\/groups\/177166785691991\/\" \/>\n<meta property=\"article:modified_time\" content=\"2025-06-13T06:55:48+00:00\" \/>\n<meta property=\"og:image\" content=\"https:\/\/museumsbanen.dk\/wp-content\/uploads\/GX010106_1748365781824-scaled.jpg\" \/>\n<meta name=\"twitter:card\" content=\"summary_large_image\" \/>\n<meta name=\"twitter:label1\" content=\"Gesch\u00e4tzte Lesezeit\" \/>\n\t<meta name=\"twitter:data1\" content=\"1\u00a0Minute\" \/>\n<script type=\"application\/ld+json\" class=\"yoast-schema-graph\">{\"@context\":\"https:\\\/\\\/schema.org\",\"@graph\":[{\"@type\":\"WebPage\",\"@id\":\"https:\\\/\\\/museumsbanen.dk\\\/kundeservice\\\/kontaktformular\\\/\",\"url\":\"https:\\\/\\\/museumsbanen.dk\\\/kundeservice\\\/kontaktformular\\\/\",\"name\":\"Kontakt - Museumsbanen Maribo-Bandholm\",\"isPartOf\":{\"@id\":\"https:\\\/\\\/museumsbanen.dk\\\/#website\"},\"primaryImageOfPage\":{\"@id\":\"https:\\\/\\\/museumsbanen.dk\\\/kundeservice\\\/kontaktformular\\\/#primaryimage\"},\"image\":{\"@id\":\"https:\\\/\\\/museumsbanen.dk\\\/kundeservice\\\/kontaktformular\\\/#primaryimage\"},\"thumbnailUrl\":\"https:\\\/\\\/museumsbanen.dk\\\/wp-content\\\/uploads\\\/GX010106_1748365781824-scaled.jpg\",\"datePublished\":\"2025-04-29T13:12:48+00:00\",\"dateModified\":\"2025-06-13T06:55:48+00:00\",\"breadcrumb\":{\"@id\":\"https:\\\/\\\/museumsbanen.dk\\\/kundeservice\\\/kontaktformular\\\/#breadcrumb\"},\"inLanguage\":\"de\",\"potentialAction\":[{\"@type\":\"ReadAction\",\"target\":[\"https:\\\/\\\/museumsbanen.dk\\\/kundeservice\\\/kontaktformular\\\/\"]}]},{\"@type\":\"ImageObject\",\"inLanguage\":\"de\",\"@id\":\"https:\\\/\\\/museumsbanen.dk\\\/kundeservice\\\/kontaktformular\\\/#primaryimage\",\"url\":\"https:\\\/\\\/museumsbanen.dk\\\/wp-content\\\/uploads\\\/GX010106_1748365781824-scaled.jpg\",\"contentUrl\":\"https:\\\/\\\/museumsbanen.dk\\\/wp-content\\\/uploads\\\/GX010106_1748365781824-scaled.jpg\"},{\"@type\":\"BreadcrumbList\",\"@id\":\"https:\\\/\\\/museumsbanen.dk\\\/kundeservice\\\/kontaktformular\\\/#breadcrumb\",\"itemListElement\":[{\"@type\":\"ListItem\",\"position\":1,\"name\":\"Hjem\",\"item\":\"https:\\\/\\\/museumsbanen.dk\\\/\"},{\"@type\":\"ListItem\",\"position\":2,\"name\":\"Kundeservice\",\"item\":\"https:\\\/\\\/museumsbanen.dk\\\/kundeservice\\\/\"},{\"@type\":\"ListItem\",\"position\":3,\"name\":\"Kontakt\"}]},{\"@type\":\"WebSite\",\"@id\":\"https:\\\/\\\/museumsbanen.dk\\\/#website\",\"url\":\"https:\\\/\\\/museumsbanen.dk\\\/\",\"name\":\"Museumsbanen Bandholm-Maribo\",\"description\":\"\",\"publisher\":{\"@id\":\"https:\\\/\\\/museumsbanen.dk\\\/#organization\"},\"potentialAction\":[{\"@type\":\"SearchAction\",\"target\":{\"@type\":\"EntryPoint\",\"urlTemplate\":\"https:\\\/\\\/museumsbanen.dk\\\/?s={search_term_string}\"},\"query-input\":{\"@type\":\"PropertyValueSpecification\",\"valueRequired\":true,\"valueName\":\"search_term_string\"}}],\"inLanguage\":\"de\"},{\"@type\":\"Organization\",\"@id\":\"https:\\\/\\\/museumsbanen.dk\\\/#organization\",\"name\":\"Museumsbanen Maribo-Bandholm, Dansk Jernbane-Klub\",\"url\":\"https:\\\/\\\/museumsbanen.dk\\\/\",\"logo\":{\"@type\":\"ImageObject\",\"inLanguage\":\"de\",\"@id\":\"https:\\\/\\\/museumsbanen.dk\\\/#\\\/schema\\\/logo\\\/image\\\/\",\"url\":\"https:\\\/\\\/museumsbanen.dk\\\/wp-content\\\/uploads\\\/logo.png\",\"contentUrl\":\"https:\\\/\\\/museumsbanen.dk\\\/wp-content\\\/uploads\\\/logo.png\",\"width\":347,\"height\":220,\"caption\":\"Museumsbanen Maribo-Bandholm, Dansk Jernbane-Klub\"},\"image\":{\"@id\":\"https:\\\/\\\/museumsbanen.dk\\\/#\\\/schema\\\/logo\\\/image\\\/\"},\"sameAs\":[\"https:\\\/\\\/www.facebook.com\\\/groups\\\/177166785691991\\\/\",\"https:\\\/\\\/www.instagram.com\\\/museumsbanen_maribo_bandholm\\\/\",\"https:\\\/\\\/www.youtube.com\\\/@museumsbanenmaribo-bandhol8830\"]}]}<\/script>\n<!-- \/ Yoast SEO plugin. -->","yoast_head_json":{"title":"Kontakt - Museumseisenbahn Maribo-Bandholm","robots":{"index":"index","follow":"follow","max-snippet":"max-snippet:-1","max-image-preview":"max-image-preview:large","max-video-preview":"max-video-preview:-1"},"canonical":"https:\/\/museumsbanen.dk\/de\/kundeservice\/kontaktformular\/","og_locale":"de_DE","og_type":"article","og_title":"Kontakt - Museumsbanen Maribo-Bandholm","og_description":"Har du behov for at skrive direkte til Museumsbanen, kan du bruge formularen p\u00e5 denne side. Vi vender tilbage til dig, n\u00e5r vi har behandlet din foresp\u00f8rgsel. Fulde navn: * [&hellip;]","og_url":"https:\/\/museumsbanen.dk\/de\/kundeservice\/kontaktformular\/","og_site_name":"Museumsbanen Maribo-Bandholm","article_publisher":"https:\/\/www.facebook.com\/groups\/177166785691991\/","article_modified_time":"2025-06-13T06:55:48+00:00","og_image":[{"url":"https:\/\/museumsbanen.dk\/wp-content\/uploads\/GX010106_1748365781824-scaled.jpg","type":"","width":"","height":""}],"twitter_card":"summary_large_image","twitter_misc":{"Gesch\u00e4tzte Lesezeit":"1\u00a0Minute"},"schema":{"@context":"https:\/\/schema.org","@graph":[{"@type":"WebPage","@id":"https:\/\/museumsbanen.dk\/kundeservice\/kontaktformular\/","url":"https:\/\/museumsbanen.dk\/kundeservice\/kontaktformular\/","name":"Kontakt - Museumseisenbahn Maribo-Bandholm","isPartOf":{"@id":"https:\/\/museumsbanen.dk\/#website"},"primaryImageOfPage":{"@id":"https:\/\/museumsbanen.dk\/kundeservice\/kontaktformular\/#primaryimage"},"image":{"@id":"https:\/\/museumsbanen.dk\/kundeservice\/kontaktformular\/#primaryimage"},"thumbnailUrl":"https:\/\/museumsbanen.dk\/wp-content\/uploads\/GX010106_1748365781824-scaled.jpg","datePublished":"2025-04-29T13:12:48+00:00","dateModified":"2025-06-13T06:55:48+00:00","breadcrumb":{"@id":"https:\/\/museumsbanen.dk\/kundeservice\/kontaktformular\/#breadcrumb"},"inLanguage":"de","potentialAction":[{"@type":"ReadAction","target":["https:\/\/museumsbanen.dk\/kundeservice\/kontaktformular\/"]}]},{"@type":"ImageObject","inLanguage":"de","@id":"https:\/\/museumsbanen.dk\/kundeservice\/kontaktformular\/#primaryimage","url":"https:\/\/museumsbanen.dk\/wp-content\/uploads\/GX010106_1748365781824-scaled.jpg","contentUrl":"https:\/\/museumsbanen.dk\/wp-content\/uploads\/GX010106_1748365781824-scaled.jpg"},{"@type":"BreadcrumbList","@id":"https:\/\/museumsbanen.dk\/kundeservice\/kontaktformular\/#breadcrumb","itemListElement":[{"@type":"ListItem","position":1,"name":"Hjem","item":"https:\/\/museumsbanen.dk\/"},{"@type":"ListItem","position":2,"name":"Kundeservice","item":"https:\/\/museumsbanen.dk\/kundeservice\/"},{"@type":"ListItem","position":3,"name":"Kontakt"}]},{"@type":"WebSite","@id":"https:\/\/museumsbanen.dk\/#website","url":"https:\/\/museumsbanen.dk\/","name":"Die Bandholm-Maribo-Museumseisenbahn","description":"","publisher":{"@id":"https:\/\/museumsbanen.dk\/#organization"},"potentialAction":[{"@type":"SearchAction","target":{"@type":"EntryPoint","urlTemplate":"https:\/\/museumsbanen.dk\/?s={search_term_string}"},"query-input":{"@type":"PropertyValueSpecification","valueRequired":true,"valueName":"search_term_string"}}],"inLanguage":"de"},{"@type":"Organization","@id":"https:\/\/museumsbanen.dk\/#organization","name":"Museumsbahn Maribo-Bandholm, D\u00e4nischer Eisenbahnclub","url":"https:\/\/museumsbanen.dk\/","logo":{"@type":"ImageObject","inLanguage":"de","@id":"https:\/\/museumsbanen.dk\/#\/schema\/logo\/image\/","url":"https:\/\/museumsbanen.dk\/wp-content\/uploads\/logo.png","contentUrl":"https:\/\/museumsbanen.dk\/wp-content\/uploads\/logo.png","width":347,"height":220,"caption":"Museumsbanen Maribo-Bandholm, Dansk Jernbane-Klub"},"image":{"@id":"https:\/\/museumsbanen.dk\/#\/schema\/logo\/image\/"},"sameAs":["https:\/\/www.facebook.com\/groups\/177166785691991\/","https:\/\/www.instagram.com\/museumsbanen_maribo_bandholm\/","https:\/\/www.youtube.com\/@museumsbanenmaribo-bandhol8830"]}]}},"_links":{"self":[{"href":"https:\/\/museumsbanen.dk\/de\/wp-json\/wp\/v2\/pages\/7269","targetHints":{"allow":["GET"]}}],"collection":[{"href":"https:\/\/museumsbanen.dk\/de\/wp-json\/wp\/v2\/pages"}],"about":[{"href":"https:\/\/museumsbanen.dk\/de\/wp-json\/wp\/v2\/types\/page"}],"author":[{"embeddable":true,"href":"https:\/\/museumsbanen.dk\/de\/wp-json\/wp\/v2\/users\/1"}],"replies":[{"embeddable":true,"href":"https:\/\/museumsbanen.dk\/de\/wp-json\/wp\/v2\/comments?post=7269"}],"version-history":[{"count":3,"href":"https:\/\/museumsbanen.dk\/de\/wp-json\/wp\/v2\/pages\/7269\/revisions"}],"predecessor-version":[{"id":8837,"href":"https:\/\/museumsbanen.dk\/de\/wp-json\/wp\/v2\/pages\/7269\/revisions\/8837"}],"up":[{"embeddable":true,"href":"https:\/\/museumsbanen.dk\/de\/wp-json\/wp\/v2\/pages\/7081"}],"wp:attachment":[{"href":"https:\/\/museumsbanen.dk\/de\/wp-json\/wp\/v2\/media?parent=7269"}],"curies":[{"name":"wp","href":"https:\/\/api.w.org\/{rel}","templated":true}]}}