{"id":7296,"date":"2025-04-29T15:54:29","date_gmt":"2025-04-29T13:54:29","guid":{"rendered":"http:\/\/46.4.84.82\/~museumsbanen\/?page_id=7296"},"modified":"2025-05-28T14:03:49","modified_gmt":"2025-05-28T12:03:49","slug":"gdpr","status":"publish","type":"page","link":"https:\/\/museumsbanen.dk\/de\/gdpr\/","title":{"rendered":"DSGVO"},"content":{"rendered":"<div data-elementor-type=\"wp-page\" data-elementor-id=\"7296\" class=\"elementor elementor-7296\" data-elementor-post-type=\"page\">\n\t\t\t\t<div class=\"elementor-element elementor-element-e1cdc5a e-flex e-con-boxed e-con e-parent\" data-id=\"e1cdc5a\" data-element_type=\"container\" data-e-type=\"container\">\n\t\t\t\t\t<div class=\"e-con-inner\">\n\t\t\t\t<div class=\"elementor-element elementor-element-9b21878 elementor-widget elementor-widget-spacer\" data-id=\"9b21878\" data-element_type=\"widget\" data-e-type=\"widget\" data-widget_type=\"spacer.default\">\n\t\t\t\t<div class=\"elementor-widget-container\">\n\t\t\t\t\t\t\t<div class=\"elementor-spacer\">\n\t\t\t<div class=\"elementor-spacer-inner\"><\/div>\n\t\t<\/div>\n\t\t\t\t\t\t<\/div>\n\t\t\t\t<\/div>\n\t\t\t\t\t<\/div>\n\t\t\t\t<\/div>\n\t\t<div class=\"elementor-element elementor-element-ff01f48 e-flex e-con-boxed e-con e-parent\" data-id=\"ff01f48\" data-element_type=\"container\" data-e-type=\"container\">\n\t\t\t\t\t<div class=\"e-con-inner\">\n\t\t\t\t<div class=\"elementor-element elementor-element-259287f top-image-carousel elementor-widget elementor-widget-image-carousel\" data-id=\"259287f\" data-element_type=\"widget\" data-e-type=\"widget\" data-settings=\"{&quot;slides_to_show&quot;:&quot;1&quot;,&quot;navigation&quot;:&quot;none&quot;,&quot;autoplay&quot;:&quot;yes&quot;,&quot;pause_on_hover&quot;:&quot;yes&quot;,&quot;pause_on_interaction&quot;:&quot;yes&quot;,&quot;autoplay_speed&quot;:5000,&quot;infinite&quot;:&quot;yes&quot;,&quot;effect&quot;:&quot;slide&quot;,&quot;speed&quot;:500}\" data-widget_type=\"image-carousel.default\">\n\t\t\t\t<div class=\"elementor-widget-container\">\n\t\t\t\t\t\t\t<div class=\"elementor-image-carousel-wrapper swiper\" role=\"region\" aria-roledescription=\"carousel\" aria-label=\"Bilderkarussell\" dir=\"ltr\">\n\t\t\t<div class=\"elementor-image-carousel swiper-wrapper\" aria-live=\"off\">\n\t\t\t\t\t\t\t\t<div class=\"swiper-slide\" role=\"group\" aria-roledescription=\"slide\" aria-label=\"1 von 1\"><figure class=\"swiper-slide-inner\"><img decoding=\"async\" class=\"swiper-slide-image\" src=\"https:\/\/museumsbanen.dk\/wp-content\/uploads\/GX010112_1748364784709-scaled.jpg\" alt=\"GX010112_1748364784709\" \/><\/figure><\/div>\t\t\t<\/div>\n\t\t\t\t\t<\/div>\n\t\t\t\t\t\t<\/div>\n\t\t\t\t<\/div>\n\t\t\t\t\t<\/div>\n\t\t\t\t<\/div>\n\t\t<div class=\"elementor-element elementor-element-7d8d7ca e-flex e-con-boxed e-con e-parent\" data-id=\"7d8d7ca\" data-element_type=\"container\" data-e-type=\"container\">\n\t\t\t\t\t<div class=\"e-con-inner\">\n\t\t\t\t<div class=\"elementor-element elementor-element-e4f4020 elementor-widget elementor-widget-text-editor\" data-id=\"e4f4020\" data-element_type=\"widget\" data-e-type=\"widget\" data-widget_type=\"text-editor.default\">\n\t\t\t\t<div class=\"elementor-widget-container\">\n\t\t\t\t\t\t\t\t\t<p><strong>PERS\u00d6NLICHE DATEN UND COOKIE-RICHTLINIE<\/strong>\u00a0<\/p><p>\u00a0<\/p><p><strong>Welche Daten sammelt www.museumsbanen.dk \u00fcber Sie?<\/strong>\u00a0<br \/>Wenn Sie unsere Website besuchen, erfassen wir Ihre IP-Adresse sowie Daten zu Ihrem Betriebssystem, Ihrem Mobilger\u00e4t, Ihrem Internetbrowser und Ihren Aktivit\u00e4ten auf der Website, z. B. welche Seiten Sie aufrufen, Ihre Suchanfragen usw. Wir m\u00f6chten keine sensiblen Daten \u00fcber Sie erfassen, es sei denn, Sie haben uns diese zur Verf\u00fcgung gestellt. Wenn Sie unseren Newsletter abonnieren, erfassen wir Ihren Namen und Ihre E-Mail-Adresse.\u00a0<\/p><p>\u00a0<\/p><p><strong>Wie verwenden wir Ihre Daten?<\/strong>\u00a0<br \/>Wir verwenden Ihre Daten, um ein Profil von Ihnen zu erstellen, Ihnen gezieltes Marketing im Rahmen von Kampagnen anzubieten, Unregelm\u00e4\u00dfigkeiten vorzubeugen und unsere Website zu optimieren. Gem\u00e4\u00df Artikel 6 der Datenschutz-Grundverordnung d\u00fcrfen wir Ihre Daten verarbeiten, wenn:\u00a0<\/p><p><strong>A)<\/strong>Sie haben dem zugestimmt, sich f\u00fcr unseren Newsletter angemeldet und\/oder Cookies akzeptiert\u00a0<br \/><strong><em>B)<\/em>\u202f<\/strong>dies zur Erf\u00fcllung eines mit Ihnen geschlossenen Vertrags erfolgt, oder\u00a0<br \/><strong><em>C)<\/em><\/strong><em>Wir<\/em>\u00a0hat ein berechtigtes Interesse an der Verbesserung und Verwaltung unserer Dienste und Ihrer Zustimmung usw., und dieses Interesse \u00fcberwiegt etwaige Unannehmlichkeiten f\u00fcr Sie.\u00a0<\/p><p>Wenn Sie Ihre Einwilligung widerrufen, werden wir Ihre Daten nur weiter verarbeiten, wenn dies zur Erf\u00fcllung eines Vertrags mit Ihnen erforderlich ist oder auf einer Interessenabw\u00e4gung beruhen kann.\u00a0<\/p><p>\u00a0<\/p><p><strong>Wer erh\u00e4lt Zugriff auf Ihre Daten?<\/strong>\u00a0<br \/>Lieferanten und Dritte, die f\u00fcr uns t\u00e4tig sind, haben m\u00f6glicherweise Zugriff auf Ihre Daten, d\u00fcrfen diese jedoch nur zur Erf\u00fcllung der von uns beauftragten Aufgaben und im Rahmen der oben genannten Zwecke verwenden. Hierzu k\u00f6nnen Unternehmen geh\u00f6ren, die uns im IT- und Kundensupport unterst\u00fctzen.\u00a0<\/p><p>\u00a0<\/p><p><strong>Wie lange speichern wir Daten?<\/strong>\u00a0<br \/>Wir speichern Ihre Daten, solange Sie unsere Dienste nutzen. Die Speicherung ist erforderlich, um die genannten Zwecke oder andere legitime Zwecke und Verpflichtungen zu erf\u00fcllen, beispielsweise die Dokumentation unserer Verarbeitung. Wenn Sie Ihre Einwilligung widerrufen, l\u00f6schen wir Ihre Daten, es sei denn, unsere Verarbeitung kann auf anderer Grundlage fortgesetzt werden. Wir l\u00f6schen Ihre Daten in der Regel sp\u00e4testens \u00bd \u2013 1 Jahr nach Wegfall des Speicherzwecks. Daten \u00fcber Ihr Online-Verhalten werden jedoch bis zu 26 Monate in Google Analytics gespeichert und danach automatisch gel\u00f6scht. Wir haben eine <strong>geeignet<\/strong> und hohen Schutz Ihrer Daten und Rechte.\u00a0<\/p><p>\u00a0<\/p><p><strong>Ihre Rechte<\/strong>\u00a0<br \/>Sie k\u00f6nnen Auskunft \u00fcber Ihre von uns verarbeiteten Daten erhalten und deren Berichtigung, L\u00f6schung oder Einschr\u00e4nkung der Nutzung verlangen. Wenn Sie der Verarbeitung Ihrer Daten zu Recht widersprechen, k\u00f6nnen wir Ihre Daten nicht mehr verarbeiten. In einigen F\u00e4llen k\u00f6nnen die von Ihnen bereitgestellten Daten an Dritte weitergegeben oder \u00fcbermittelt werden. Wenn Sie uns Ihre Einwilligung zum Erhalt von Marketingmaterialien etc. erteilt haben, k\u00f6nnen Sie diese jederzeit widerrufen.<\/p><p>\u00a0<\/p><p><strong>Kontakt und Beschwerden<\/strong>\u00a0<br \/><a href=\"https:\/\/museumsbanen.dk\/de\/\"><strong>www.museumsbanen.dk&#039;s<\/strong><\/a> Der Datenschutzbeauftragte ist Carsten Buhl und kann unter info(snabela)museumsbanen.dk, telefonisch unter +45 40 53 81 25 oder per Post unter S\u00f8ndre Boulevard 105 B, 4930 Maribo kontaktiert werden. Sie k\u00f6nnen sich auch bei der d\u00e4nischen Datenschutzbeh\u00f6rde, Borgergade 28, 5, 1300 Kopenhagen, \u00fcber unsere Datenverarbeitung beschweren.\u00a0<a href=\"mailto:K,%E2%80%AFdt@datatilsynet.dk\">K,<strong>dt@datatilsynet.dk<\/strong><\/a>.\u00a0<\/p><p>\u00a0<\/p><p><strong>\u00c4nderungen<\/strong>\u00a0<br \/>Unsere Datenschutzrichtlinie kann sich \u00e4ndern, ist aber stets auf unserer Website verf\u00fcgbar. Sollten wir unsere Datenschutzrichtlinie \u00e4ndern und dies Auswirkungen auf die Verarbeitung Ihrer Daten haben, werden wir Sie dar\u00fcber informieren.\u00a0<\/p><p>\u00a0<\/p><p><strong>VERWENDUNG VON COOKIES<\/strong><strong>\u00a0<\/strong><\/p><p>Wenn Sie besuchen\u00a0<u><a href=\"https:\/\/museumsbanen.dk\/de\/\">www.museumsbanen.dk<\/a><\/u>Ihr Internetbrowser tauscht Informationen mit unseren Servern aus und hinterl\u00e4sst auf diese Weise elektronische Spuren \u2013 auch COOKIES genannt. Diese Cookies enthalten beispielsweise Informationen \u00fcber:\u00a0<\/p><ul><li>welche Seiten Sie sich bei uns angesehen haben, wann und wie lange<\/li><li>welche Internetbrowser Sie verwenden<\/li><li>Welche Bildschirmaufl\u00f6sung haben Sie?<\/li><li>welches Betriebssystem verwenden Sie<\/li><li>mit welchem Ger\u00e4t Sie die Website besuchen (Computer, Tablet oder Handy)<\/li><li>von welcher anderen Website kommen Sie<\/li><\/ul><p>\u00a0<\/p><p><strong>Was ist ein Cookie?<\/strong>\u00a0<\/p><p>Ein Cookie ist eine kleine Datendatei, die es erm\u00f6glicht, auf dem PC, Smartphone, Tablet o. \u00c4. des Benutzers Informationen zu speichern oder auf bereits gespeicherte Informationen zuzugreifen, um Daten \u00fcber den Benutzer zu erhalten.\u00a0<a href=\"https:\/\/erhvervsstyrelsen.dk\/cookies\">Lesen Sie hier mehr<\/a>\u00a0<\/p><p>Mehr zur Cookie-Regelung erfahren Sie unter\u00a0<a href=\"http:\/\/erhvervsstyrelsen.dk\/cookies\">Die Website der d\u00e4nischen Wirtschaftsbeh\u00f6rde.<\/a>\u00a0<\/p><p>\u00a0<\/p><p><strong>Ihre Zustimmung<\/strong>\u00a0<\/p><p>Bei Ihrem ersten Besuch<u><a href=\"https:\/\/museumsbanen.dk\/de\/\">www.museumsbanen.dk<\/a><\/u>\u00a0Sie werden \u00fcber unsere Verwendung von Cookies informiert und haben die M\u00f6glichkeit, alle Cookies au\u00dfer den technisch notwendigen abzulehnen. Sie m\u00fcssen aktiv ausw\u00e4hlen oder abw\u00e4hlen, welche Cookies wir sammeln und verwenden d\u00fcrfen.\u00a0\u00a0<\/p><p>Sollten Sie Ihre Zustimmung zu Cookies sp\u00e4ter \u00e4ndern, folgen Sie einfach dem Link unten auf dieser Seite, um Ihre Cookies zu l\u00f6schen. Sie haben dann die M\u00f6glichkeit, \u201eNein danke\u201c zu Cookies zu sagen.\u00a0<\/p><p>\u00a0<\/p><p><strong>Cookies l\u00f6schen<\/strong>\u00a0<\/p><p>Wir hoffen, dass Sie Cookies von<u><a href=\"https:\/\/museumsbanen.dk\/de\/\">www.museumsbanen.dk<\/a><\/u>, da sie uns dabei helfen, die Website zu verbessern und Ihnen helfen, nicht immer wieder dieselben Dinge ausw\u00e4hlen zu m\u00fcssen.\u00a0<\/p><p>M\u00f6chten Sie immer noch keine Cookies von<u><a href=\"https:\/\/museumsbanen.dk\/de\/\">www.museumsbanen.dk<\/a><\/u>m\u00fcssen Sie in den Interneteinstellungen Ihres Browsers erweiterte Cookie-Einstellungen ausw\u00e4hlen und hinzuf\u00fcgen<u><a href=\"https:\/\/museumsbanen.dk\/de\/\">www.museumsbanen.dk<\/a><\/u>zur Liste der Websites, deren Cookies Sie blockieren m\u00f6chten. Hier k\u00f6nnen Sie auch einzelne oder verwandte Cookies, die Ihr Browser gespeichert hat, l\u00f6schen.\u00a0<\/p><p>Wenn Sie Ihren Browser so einstellen, dass er Cookies blockiert<u><a href=\"https:\/\/museumsbanen.dk\/de\/\">www.museumsbanen.dk<\/a><\/u>Bitte beachten Sie, dass einige Funktionen der Website m\u00f6glicherweise nicht mehr verf\u00fcgbar sind.\u00a0<\/p><p><a href=\"http:\/\/minecookies.org\/cookiehandtering\/\">Weitere Informationen zum L\u00f6schen aller Cookies finden Sie hier.<\/a>\u00a0<\/p><p>\u00a0<\/p>\t\t\t\t\t\t\t\t<\/div>\n\t\t\t\t<\/div>\n\t\t\t\t\t<\/div>\n\t\t\t\t<\/div>\n\t\t\t\t<\/div>","protected":false},"excerpt":{"rendered":"<p>PERSONDATA- OG COOKIEPOLITIK\u00a0 \u00a0 Hvilke data indsamler www.museumsbanen.dk\u00a0om dig?\u00a0N\u00e5r du bes\u00f8ger\u00a0vores hjemmeside, indsamler vi din IP-adresse og data om dit styresystem, din mobile enhed, din internet-browser og dine aktiviteter p\u00e5 [&hellip;]<\/p>\n","protected":false},"author":1,"featured_media":0,"parent":0,"menu_order":0,"comment_status":"closed","ping_status":"closed","template":"","meta":{"inline_featured_image":false,"footnotes":""},"class_list":["post-7296","page","type-page","status-publish","hentry"],"yoast_head":"<!-- This site is optimized with the Yoast SEO plugin v27.4 - https:\/\/yoast.com\/product\/yoast-seo-wordpress\/ -->\n<title>GDPR - Museumsbanen Maribo-Bandholm<\/title>\n<meta name=\"robots\" content=\"index, follow, max-snippet:-1, max-image-preview:large, max-video-preview:-1\" \/>\n<link rel=\"canonical\" href=\"https:\/\/museumsbanen.dk\/de\/gdpr\/\" \/>\n<meta property=\"og:locale\" content=\"de_DE\" \/>\n<meta property=\"og:type\" content=\"article\" \/>\n<meta property=\"og:title\" content=\"GDPR - Museumsbanen Maribo-Bandholm\" \/>\n<meta property=\"og:description\" content=\"PERSONDATA- OG COOKIEPOLITIK\u00a0 \u00a0 Hvilke data indsamler www.museumsbanen.dk\u00a0om dig?\u00a0N\u00e5r du bes\u00f8ger\u00a0vores hjemmeside, indsamler vi din IP-adresse og data om dit styresystem, din mobile enhed, din internet-browser og dine aktiviteter p\u00e5 [&hellip;]\" \/>\n<meta property=\"og:url\" content=\"https:\/\/museumsbanen.dk\/de\/gdpr\/\" \/>\n<meta property=\"og:site_name\" content=\"Museumsbanen Maribo-Bandholm\" \/>\n<meta property=\"article:publisher\" content=\"https:\/\/www.facebook.com\/groups\/177166785691991\/\" \/>\n<meta property=\"article:modified_time\" content=\"2025-05-28T12:03:49+00:00\" \/>\n<meta property=\"og:image\" content=\"https:\/\/museumsbanen.dk\/wp-content\/uploads\/GX010112_1748364784709-scaled.jpg\" \/>\n<meta name=\"twitter:card\" content=\"summary_large_image\" \/>\n<meta name=\"twitter:label1\" content=\"Gesch\u00e4tzte Lesezeit\" \/>\n\t<meta name=\"twitter:data1\" content=\"5\u00a0Minuten\" \/>\n<script type=\"application\/ld+json\" class=\"yoast-schema-graph\">{\"@context\":\"https:\\\/\\\/schema.org\",\"@graph\":[{\"@type\":\"WebPage\",\"@id\":\"https:\\\/\\\/museumsbanen.dk\\\/gdpr\\\/\",\"url\":\"https:\\\/\\\/museumsbanen.dk\\\/gdpr\\\/\",\"name\":\"GDPR - Museumsbanen Maribo-Bandholm\",\"isPartOf\":{\"@id\":\"https:\\\/\\\/museumsbanen.dk\\\/#website\"},\"primaryImageOfPage\":{\"@id\":\"https:\\\/\\\/museumsbanen.dk\\\/gdpr\\\/#primaryimage\"},\"image\":{\"@id\":\"https:\\\/\\\/museumsbanen.dk\\\/gdpr\\\/#primaryimage\"},\"thumbnailUrl\":\"https:\\\/\\\/museumsbanen.dk\\\/wp-content\\\/uploads\\\/GX010112_1748364784709-scaled.jpg\",\"datePublished\":\"2025-04-29T13:54:29+00:00\",\"dateModified\":\"2025-05-28T12:03:49+00:00\",\"breadcrumb\":{\"@id\":\"https:\\\/\\\/museumsbanen.dk\\\/gdpr\\\/#breadcrumb\"},\"inLanguage\":\"de\",\"potentialAction\":[{\"@type\":\"ReadAction\",\"target\":[\"https:\\\/\\\/museumsbanen.dk\\\/gdpr\\\/\"]}]},{\"@type\":\"ImageObject\",\"inLanguage\":\"de\",\"@id\":\"https:\\\/\\\/museumsbanen.dk\\\/gdpr\\\/#primaryimage\",\"url\":\"https:\\\/\\\/museumsbanen.dk\\\/wp-content\\\/uploads\\\/GX010112_1748364784709-scaled.jpg\",\"contentUrl\":\"https:\\\/\\\/museumsbanen.dk\\\/wp-content\\\/uploads\\\/GX010112_1748364784709-scaled.jpg\"},{\"@type\":\"BreadcrumbList\",\"@id\":\"https:\\\/\\\/museumsbanen.dk\\\/gdpr\\\/#breadcrumb\",\"itemListElement\":[{\"@type\":\"ListItem\",\"position\":1,\"name\":\"Hjem\",\"item\":\"https:\\\/\\\/museumsbanen.dk\\\/\"},{\"@type\":\"ListItem\",\"position\":2,\"name\":\"GDPR\"}]},{\"@type\":\"WebSite\",\"@id\":\"https:\\\/\\\/museumsbanen.dk\\\/#website\",\"url\":\"https:\\\/\\\/museumsbanen.dk\\\/\",\"name\":\"Museumsbanen Bandholm-Maribo\",\"description\":\"\",\"publisher\":{\"@id\":\"https:\\\/\\\/museumsbanen.dk\\\/#organization\"},\"potentialAction\":[{\"@type\":\"SearchAction\",\"target\":{\"@type\":\"EntryPoint\",\"urlTemplate\":\"https:\\\/\\\/museumsbanen.dk\\\/?s={search_term_string}\"},\"query-input\":{\"@type\":\"PropertyValueSpecification\",\"valueRequired\":true,\"valueName\":\"search_term_string\"}}],\"inLanguage\":\"de\"},{\"@type\":\"Organization\",\"@id\":\"https:\\\/\\\/museumsbanen.dk\\\/#organization\",\"name\":\"Museumsbanen Maribo-Bandholm, Dansk Jernbane-Klub\",\"url\":\"https:\\\/\\\/museumsbanen.dk\\\/\",\"logo\":{\"@type\":\"ImageObject\",\"inLanguage\":\"de\",\"@id\":\"https:\\\/\\\/museumsbanen.dk\\\/#\\\/schema\\\/logo\\\/image\\\/\",\"url\":\"https:\\\/\\\/museumsbanen.dk\\\/wp-content\\\/uploads\\\/logo.png\",\"contentUrl\":\"https:\\\/\\\/museumsbanen.dk\\\/wp-content\\\/uploads\\\/logo.png\",\"width\":347,\"height\":220,\"caption\":\"Museumsbanen Maribo-Bandholm, Dansk Jernbane-Klub\"},\"image\":{\"@id\":\"https:\\\/\\\/museumsbanen.dk\\\/#\\\/schema\\\/logo\\\/image\\\/\"},\"sameAs\":[\"https:\\\/\\\/www.facebook.com\\\/groups\\\/177166785691991\\\/\",\"https:\\\/\\\/www.instagram.com\\\/museumsbanen_maribo_bandholm\\\/\",\"https:\\\/\\\/www.youtube.com\\\/@museumsbanenmaribo-bandhol8830\"]}]}<\/script>\n<!-- \/ Yoast SEO plugin. -->","yoast_head_json":{"title":"DSGVO \u2013 Museumseisenbahn Maribo-Bandholm","robots":{"index":"index","follow":"follow","max-snippet":"max-snippet:-1","max-image-preview":"max-image-preview:large","max-video-preview":"max-video-preview:-1"},"canonical":"https:\/\/museumsbanen.dk\/de\/gdpr\/","og_locale":"de_DE","og_type":"article","og_title":"GDPR - Museumsbanen Maribo-Bandholm","og_description":"PERSONDATA- OG COOKIEPOLITIK\u00a0 \u00a0 Hvilke data indsamler www.museumsbanen.dk\u00a0om dig?\u00a0N\u00e5r du bes\u00f8ger\u00a0vores hjemmeside, indsamler vi din IP-adresse og data om dit styresystem, din mobile enhed, din internet-browser og dine aktiviteter p\u00e5 [&hellip;]","og_url":"https:\/\/museumsbanen.dk\/de\/gdpr\/","og_site_name":"Museumsbanen Maribo-Bandholm","article_publisher":"https:\/\/www.facebook.com\/groups\/177166785691991\/","article_modified_time":"2025-05-28T12:03:49+00:00","og_image":[{"url":"https:\/\/museumsbanen.dk\/wp-content\/uploads\/GX010112_1748364784709-scaled.jpg","type":"","width":"","height":""}],"twitter_card":"summary_large_image","twitter_misc":{"Gesch\u00e4tzte Lesezeit":"5\u00a0Minuten"},"schema":{"@context":"https:\/\/schema.org","@graph":[{"@type":"WebPage","@id":"https:\/\/museumsbanen.dk\/gdpr\/","url":"https:\/\/museumsbanen.dk\/gdpr\/","name":"DSGVO \u2013 Museumseisenbahn Maribo-Bandholm","isPartOf":{"@id":"https:\/\/museumsbanen.dk\/#website"},"primaryImageOfPage":{"@id":"https:\/\/museumsbanen.dk\/gdpr\/#primaryimage"},"image":{"@id":"https:\/\/museumsbanen.dk\/gdpr\/#primaryimage"},"thumbnailUrl":"https:\/\/museumsbanen.dk\/wp-content\/uploads\/GX010112_1748364784709-scaled.jpg","datePublished":"2025-04-29T13:54:29+00:00","dateModified":"2025-05-28T12:03:49+00:00","breadcrumb":{"@id":"https:\/\/museumsbanen.dk\/gdpr\/#breadcrumb"},"inLanguage":"de","potentialAction":[{"@type":"ReadAction","target":["https:\/\/museumsbanen.dk\/gdpr\/"]}]},{"@type":"ImageObject","inLanguage":"de","@id":"https:\/\/museumsbanen.dk\/gdpr\/#primaryimage","url":"https:\/\/museumsbanen.dk\/wp-content\/uploads\/GX010112_1748364784709-scaled.jpg","contentUrl":"https:\/\/museumsbanen.dk\/wp-content\/uploads\/GX010112_1748364784709-scaled.jpg"},{"@type":"BreadcrumbList","@id":"https:\/\/museumsbanen.dk\/gdpr\/#breadcrumb","itemListElement":[{"@type":"ListItem","position":1,"name":"Hjem","item":"https:\/\/museumsbanen.dk\/"},{"@type":"ListItem","position":2,"name":"GDPR"}]},{"@type":"WebSite","@id":"https:\/\/museumsbanen.dk\/#website","url":"https:\/\/museumsbanen.dk\/","name":"Die Bandholm-Maribo-Museumseisenbahn","description":"","publisher":{"@id":"https:\/\/museumsbanen.dk\/#organization"},"potentialAction":[{"@type":"SearchAction","target":{"@type":"EntryPoint","urlTemplate":"https:\/\/museumsbanen.dk\/?s={search_term_string}"},"query-input":{"@type":"PropertyValueSpecification","valueRequired":true,"valueName":"search_term_string"}}],"inLanguage":"de"},{"@type":"Organization","@id":"https:\/\/museumsbanen.dk\/#organization","name":"Museumsbahn Maribo-Bandholm, D\u00e4nischer Eisenbahnclub","url":"https:\/\/museumsbanen.dk\/","logo":{"@type":"ImageObject","inLanguage":"de","@id":"https:\/\/museumsbanen.dk\/#\/schema\/logo\/image\/","url":"https:\/\/museumsbanen.dk\/wp-content\/uploads\/logo.png","contentUrl":"https:\/\/museumsbanen.dk\/wp-content\/uploads\/logo.png","width":347,"height":220,"caption":"Museumsbanen Maribo-Bandholm, Dansk Jernbane-Klub"},"image":{"@id":"https:\/\/museumsbanen.dk\/#\/schema\/logo\/image\/"},"sameAs":["https:\/\/www.facebook.com\/groups\/177166785691991\/","https:\/\/www.instagram.com\/museumsbanen_maribo_bandholm\/","https:\/\/www.youtube.com\/@museumsbanenmaribo-bandhol8830"]}]}},"_links":{"self":[{"href":"https:\/\/museumsbanen.dk\/de\/wp-json\/wp\/v2\/pages\/7296","targetHints":{"allow":["GET"]}}],"collection":[{"href":"https:\/\/museumsbanen.dk\/de\/wp-json\/wp\/v2\/pages"}],"about":[{"href":"https:\/\/museumsbanen.dk\/de\/wp-json\/wp\/v2\/types\/page"}],"author":[{"embeddable":true,"href":"https:\/\/museumsbanen.dk\/de\/wp-json\/wp\/v2\/users\/1"}],"replies":[{"embeddable":true,"href":"https:\/\/museumsbanen.dk\/de\/wp-json\/wp\/v2\/comments?post=7296"}],"version-history":[{"count":3,"href":"https:\/\/museumsbanen.dk\/de\/wp-json\/wp\/v2\/pages\/7296\/revisions"}],"predecessor-version":[{"id":8316,"href":"https:\/\/museumsbanen.dk\/de\/wp-json\/wp\/v2\/pages\/7296\/revisions\/8316"}],"wp:attachment":[{"href":"https:\/\/museumsbanen.dk\/de\/wp-json\/wp\/v2\/media?parent=7296"}],"curies":[{"name":"wp","href":"https:\/\/api.w.org\/{rel}","templated":true}]}}