{"id":7389,"date":"2025-04-29T16:41:47","date_gmt":"2025-04-29T14:41:47","guid":{"rendered":"http:\/\/46.4.84.82\/~museumsbanen\/?page_id=7389"},"modified":"2026-04-06T15:15:46","modified_gmt":"2026-04-06T13:15:46","slug":"arrangementer","status":"publish","type":"page","link":"https:\/\/museumsbanen.dk\/de\/vi-tilbyder\/arrangementer\/","title":{"rendered":"Veranstaltungen"},"content":{"rendered":"<div data-elementor-type=\"wp-page\" data-elementor-id=\"7389\" class=\"elementor elementor-7389\" data-elementor-post-type=\"page\">\n\t\t\t\t<div class=\"elementor-element elementor-element-e1cdc5a e-flex e-con-boxed e-con e-parent\" data-id=\"e1cdc5a\" data-element_type=\"container\" data-e-type=\"container\">\n\t\t\t\t\t<div class=\"e-con-inner\">\n\t\t\t\t<div class=\"elementor-element elementor-element-9b21878 elementor-widget elementor-widget-spacer\" data-id=\"9b21878\" data-element_type=\"widget\" data-e-type=\"widget\" data-widget_type=\"spacer.default\">\n\t\t\t\t<div class=\"elementor-widget-container\">\n\t\t\t\t\t\t\t<div class=\"elementor-spacer\">\n\t\t\t<div class=\"elementor-spacer-inner\"><\/div>\n\t\t<\/div>\n\t\t\t\t\t\t<\/div>\n\t\t\t\t<\/div>\n\t\t\t\t\t<\/div>\n\t\t\t\t<\/div>\n\t\t<div class=\"elementor-element elementor-element-7d8d7ca e-flex e-con-boxed e-con e-parent\" data-id=\"7d8d7ca\" data-element_type=\"container\" data-e-type=\"container\">\n\t\t\t\t\t<div class=\"e-con-inner\">\n\t\t\t\t<div class=\"elementor-element elementor-element-e4f4020 elementor-widget elementor-widget-text-editor\" data-id=\"e4f4020\" data-element_type=\"widget\" data-e-type=\"widget\" data-widget_type=\"text-editor.default\">\n\t\t\t\t<div class=\"elementor-widget-container\">\n\t\t\t\t\t\t\t\t\t<p>Hier finden Sie eine Beschreibung der kommenden Veranstaltungen der Museumsbanen.<\/p><p>Die Veranstaltungen werden mit Beginn des Kartenverkaufs beschrieben.\u00a0\u00a0<\/p>\t\t\t\t\t\t\t\t<\/div>\n\t\t\t\t<\/div>\n\t\t\t\t<div class=\"elementor-element elementor-element-5816129 elementor-align-center elementor-widget elementor-widget-button\" data-id=\"5816129\" data-element_type=\"widget\" data-e-type=\"widget\" data-widget_type=\"button.default\">\n\t\t\t\t<div class=\"elementor-widget-container\">\n\t\t\t\t\t\t\t\t\t<div class=\"elementor-button-wrapper\">\n\t\t\t\t\t<a class=\"elementor-button elementor-button-link elementor-size-sm\" href=\"https:\/\/museumsbanen.dk\/de\/billetsalg\/\">\n\t\t\t\t\t\t<span class=\"elementor-button-content-wrapper\">\n\t\t\t\t\t\t\t\t\t<span class=\"elementor-button-text\">Siehe Kalender<\/span>\n\t\t\t\t\t<\/span>\n\t\t\t\t\t<\/a>\n\t\t\t\t<\/div>\n\t\t\t\t\t\t\t\t<\/div>\n\t\t\t\t<\/div>\n\t\t\t\t\t<\/div>\n\t\t\t\t<\/div>\n\t\t<div class=\"elementor-element elementor-element-0e6ce98 e-flex e-con-boxed e-con e-parent\" data-id=\"0e6ce98\" data-element_type=\"container\" data-e-type=\"container\">\n\t\t\t\t\t<div class=\"e-con-inner\">\n\t\t\t\t<div class=\"elementor-element elementor-element-4a67ca6 elementor-widget elementor-widget-heading\" data-id=\"4a67ca6\" data-element_type=\"widget\" data-e-type=\"widget\" data-widget_type=\"heading.default\">\n\t\t\t\t<div class=\"elementor-widget-container\">\n\t\t\t\t\t<h2 class=\"elementor-heading-title elementor-size-default\">Neuigkeiten des Jahres<\/h2>\t\t\t\t<\/div>\n\t\t\t\t<\/div>\n\t\t\t\t\t<\/div>\n\t\t\t\t<\/div>\n\t\t<div class=\"elementor-element elementor-element-eab0f75 e-flex e-con-boxed e-con e-parent\" data-id=\"eab0f75\" data-element_type=\"container\" data-e-type=\"container\">\n\t\t\t\t\t<div class=\"e-con-inner\">\n\t\t\t\t\t<\/div>\n\t\t\t\t<\/div>\n\t\t<div class=\"elementor-element elementor-element-f004a35 e-flex e-con-boxed e-con e-parent\" data-id=\"f004a35\" data-element_type=\"container\" data-e-type=\"container\">\n\t\t\t\t\t<div class=\"e-con-inner\">\n\t\t\t\t<div class=\"elementor-element elementor-element-a981464 elementor-widget elementor-widget-heading\" data-id=\"a981464\" data-element_type=\"widget\" data-e-type=\"widget\" data-widget_type=\"heading.default\">\n\t\t\t\t<div class=\"elementor-widget-container\">\n\t\t\t\t\t<h2 class=\"elementor-heading-title elementor-size-default\">Doppeltes Dampferlebnis \u2013 Dampfzugbesichtigung &amp; historischer Zug<\/h2>\t\t\t\t<\/div>\n\t\t\t\t<\/div>\n\t\t\t\t\t<\/div>\n\t\t\t\t<\/div>\n\t\t<div class=\"elementor-element elementor-element-0697c15 e-flex e-con-boxed e-con e-parent\" data-id=\"0697c15\" data-element_type=\"container\" data-e-type=\"container\">\n\t\t\t\t\t<div class=\"e-con-inner\">\n\t\t\t\t<div class=\"elementor-element elementor-element-6286fb1 elementor-widget elementor-widget-heading\" data-id=\"6286fb1\" data-element_type=\"widget\" data-e-type=\"widget\" data-widget_type=\"heading.default\">\n\t\t\t\t<div class=\"elementor-widget-container\">\n\t\t\t\t\t<h2 class=\"elementor-heading-title elementor-size-default\">\n\n\n\n<\/h2>\t\t\t\t<\/div>\n\t\t\t\t<\/div>\n\t\t\t\t\t<\/div>\n\t\t\t\t<\/div>\n\t\t<div class=\"elementor-element elementor-element-dbffa7b e-flex e-con-boxed e-con e-parent\" data-id=\"dbffa7b\" data-element_type=\"container\" data-e-type=\"container\">\n\t\t\t\t\t<div class=\"e-con-inner\">\n\t\t\t\t<div class=\"elementor-element elementor-element-14cd7c0 elementor-widget elementor-widget-text-editor\" data-id=\"14cd7c0\" data-element_type=\"widget\" data-e-type=\"widget\" data-widget_type=\"text-editor.default\">\n\t\t\t\t<div class=\"elementor-widget-container\">\n\t\t\t\t\t\t\t\t\t<p>\u00a0<\/p><p><span data-contrast=\"auto\">Im Zusammenhang mit dem diesj\u00e4hrigen Dampfloktreffen k\u00f6nnen Sie ein Kombiticket erwerben, das Ihnen den Zugang zum Dampfloktreffen und eine Fahrt mit dem historischen Zug der Maribo\u2013Bandholm Museumsbahn erm\u00f6glicht.<\/span><span data-ccp-props=\"{}\">\u00a0<\/span><\/p><p><span data-contrast=\"auto\">Im Freilichtmuseum k\u00f6nnen Sie die Anf\u00e4nge der Technik hautnah erleben. Die Maschinen sind laut, dampfen und sind faszinierend, und ihre passionierten Besitzer erz\u00e4hlen gerne von der Arbeit, die n\u00f6tig ist, um die historischen Maschinen am Laufen zu halten.<\/span><span data-ccp-props=\"{}\">\u00a0<\/span><\/p><p><span data-contrast=\"auto\">Auf der Fahrt mit der Museumseisenbahn sp\u00fcren Sie die Atmosph\u00e4re des alten Veteranenzuges, w\u00e4hrend die Landschaft vorbeizieht, und w\u00e4hrend Ihres Aufenthalts im alten Bahnhof Bandholm erleben Sie eine Eisenbahnumgebung aus dem Jahr 1920.<\/span><\/p><p><span data-contrast=\"auto\"> Auch hier erkl\u00e4rt Ihnen das Personal gerne, wie der Zugbetrieb aufrechterhalten wird.<\/span><span data-ccp-props=\"{}\">\u00a0<\/span><\/p><p><b><span data-contrast=\"auto\">Der Zug f\u00e4hrt am Samstag, den 30. Mai, zweimal vom Bahnhof Maribo ab, und zwar um 10:15 Uhr und um 14:15 Uhr. Das Ticket gilt f\u00fcr eine Hin- und R\u00fcckfahrt am selben Tag, und Sie k\u00f6nnen frei w\u00e4hlen, welche Abfahrt Sie nehmen m\u00f6chten. <\/span><\/b><\/p><p><b><span data-contrast=\"auto\">Die Tour dauert etwa 1 1\/2 Stunden. Die Eintrittskarte berechtigt zum Besuch des Dampfloktreffens entweder am Samstag oder am Sonntag.<\/span><\/b><span data-ccp-props=\"{}\">\u00a0<\/span><\/p><p><em><b>Museumseisenbahn Maribo-Bandholm<\/b>:\u00a0\u00a0<\/em><\/p><p><span data-contrast=\"auto\">Der Zug f\u00e4hrt am 30. Mai 2026 vom Gleis 2 des Bahnhofs Maribo ab.<\/span><br \/><span data-contrast=\"auto\">Abfahrt: Maribo 10.15 Uhr und Ankunft Maribo 11.45 Uhr<\/span><br \/><span data-contrast=\"auto\">Abfahrt Maribo 14.15 Uhr und Ankunft Maribo 15.45 Uhr<\/span><span data-ccp-props=\"{}\">\u00a0<\/span><\/p><p><em><b>Die alten H\u00e4user:<\/b><\/em><span data-ccp-props=\"{}\">\u00a0<\/span><\/p><p><span data-contrast=\"auto\">Das Steam-Treffen findet am 30. und 31. Mai 2026 zwischen 10:00 und 16:00 Uhr statt.<\/span><span data-ccp-props=\"{}\">\u00a0<\/span><\/p><p style=\"font-weight: 400;\">\u00a0<\/p>\t\t\t\t\t\t\t\t<\/div>\n\t\t\t\t<\/div>\n\t\t\t\t\t<\/div>\n\t\t\t\t<\/div>\n\t\t<div class=\"elementor-element elementor-element-8bcc0e5 e-flex e-con-boxed e-con e-parent\" data-id=\"8bcc0e5\" data-element_type=\"container\" data-e-type=\"container\">\n\t\t\t\t\t<div class=\"e-con-inner\">\n\t\t\t\t<div class=\"elementor-element elementor-element-bec4821 elementor-widget elementor-widget-image\" data-id=\"bec4821\" data-element_type=\"widget\" data-e-type=\"widget\" data-widget_type=\"image.default\">\n\t\t\t\t<div class=\"elementor-widget-container\">\n\t\t\t\t\t\t\t\t\t\t\t\t\t\t\t<img fetchpriority=\"high\" decoding=\"async\" width=\"768\" height=\"1024\" src=\"https:\/\/museumsbanen.dk\/wp-content\/uploads\/IMG_20180527_152208-768x1024.jpg\" class=\"attachment-medium_large size-medium_large wp-image-8552\" alt=\"\" srcset=\"https:\/\/museumsbanen.dk\/wp-content\/uploads\/IMG_20180527_152208-768x1024.jpg 768w, https:\/\/museumsbanen.dk\/wp-content\/uploads\/IMG_20180527_152208-225x300.jpg 225w, https:\/\/museumsbanen.dk\/wp-content\/uploads\/IMG_20180527_152208-1152x1536.jpg 1152w, https:\/\/museumsbanen.dk\/wp-content\/uploads\/IMG_20180527_152208-1536x2048.jpg 1536w, https:\/\/museumsbanen.dk\/wp-content\/uploads\/IMG_20180527_152208-9x12.jpg 9w, https:\/\/museumsbanen.dk\/wp-content\/uploads\/IMG_20180527_152208-scaled.jpg 1920w\" sizes=\"(max-width: 768px) 100vw, 768px\" \/>\t\t\t\t\t\t\t\t\t\t\t\t\t\t\t<\/div>\n\t\t\t\t<\/div>\n\t\t\t\t\t<\/div>\n\t\t\t\t<\/div>\n\t\t\t\t<\/div>","protected":false},"excerpt":{"rendered":"<p>Her finder du en beskrivelse af Museumsbanens kommende arrangementer. Arrangementerne beskrives n\u00e5r billetsalget er \u00e5bent.\u00a0\u00a0 Se kalender \u00c5rets nyhed Dobbelt dampoplevelse \u2013 Damptr\u00e6f &amp; veterantog \u00a0 I forbindelse med \u00e5rets [&hellip;]<\/p>\n","protected":false},"author":1,"featured_media":0,"parent":7338,"menu_order":0,"comment_status":"closed","ping_status":"closed","template":"","meta":{"inline_featured_image":false,"footnotes":""},"class_list":["post-7389","page","type-page","status-publish","hentry"],"yoast_head":"<!-- This site is optimized with the Yoast SEO plugin v27.4 - https:\/\/yoast.com\/product\/yoast-seo-wordpress\/ -->\n<title>Arrangementer - Museumsbanen Maribo-Bandholm<\/title>\n<meta name=\"robots\" content=\"index, follow, max-snippet:-1, max-image-preview:large, max-video-preview:-1\" \/>\n<link rel=\"canonical\" href=\"https:\/\/museumsbanen.dk\/de\/vi-tilbyder\/arrangementer\/\" \/>\n<meta property=\"og:locale\" content=\"de_DE\" \/>\n<meta property=\"og:type\" content=\"article\" \/>\n<meta property=\"og:title\" content=\"Arrangementer - Museumsbanen Maribo-Bandholm\" \/>\n<meta property=\"og:description\" content=\"Her finder du en beskrivelse af Museumsbanens kommende arrangementer. Arrangementerne beskrives n\u00e5r billetsalget er \u00e5bent.\u00a0\u00a0 Se kalender \u00c5rets nyhed Dobbelt dampoplevelse \u2013 Damptr\u00e6f &amp; veterantog \u00a0 I forbindelse med \u00e5rets [&hellip;]\" \/>\n<meta property=\"og:url\" content=\"https:\/\/museumsbanen.dk\/de\/vi-tilbyder\/arrangementer\/\" \/>\n<meta property=\"og:site_name\" content=\"Museumsbanen Maribo-Bandholm\" \/>\n<meta property=\"article:publisher\" content=\"https:\/\/www.facebook.com\/groups\/177166785691991\/\" \/>\n<meta property=\"article:modified_time\" content=\"2026-04-06T13:15:46+00:00\" \/>\n<meta property=\"og:image\" content=\"https:\/\/museumsbanen.dk\/wp-content\/uploads\/IMG_20180527_152208-scaled.jpg\" \/>\n\t<meta property=\"og:image:width\" content=\"1920\" \/>\n\t<meta property=\"og:image:height\" content=\"2560\" \/>\n\t<meta property=\"og:image:type\" content=\"image\/jpeg\" \/>\n<meta name=\"twitter:card\" content=\"summary_large_image\" \/>\n<meta name=\"twitter:label1\" content=\"Gesch\u00e4tzte Lesezeit\" \/>\n\t<meta name=\"twitter:data1\" content=\"2\u00a0Minuten\" \/>\n<script type=\"application\/ld+json\" class=\"yoast-schema-graph\">{\"@context\":\"https:\\\/\\\/schema.org\",\"@graph\":[{\"@type\":\"WebPage\",\"@id\":\"https:\\\/\\\/museumsbanen.dk\\\/vi-tilbyder\\\/arrangementer\\\/\",\"url\":\"https:\\\/\\\/museumsbanen.dk\\\/vi-tilbyder\\\/arrangementer\\\/\",\"name\":\"Arrangementer - Museumsbanen Maribo-Bandholm\",\"isPartOf\":{\"@id\":\"https:\\\/\\\/museumsbanen.dk\\\/#website\"},\"primaryImageOfPage\":{\"@id\":\"https:\\\/\\\/museumsbanen.dk\\\/vi-tilbyder\\\/arrangementer\\\/#primaryimage\"},\"image\":{\"@id\":\"https:\\\/\\\/museumsbanen.dk\\\/vi-tilbyder\\\/arrangementer\\\/#primaryimage\"},\"thumbnailUrl\":\"https:\\\/\\\/museumsbanen.dk\\\/wp-content\\\/uploads\\\/IMG_20180527_152208-768x1024.jpg\",\"datePublished\":\"2025-04-29T14:41:47+00:00\",\"dateModified\":\"2026-04-06T13:15:46+00:00\",\"breadcrumb\":{\"@id\":\"https:\\\/\\\/museumsbanen.dk\\\/vi-tilbyder\\\/arrangementer\\\/#breadcrumb\"},\"inLanguage\":\"de\",\"potentialAction\":[{\"@type\":\"ReadAction\",\"target\":[\"https:\\\/\\\/museumsbanen.dk\\\/vi-tilbyder\\\/arrangementer\\\/\"]}]},{\"@type\":\"ImageObject\",\"inLanguage\":\"de\",\"@id\":\"https:\\\/\\\/museumsbanen.dk\\\/vi-tilbyder\\\/arrangementer\\\/#primaryimage\",\"url\":\"https:\\\/\\\/museumsbanen.dk\\\/wp-content\\\/uploads\\\/IMG_20180527_152208-768x1024.jpg\",\"contentUrl\":\"https:\\\/\\\/museumsbanen.dk\\\/wp-content\\\/uploads\\\/IMG_20180527_152208-768x1024.jpg\"},{\"@type\":\"BreadcrumbList\",\"@id\":\"https:\\\/\\\/museumsbanen.dk\\\/vi-tilbyder\\\/arrangementer\\\/#breadcrumb\",\"itemListElement\":[{\"@type\":\"ListItem\",\"position\":1,\"name\":\"Hjem\",\"item\":\"https:\\\/\\\/museumsbanen.dk\\\/\"},{\"@type\":\"ListItem\",\"position\":2,\"name\":\"Vi tilbyder\",\"item\":\"https:\\\/\\\/museumsbanen.dk\\\/vi-tilbyder\\\/\"},{\"@type\":\"ListItem\",\"position\":3,\"name\":\"Arrangementer\"}]},{\"@type\":\"WebSite\",\"@id\":\"https:\\\/\\\/museumsbanen.dk\\\/#website\",\"url\":\"https:\\\/\\\/museumsbanen.dk\\\/\",\"name\":\"Museumsbanen Bandholm-Maribo\",\"description\":\"\",\"publisher\":{\"@id\":\"https:\\\/\\\/museumsbanen.dk\\\/#organization\"},\"potentialAction\":[{\"@type\":\"SearchAction\",\"target\":{\"@type\":\"EntryPoint\",\"urlTemplate\":\"https:\\\/\\\/museumsbanen.dk\\\/?s={search_term_string}\"},\"query-input\":{\"@type\":\"PropertyValueSpecification\",\"valueRequired\":true,\"valueName\":\"search_term_string\"}}],\"inLanguage\":\"de\"},{\"@type\":\"Organization\",\"@id\":\"https:\\\/\\\/museumsbanen.dk\\\/#organization\",\"name\":\"Museumsbanen Maribo-Bandholm, Dansk Jernbane-Klub\",\"url\":\"https:\\\/\\\/museumsbanen.dk\\\/\",\"logo\":{\"@type\":\"ImageObject\",\"inLanguage\":\"de\",\"@id\":\"https:\\\/\\\/museumsbanen.dk\\\/#\\\/schema\\\/logo\\\/image\\\/\",\"url\":\"https:\\\/\\\/museumsbanen.dk\\\/wp-content\\\/uploads\\\/logo.png\",\"contentUrl\":\"https:\\\/\\\/museumsbanen.dk\\\/wp-content\\\/uploads\\\/logo.png\",\"width\":347,\"height\":220,\"caption\":\"Museumsbanen Maribo-Bandholm, Dansk Jernbane-Klub\"},\"image\":{\"@id\":\"https:\\\/\\\/museumsbanen.dk\\\/#\\\/schema\\\/logo\\\/image\\\/\"},\"sameAs\":[\"https:\\\/\\\/www.facebook.com\\\/groups\\\/177166785691991\\\/\",\"https:\\\/\\\/www.instagram.com\\\/museumsbanen_maribo_bandholm\\\/\",\"https:\\\/\\\/www.youtube.com\\\/@museumsbanenmaribo-bandhol8830\"]}]}<\/script>\n<!-- \/ Yoast SEO plugin. -->","yoast_head_json":{"title":"Veranstaltungen - Museumseisenbahn Maribo-Bandholm","robots":{"index":"index","follow":"follow","max-snippet":"max-snippet:-1","max-image-preview":"max-image-preview:large","max-video-preview":"max-video-preview:-1"},"canonical":"https:\/\/museumsbanen.dk\/de\/vi-tilbyder\/arrangementer\/","og_locale":"de_DE","og_type":"article","og_title":"Arrangementer - Museumsbanen Maribo-Bandholm","og_description":"Her finder du en beskrivelse af Museumsbanens kommende arrangementer. Arrangementerne beskrives n\u00e5r billetsalget er \u00e5bent.\u00a0\u00a0 Se kalender \u00c5rets nyhed Dobbelt dampoplevelse \u2013 Damptr\u00e6f &amp; veterantog \u00a0 I forbindelse med \u00e5rets [&hellip;]","og_url":"https:\/\/museumsbanen.dk\/de\/vi-tilbyder\/arrangementer\/","og_site_name":"Museumsbanen Maribo-Bandholm","article_publisher":"https:\/\/www.facebook.com\/groups\/177166785691991\/","article_modified_time":"2026-04-06T13:15:46+00:00","og_image":[{"width":1920,"height":2560,"url":"https:\/\/museumsbanen.dk\/wp-content\/uploads\/IMG_20180527_152208-scaled.jpg","type":"image\/jpeg"}],"twitter_card":"summary_large_image","twitter_misc":{"Gesch\u00e4tzte Lesezeit":"2\u00a0Minuten"},"schema":{"@context":"https:\/\/schema.org","@graph":[{"@type":"WebPage","@id":"https:\/\/museumsbanen.dk\/vi-tilbyder\/arrangementer\/","url":"https:\/\/museumsbanen.dk\/vi-tilbyder\/arrangementer\/","name":"Veranstaltungen - Museumseisenbahn Maribo-Bandholm","isPartOf":{"@id":"https:\/\/museumsbanen.dk\/#website"},"primaryImageOfPage":{"@id":"https:\/\/museumsbanen.dk\/vi-tilbyder\/arrangementer\/#primaryimage"},"image":{"@id":"https:\/\/museumsbanen.dk\/vi-tilbyder\/arrangementer\/#primaryimage"},"thumbnailUrl":"https:\/\/museumsbanen.dk\/wp-content\/uploads\/IMG_20180527_152208-768x1024.jpg","datePublished":"2025-04-29T14:41:47+00:00","dateModified":"2026-04-06T13:15:46+00:00","breadcrumb":{"@id":"https:\/\/museumsbanen.dk\/vi-tilbyder\/arrangementer\/#breadcrumb"},"inLanguage":"de","potentialAction":[{"@type":"ReadAction","target":["https:\/\/museumsbanen.dk\/vi-tilbyder\/arrangementer\/"]}]},{"@type":"ImageObject","inLanguage":"de","@id":"https:\/\/museumsbanen.dk\/vi-tilbyder\/arrangementer\/#primaryimage","url":"https:\/\/museumsbanen.dk\/wp-content\/uploads\/IMG_20180527_152208-768x1024.jpg","contentUrl":"https:\/\/museumsbanen.dk\/wp-content\/uploads\/IMG_20180527_152208-768x1024.jpg"},{"@type":"BreadcrumbList","@id":"https:\/\/museumsbanen.dk\/vi-tilbyder\/arrangementer\/#breadcrumb","itemListElement":[{"@type":"ListItem","position":1,"name":"Hjem","item":"https:\/\/museumsbanen.dk\/"},{"@type":"ListItem","position":2,"name":"Vi tilbyder","item":"https:\/\/museumsbanen.dk\/vi-tilbyder\/"},{"@type":"ListItem","position":3,"name":"Arrangementer"}]},{"@type":"WebSite","@id":"https:\/\/museumsbanen.dk\/#website","url":"https:\/\/museumsbanen.dk\/","name":"Die Bandholm-Maribo-Museumseisenbahn","description":"","publisher":{"@id":"https:\/\/museumsbanen.dk\/#organization"},"potentialAction":[{"@type":"SearchAction","target":{"@type":"EntryPoint","urlTemplate":"https:\/\/museumsbanen.dk\/?s={search_term_string}"},"query-input":{"@type":"PropertyValueSpecification","valueRequired":true,"valueName":"search_term_string"}}],"inLanguage":"de"},{"@type":"Organization","@id":"https:\/\/museumsbanen.dk\/#organization","name":"Museumsbahn Maribo-Bandholm, D\u00e4nischer Eisenbahnclub","url":"https:\/\/museumsbanen.dk\/","logo":{"@type":"ImageObject","inLanguage":"de","@id":"https:\/\/museumsbanen.dk\/#\/schema\/logo\/image\/","url":"https:\/\/museumsbanen.dk\/wp-content\/uploads\/logo.png","contentUrl":"https:\/\/museumsbanen.dk\/wp-content\/uploads\/logo.png","width":347,"height":220,"caption":"Museumsbanen Maribo-Bandholm, Dansk Jernbane-Klub"},"image":{"@id":"https:\/\/museumsbanen.dk\/#\/schema\/logo\/image\/"},"sameAs":["https:\/\/www.facebook.com\/groups\/177166785691991\/","https:\/\/www.instagram.com\/museumsbanen_maribo_bandholm\/","https:\/\/www.youtube.com\/@museumsbanenmaribo-bandhol8830"]}]}},"_links":{"self":[{"href":"https:\/\/museumsbanen.dk\/de\/wp-json\/wp\/v2\/pages\/7389","targetHints":{"allow":["GET"]}}],"collection":[{"href":"https:\/\/museumsbanen.dk\/de\/wp-json\/wp\/v2\/pages"}],"about":[{"href":"https:\/\/museumsbanen.dk\/de\/wp-json\/wp\/v2\/types\/page"}],"author":[{"embeddable":true,"href":"https:\/\/museumsbanen.dk\/de\/wp-json\/wp\/v2\/users\/1"}],"replies":[{"embeddable":true,"href":"https:\/\/museumsbanen.dk\/de\/wp-json\/wp\/v2\/comments?post=7389"}],"version-history":[{"count":3,"href":"https:\/\/museumsbanen.dk\/de\/wp-json\/wp\/v2\/pages\/7389\/revisions"}],"predecessor-version":[{"id":10238,"href":"https:\/\/museumsbanen.dk\/de\/wp-json\/wp\/v2\/pages\/7389\/revisions\/10238"}],"up":[{"embeddable":true,"href":"https:\/\/museumsbanen.dk\/de\/wp-json\/wp\/v2\/pages\/7338"}],"wp:attachment":[{"href":"https:\/\/museumsbanen.dk\/de\/wp-json\/wp\/v2\/media?parent=7389"}],"curies":[{"name":"wp","href":"https:\/\/api.w.org\/{rel}","templated":true}]}}