{"id":7409,"date":"2025-04-30T09:25:40","date_gmt":"2025-04-30T07:25:40","guid":{"rendered":"http:\/\/46.4.84.82\/~museumsbanen\/?page_id=7409"},"modified":"2026-03-12T18:01:34","modified_gmt":"2026-03-12T17:01:34","slug":"privat-udflugtsvogn","status":"publish","type":"page","link":"https:\/\/museumsbanen.dk\/de\/vi-tilbyder\/privat-udflugtsvogn\/","title":{"rendered":"Privater Ausflugswagen"},"content":{"rendered":"<div data-elementor-type=\"wp-page\" data-elementor-id=\"7409\" class=\"elementor elementor-7409\" data-elementor-post-type=\"page\">\n\t\t\t\t<div class=\"elementor-element elementor-element-e1cdc5a e-flex e-con-boxed e-con e-parent\" data-id=\"e1cdc5a\" data-element_type=\"container\" data-e-type=\"container\">\n\t\t\t\t\t<div class=\"e-con-inner\">\n\t\t\t\t<div class=\"elementor-element elementor-element-9b21878 elementor-widget elementor-widget-spacer\" data-id=\"9b21878\" data-element_type=\"widget\" data-e-type=\"widget\" data-widget_type=\"spacer.default\">\n\t\t\t\t<div class=\"elementor-widget-container\">\n\t\t\t\t\t\t\t<div class=\"elementor-spacer\">\n\t\t\t<div class=\"elementor-spacer-inner\"><\/div>\n\t\t<\/div>\n\t\t\t\t\t\t<\/div>\n\t\t\t\t<\/div>\n\t\t\t\t\t<\/div>\n\t\t\t\t<\/div>\n\t\t<div class=\"elementor-element elementor-element-ff01f48 e-flex e-con-boxed e-con e-parent\" data-id=\"ff01f48\" data-element_type=\"container\" data-e-type=\"container\">\n\t\t\t\t\t<div class=\"e-con-inner\">\n\t\t\t\t<div class=\"elementor-element elementor-element-259287f top-image-carousel elementor-widget elementor-widget-image-carousel\" data-id=\"259287f\" data-element_type=\"widget\" data-e-type=\"widget\" data-settings=\"{&quot;slides_to_show&quot;:&quot;1&quot;,&quot;navigation&quot;:&quot;none&quot;,&quot;autoplay&quot;:&quot;yes&quot;,&quot;pause_on_hover&quot;:&quot;yes&quot;,&quot;pause_on_interaction&quot;:&quot;yes&quot;,&quot;autoplay_speed&quot;:5000,&quot;infinite&quot;:&quot;yes&quot;,&quot;effect&quot;:&quot;slide&quot;,&quot;speed&quot;:500}\" data-widget_type=\"image-carousel.default\">\n\t\t\t\t<div class=\"elementor-widget-container\">\n\t\t\t\t\t\t\t<div class=\"elementor-image-carousel-wrapper swiper\" role=\"region\" aria-roledescription=\"carousel\" aria-label=\"Bilderkarussell\" dir=\"ltr\">\n\t\t\t<div class=\"elementor-image-carousel swiper-wrapper\" aria-live=\"off\">\n\t\t\t\t\t\t\t\t<div class=\"swiper-slide\" role=\"group\" aria-roledescription=\"slide\" aria-label=\"1 von 1\"><figure class=\"swiper-slide-inner\"><img decoding=\"async\" class=\"swiper-slide-image\" src=\"https:\/\/museumsbanen.dk\/wp-content\/uploads\/DSC04531.jpg\" alt=\"Med damptog i det gr\u00f8nne\" \/><figcaption class=\"elementor-image-carousel-caption\">Mit Dampfz\u00fcgen ins Gr\u00fcne<\/figcaption><\/figure><\/div>\t\t\t<\/div>\n\t\t\t\t\t<\/div>\n\t\t\t\t\t\t<\/div>\n\t\t\t\t<\/div>\n\t\t\t\t\t<\/div>\n\t\t\t\t<\/div>\n\t\t<div class=\"elementor-element elementor-element-7d8d7ca e-flex e-con-boxed e-con e-parent\" data-id=\"7d8d7ca\" data-element_type=\"container\" data-e-type=\"container\">\n\t\t\t\t\t<div class=\"e-con-inner\">\n\t\t\t\t<div class=\"elementor-element elementor-element-e4f4020 elementor-widget elementor-widget-text-editor\" data-id=\"e4f4020\" data-element_type=\"widget\" data-e-type=\"widget\" data-widget_type=\"text-editor.default\">\n\t\t\t\t<div class=\"elementor-widget-container\">\n\t\t\t\t\t\t\t\t\t<p>\u00a0<\/p><p>Ben\u00f6tigen Sie einen anderen Partyraum oder einen Ort f\u00fcr einen Betriebsausflug? Dann k\u00f6nnen Sie einen der Ausflugswagen der Museumsbanen mieten. In der Saison 2026 k\u00f6nnen Sie einen privaten Ausflugswagen in Verbindung mit den im Fahrplan unter \u201dTicket kaufen\u201d auf der Startseite der Website aufgef\u00fchrten Z\u00fcgen buchen.<\/p><p>Wenn eine zweist\u00fcndige Fahrt zu kurz ist, kann der Ausflugswagen vom Zug abgekoppelt und bis zum n\u00e4chsten Zug auf einem Abstellgleis am Bahnhof Bandholm abgestellt werden. W\u00e4hrend des Aufenthalts k\u00f6nnen die Toiletten am Bahnhof genutzt werden.<\/p><p>Restaurants\/Catering-Unternehmen in der n\u00e4heren Umgebung k\u00f6nnen Ihre Veranstaltung nach Absprache mit Speisen versorgen.<\/p><p>F\u00fcr die Nutzung des Ausflugsfahrzeugs wird zus\u00e4tzlich zum Ticketpreis ein Aufpreis erhoben.<\/p><p>Reservierungen f\u00fcr das Ausflugsfahrzeug m\u00fcssen mindestens 7 Tage im Voraus erfolgen. Es wird empfohlen, fr\u00fchzeitig zu buchen.<\/p><p>Buchungen erfolgen \u00fcber die Verkehrsabteilung der Museumsbanen unter trafik@museumsbanen.dk<\/p><p>Lesen Sie auch mehr \u00fcber die Buchung Ihres eigenen Sonderzuges. <a href=\"https:\/\/museumsbanen.dkeget-saertog\/\">Hier<\/a>.<\/p>\t\t\t\t\t\t\t\t<\/div>\n\t\t\t\t<\/div>\n\t\t\t\t<div class=\"elementor-element elementor-element-7495033 elementor-widget elementor-widget-button\" data-id=\"7495033\" data-element_type=\"widget\" data-e-type=\"widget\" data-widget_type=\"button.default\">\n\t\t\t\t<div class=\"elementor-widget-container\">\n\t\t\t\t\t\t\t\t\t<div class=\"elementor-button-wrapper\">\n\t\t\t\t\t<a class=\"elementor-button elementor-button-link elementor-size-sm\" href=\"https:\/\/museumsbanen.dk\/de\/vi-tilbyder\/kontakt-om-ydelser\/\">\n\t\t\t\t\t\t<span class=\"elementor-button-content-wrapper\">\n\t\t\t\t\t\t\t\t\t<span class=\"elementor-button-text\">Kontaktieren Sie uns<\/span>\n\t\t\t\t\t<\/span>\n\t\t\t\t\t<\/a>\n\t\t\t\t<\/div>\n\t\t\t\t\t\t\t\t<\/div>\n\t\t\t\t<\/div>\n\t\t\t\t<div class=\"elementor-element elementor-element-d5477a2 elementor-widget elementor-widget-spacer\" data-id=\"d5477a2\" data-element_type=\"widget\" data-e-type=\"widget\" data-widget_type=\"spacer.default\">\n\t\t\t\t<div class=\"elementor-widget-container\">\n\t\t\t\t\t\t\t<div class=\"elementor-spacer\">\n\t\t\t<div class=\"elementor-spacer-inner\"><\/div>\n\t\t<\/div>\n\t\t\t\t\t\t<\/div>\n\t\t\t\t<\/div>\n\t\t\t\t\t<\/div>\n\t\t\t\t<\/div>\n\t\t\t\t<\/div>","protected":false},"excerpt":{"rendered":"<p>Med damptog i det gr\u00f8nne \u00a0 Har du brug for et anderledes festlokale eller et sted at holde en firmaudflugt, s\u00e5 har du mulighed for at leje en af Museumsbanens [&hellip;]<\/p>\n","protected":false},"author":1,"featured_media":0,"parent":7338,"menu_order":0,"comment_status":"closed","ping_status":"closed","template":"","meta":{"inline_featured_image":false,"footnotes":""},"class_list":["post-7409","page","type-page","status-publish","hentry"],"yoast_head":"<!-- This site is optimized with the Yoast SEO plugin v27.4 - https:\/\/yoast.com\/product\/yoast-seo-wordpress\/ -->\n<title>Privat udflugtsvogn - Museumsbanen Maribo-Bandholm<\/title>\n<meta name=\"robots\" content=\"index, follow, max-snippet:-1, max-image-preview:large, max-video-preview:-1\" \/>\n<link rel=\"canonical\" href=\"https:\/\/museumsbanen.dk\/de\/vi-tilbyder\/privat-udflugtsvogn\/\" \/>\n<meta property=\"og:locale\" content=\"de_DE\" \/>\n<meta property=\"og:type\" content=\"article\" \/>\n<meta property=\"og:title\" content=\"Privat udflugtsvogn - Museumsbanen Maribo-Bandholm\" \/>\n<meta property=\"og:description\" content=\"Med damptog i det gr\u00f8nne \u00a0 Har du brug for et anderledes festlokale eller et sted at holde en firmaudflugt, s\u00e5 har du mulighed for at leje en af Museumsbanens [&hellip;]\" \/>\n<meta property=\"og:url\" content=\"https:\/\/museumsbanen.dk\/de\/vi-tilbyder\/privat-udflugtsvogn\/\" \/>\n<meta property=\"og:site_name\" content=\"Museumsbanen Maribo-Bandholm\" \/>\n<meta property=\"article:publisher\" content=\"https:\/\/www.facebook.com\/groups\/177166785691991\/\" \/>\n<meta property=\"article:modified_time\" content=\"2026-03-12T17:01:34+00:00\" \/>\n<meta property=\"og:image\" content=\"https:\/\/museumsbanen.dk\/wp-content\/uploads\/DSC04531.jpg\" \/>\n<meta name=\"twitter:card\" content=\"summary_large_image\" \/>\n<meta name=\"twitter:label1\" content=\"Gesch\u00e4tzte Lesezeit\" \/>\n\t<meta name=\"twitter:data1\" content=\"2\u00a0Minuten\" \/>\n<script type=\"application\/ld+json\" class=\"yoast-schema-graph\">{\"@context\":\"https:\\\/\\\/schema.org\",\"@graph\":[{\"@type\":\"WebPage\",\"@id\":\"https:\\\/\\\/museumsbanen.dk\\\/vi-tilbyder\\\/privat-udflugtsvogn\\\/\",\"url\":\"https:\\\/\\\/museumsbanen.dk\\\/vi-tilbyder\\\/privat-udflugtsvogn\\\/\",\"name\":\"Privat udflugtsvogn - Museumsbanen Maribo-Bandholm\",\"isPartOf\":{\"@id\":\"https:\\\/\\\/museumsbanen.dk\\\/#website\"},\"primaryImageOfPage\":{\"@id\":\"https:\\\/\\\/museumsbanen.dk\\\/vi-tilbyder\\\/privat-udflugtsvogn\\\/#primaryimage\"},\"image\":{\"@id\":\"https:\\\/\\\/museumsbanen.dk\\\/vi-tilbyder\\\/privat-udflugtsvogn\\\/#primaryimage\"},\"thumbnailUrl\":\"https:\\\/\\\/museumsbanen.dk\\\/wp-content\\\/uploads\\\/DSC04531.jpg\",\"datePublished\":\"2025-04-30T07:25:40+00:00\",\"dateModified\":\"2026-03-12T17:01:34+00:00\",\"breadcrumb\":{\"@id\":\"https:\\\/\\\/museumsbanen.dk\\\/vi-tilbyder\\\/privat-udflugtsvogn\\\/#breadcrumb\"},\"inLanguage\":\"de\",\"potentialAction\":[{\"@type\":\"ReadAction\",\"target\":[\"https:\\\/\\\/museumsbanen.dk\\\/vi-tilbyder\\\/privat-udflugtsvogn\\\/\"]}]},{\"@type\":\"ImageObject\",\"inLanguage\":\"de\",\"@id\":\"https:\\\/\\\/museumsbanen.dk\\\/vi-tilbyder\\\/privat-udflugtsvogn\\\/#primaryimage\",\"url\":\"https:\\\/\\\/museumsbanen.dk\\\/wp-content\\\/uploads\\\/DSC04531.jpg\",\"contentUrl\":\"https:\\\/\\\/museumsbanen.dk\\\/wp-content\\\/uploads\\\/DSC04531.jpg\"},{\"@type\":\"BreadcrumbList\",\"@id\":\"https:\\\/\\\/museumsbanen.dk\\\/vi-tilbyder\\\/privat-udflugtsvogn\\\/#breadcrumb\",\"itemListElement\":[{\"@type\":\"ListItem\",\"position\":1,\"name\":\"Hjem\",\"item\":\"https:\\\/\\\/museumsbanen.dk\\\/\"},{\"@type\":\"ListItem\",\"position\":2,\"name\":\"Vi tilbyder\",\"item\":\"https:\\\/\\\/museumsbanen.dk\\\/vi-tilbyder\\\/\"},{\"@type\":\"ListItem\",\"position\":3,\"name\":\"Privat udflugtsvogn\"}]},{\"@type\":\"WebSite\",\"@id\":\"https:\\\/\\\/museumsbanen.dk\\\/#website\",\"url\":\"https:\\\/\\\/museumsbanen.dk\\\/\",\"name\":\"Museumsbanen Bandholm-Maribo\",\"description\":\"\",\"publisher\":{\"@id\":\"https:\\\/\\\/museumsbanen.dk\\\/#organization\"},\"potentialAction\":[{\"@type\":\"SearchAction\",\"target\":{\"@type\":\"EntryPoint\",\"urlTemplate\":\"https:\\\/\\\/museumsbanen.dk\\\/?s={search_term_string}\"},\"query-input\":{\"@type\":\"PropertyValueSpecification\",\"valueRequired\":true,\"valueName\":\"search_term_string\"}}],\"inLanguage\":\"de\"},{\"@type\":\"Organization\",\"@id\":\"https:\\\/\\\/museumsbanen.dk\\\/#organization\",\"name\":\"Museumsbanen Maribo-Bandholm, Dansk Jernbane-Klub\",\"url\":\"https:\\\/\\\/museumsbanen.dk\\\/\",\"logo\":{\"@type\":\"ImageObject\",\"inLanguage\":\"de\",\"@id\":\"https:\\\/\\\/museumsbanen.dk\\\/#\\\/schema\\\/logo\\\/image\\\/\",\"url\":\"https:\\\/\\\/museumsbanen.dk\\\/wp-content\\\/uploads\\\/logo.png\",\"contentUrl\":\"https:\\\/\\\/museumsbanen.dk\\\/wp-content\\\/uploads\\\/logo.png\",\"width\":347,\"height\":220,\"caption\":\"Museumsbanen Maribo-Bandholm, Dansk Jernbane-Klub\"},\"image\":{\"@id\":\"https:\\\/\\\/museumsbanen.dk\\\/#\\\/schema\\\/logo\\\/image\\\/\"},\"sameAs\":[\"https:\\\/\\\/www.facebook.com\\\/groups\\\/177166785691991\\\/\",\"https:\\\/\\\/www.instagram.com\\\/museumsbanen_maribo_bandholm\\\/\",\"https:\\\/\\\/www.youtube.com\\\/@museumsbanenmaribo-bandhol8830\"]}]}<\/script>\n<!-- \/ Yoast SEO plugin. -->","yoast_head_json":{"title":"Privater Ausflugswagen \u2013 Museumseisenbahn Maribo-Bandholm","robots":{"index":"index","follow":"follow","max-snippet":"max-snippet:-1","max-image-preview":"max-image-preview:large","max-video-preview":"max-video-preview:-1"},"canonical":"https:\/\/museumsbanen.dk\/de\/vi-tilbyder\/privat-udflugtsvogn\/","og_locale":"de_DE","og_type":"article","og_title":"Privat udflugtsvogn - Museumsbanen Maribo-Bandholm","og_description":"Med damptog i det gr\u00f8nne \u00a0 Har du brug for et anderledes festlokale eller et sted at holde en firmaudflugt, s\u00e5 har du mulighed for at leje en af Museumsbanens [&hellip;]","og_url":"https:\/\/museumsbanen.dk\/de\/vi-tilbyder\/privat-udflugtsvogn\/","og_site_name":"Museumsbanen Maribo-Bandholm","article_publisher":"https:\/\/www.facebook.com\/groups\/177166785691991\/","article_modified_time":"2026-03-12T17:01:34+00:00","og_image":[{"url":"https:\/\/museumsbanen.dk\/wp-content\/uploads\/DSC04531.jpg","type":"","width":"","height":""}],"twitter_card":"summary_large_image","twitter_misc":{"Gesch\u00e4tzte Lesezeit":"2\u00a0Minuten"},"schema":{"@context":"https:\/\/schema.org","@graph":[{"@type":"WebPage","@id":"https:\/\/museumsbanen.dk\/vi-tilbyder\/privat-udflugtsvogn\/","url":"https:\/\/museumsbanen.dk\/vi-tilbyder\/privat-udflugtsvogn\/","name":"Privater Ausflugswagen \u2013 Museumseisenbahn Maribo-Bandholm","isPartOf":{"@id":"https:\/\/museumsbanen.dk\/#website"},"primaryImageOfPage":{"@id":"https:\/\/museumsbanen.dk\/vi-tilbyder\/privat-udflugtsvogn\/#primaryimage"},"image":{"@id":"https:\/\/museumsbanen.dk\/vi-tilbyder\/privat-udflugtsvogn\/#primaryimage"},"thumbnailUrl":"https:\/\/museumsbanen.dk\/wp-content\/uploads\/DSC04531.jpg","datePublished":"2025-04-30T07:25:40+00:00","dateModified":"2026-03-12T17:01:34+00:00","breadcrumb":{"@id":"https:\/\/museumsbanen.dk\/vi-tilbyder\/privat-udflugtsvogn\/#breadcrumb"},"inLanguage":"de","potentialAction":[{"@type":"ReadAction","target":["https:\/\/museumsbanen.dk\/vi-tilbyder\/privat-udflugtsvogn\/"]}]},{"@type":"ImageObject","inLanguage":"de","@id":"https:\/\/museumsbanen.dk\/vi-tilbyder\/privat-udflugtsvogn\/#primaryimage","url":"https:\/\/museumsbanen.dk\/wp-content\/uploads\/DSC04531.jpg","contentUrl":"https:\/\/museumsbanen.dk\/wp-content\/uploads\/DSC04531.jpg"},{"@type":"BreadcrumbList","@id":"https:\/\/museumsbanen.dk\/vi-tilbyder\/privat-udflugtsvogn\/#breadcrumb","itemListElement":[{"@type":"ListItem","position":1,"name":"Hjem","item":"https:\/\/museumsbanen.dk\/"},{"@type":"ListItem","position":2,"name":"Vi tilbyder","item":"https:\/\/museumsbanen.dk\/vi-tilbyder\/"},{"@type":"ListItem","position":3,"name":"Privat udflugtsvogn"}]},{"@type":"WebSite","@id":"https:\/\/museumsbanen.dk\/#website","url":"https:\/\/museumsbanen.dk\/","name":"Die Bandholm-Maribo-Museumseisenbahn","description":"","publisher":{"@id":"https:\/\/museumsbanen.dk\/#organization"},"potentialAction":[{"@type":"SearchAction","target":{"@type":"EntryPoint","urlTemplate":"https:\/\/museumsbanen.dk\/?s={search_term_string}"},"query-input":{"@type":"PropertyValueSpecification","valueRequired":true,"valueName":"search_term_string"}}],"inLanguage":"de"},{"@type":"Organization","@id":"https:\/\/museumsbanen.dk\/#organization","name":"Museumsbahn Maribo-Bandholm, D\u00e4nischer Eisenbahnclub","url":"https:\/\/museumsbanen.dk\/","logo":{"@type":"ImageObject","inLanguage":"de","@id":"https:\/\/museumsbanen.dk\/#\/schema\/logo\/image\/","url":"https:\/\/museumsbanen.dk\/wp-content\/uploads\/logo.png","contentUrl":"https:\/\/museumsbanen.dk\/wp-content\/uploads\/logo.png","width":347,"height":220,"caption":"Museumsbanen Maribo-Bandholm, Dansk Jernbane-Klub"},"image":{"@id":"https:\/\/museumsbanen.dk\/#\/schema\/logo\/image\/"},"sameAs":["https:\/\/www.facebook.com\/groups\/177166785691991\/","https:\/\/www.instagram.com\/museumsbanen_maribo_bandholm\/","https:\/\/www.youtube.com\/@museumsbanenmaribo-bandhol8830"]}]}},"_links":{"self":[{"href":"https:\/\/museumsbanen.dk\/de\/wp-json\/wp\/v2\/pages\/7409","targetHints":{"allow":["GET"]}}],"collection":[{"href":"https:\/\/museumsbanen.dk\/de\/wp-json\/wp\/v2\/pages"}],"about":[{"href":"https:\/\/museumsbanen.dk\/de\/wp-json\/wp\/v2\/types\/page"}],"author":[{"embeddable":true,"href":"https:\/\/museumsbanen.dk\/de\/wp-json\/wp\/v2\/users\/1"}],"replies":[{"embeddable":true,"href":"https:\/\/museumsbanen.dk\/de\/wp-json\/wp\/v2\/comments?post=7409"}],"version-history":[{"count":3,"href":"https:\/\/museumsbanen.dk\/de\/wp-json\/wp\/v2\/pages\/7409\/revisions"}],"predecessor-version":[{"id":9858,"href":"https:\/\/museumsbanen.dk\/de\/wp-json\/wp\/v2\/pages\/7409\/revisions\/9858"}],"up":[{"embeddable":true,"href":"https:\/\/museumsbanen.dk\/de\/wp-json\/wp\/v2\/pages\/7338"}],"wp:attachment":[{"href":"https:\/\/museumsbanen.dk\/de\/wp-json\/wp\/v2\/media?parent=7409"}],"curies":[{"name":"wp","href":"https:\/\/api.w.org\/{rel}","templated":true}]}}