{"id":7436,"date":"2025-04-30T09:15:21","date_gmt":"2025-04-30T07:15:21","guid":{"rendered":"http:\/\/46.4.84.82\/~museumsbanen\/?page_id=7436"},"modified":"2025-05-29T10:55:35","modified_gmt":"2025-05-29T08:55:35","slug":"bliv-frivillig","status":"publish","type":"page","link":"https:\/\/museumsbanen.dk\/de\/hvem-er-vi\/bliv-frivillig\/","title":{"rendered":"Werden Sie Freiwilliger"},"content":{"rendered":"<div data-elementor-type=\"wp-page\" data-elementor-id=\"7436\" class=\"elementor elementor-7436\" data-elementor-post-type=\"page\">\n\t\t\t\t<div class=\"elementor-element elementor-element-e1cdc5a e-flex e-con-boxed e-con e-parent\" data-id=\"e1cdc5a\" data-element_type=\"container\" data-e-type=\"container\">\n\t\t\t\t\t<div class=\"e-con-inner\">\n\t\t\t\t<div class=\"elementor-element elementor-element-9b21878 elementor-widget elementor-widget-spacer\" data-id=\"9b21878\" data-element_type=\"widget\" data-e-type=\"widget\" data-widget_type=\"spacer.default\">\n\t\t\t\t<div class=\"elementor-widget-container\">\n\t\t\t\t\t\t\t<div class=\"elementor-spacer\">\n\t\t\t<div class=\"elementor-spacer-inner\"><\/div>\n\t\t<\/div>\n\t\t\t\t\t\t<\/div>\n\t\t\t\t<\/div>\n\t\t\t\t\t<\/div>\n\t\t\t\t<\/div>\n\t\t<div class=\"elementor-element elementor-element-ff01f48 e-flex e-con-boxed e-con e-parent\" data-id=\"ff01f48\" data-element_type=\"container\" data-e-type=\"container\">\n\t\t\t\t\t<div class=\"e-con-inner\">\n\t\t\t\t<div class=\"elementor-element elementor-element-259287f top-image-carousel elementor-widget elementor-widget-image-carousel\" data-id=\"259287f\" data-element_type=\"widget\" data-e-type=\"widget\" data-settings=\"{&quot;slides_to_show&quot;:&quot;1&quot;,&quot;navigation&quot;:&quot;none&quot;,&quot;autoplay&quot;:&quot;yes&quot;,&quot;pause_on_hover&quot;:&quot;yes&quot;,&quot;pause_on_interaction&quot;:&quot;yes&quot;,&quot;autoplay_speed&quot;:5000,&quot;infinite&quot;:&quot;yes&quot;,&quot;effect&quot;:&quot;slide&quot;,&quot;speed&quot;:500}\" data-widget_type=\"image-carousel.default\">\n\t\t\t\t<div class=\"elementor-widget-container\">\n\t\t\t\t\t\t\t<div class=\"elementor-image-carousel-wrapper swiper\" role=\"region\" aria-roledescription=\"carousel\" aria-label=\"Bilderkarussell\" dir=\"ltr\">\n\t\t\t<div class=\"elementor-image-carousel swiper-wrapper\" aria-live=\"off\">\n\t\t\t\t\t\t\t\t<div class=\"swiper-slide\" role=\"group\" aria-roledescription=\"slide\" aria-label=\"1 von 1\"><figure class=\"swiper-slide-inner\"><img decoding=\"async\" class=\"swiper-slide-image\" src=\"https:\/\/museumsbanen.dk\/wp-content\/uploads\/DSC_4688-scaled.jpg\" alt=\"Personalefoto\" \/><\/figure><\/div>\t\t\t<\/div>\n\t\t\t\t\t<\/div>\n\t\t\t\t\t\t<\/div>\n\t\t\t\t<\/div>\n\t\t\t\t\t<\/div>\n\t\t\t\t<\/div>\n\t\t<div class=\"elementor-element elementor-element-2b204c0f red-border-section e-flex e-con-boxed e-con e-parent\" data-id=\"2b204c0f\" data-element_type=\"container\" data-e-type=\"container\">\n\t\t\t\t\t<div class=\"e-con-inner\">\n\t\t<div class=\"elementor-element elementor-element-2ad465d9 e-con-full red-border-box e-flex e-con e-child\" data-id=\"2ad465d9\" data-element_type=\"container\" data-e-type=\"container\" data-settings=\"{&quot;background_background&quot;:&quot;classic&quot;}\">\n\t\t<div class=\"elementor-element elementor-element-b18c83 e-con-full text-part e-flex e-con e-child\" data-id=\"b18c83\" data-element_type=\"container\" data-e-type=\"container\">\n\t\t\t\t<div class=\"elementor-element elementor-element-2608d05d elementor-widget elementor-widget-heading\" data-id=\"2608d05d\" data-element_type=\"widget\" data-e-type=\"widget\" data-widget_type=\"heading.default\">\n\t\t\t\t<div class=\"elementor-widget-container\">\n\t\t\t\t\t<h2 class=\"elementor-heading-title elementor-size-default\">Ehrenamtliches Engagement macht gl\u00fccklich...<\/h2>\t\t\t\t<\/div>\n\t\t\t\t<\/div>\n\t\t\t\t<div class=\"elementor-element elementor-element-422da7b4 elementor-widget elementor-widget-text-editor\" data-id=\"422da7b4\" data-element_type=\"widget\" data-e-type=\"widget\" data-widget_type=\"text-editor.default\">\n\t\t\t\t<div class=\"elementor-widget-container\">\n\t\t\t\t\t\t\t\t\t<p>\u00a0Die begeisterten Freiwilligen der Museumsbahn arbeiten hart daran, unseren Fahrg\u00e4sten ein sch\u00f6nes Erlebnis zu bieten.<\/p>\t\t\t\t\t\t\t\t<\/div>\n\t\t\t\t<\/div>\n\t\t\t\t<\/div>\n\t\t<div class=\"elementor-element elementor-element-7017c3d1 e-con-full image-part e-flex e-con e-child\" data-id=\"7017c3d1\" data-element_type=\"container\" data-e-type=\"container\">\n\t\t\t\t<div class=\"elementor-element elementor-element-367cfb6 red-border-image elementor-widget elementor-widget-image\" data-id=\"367cfb6\" data-element_type=\"widget\" data-e-type=\"widget\" data-widget_type=\"image.default\">\n\t\t\t\t<div class=\"elementor-widget-container\">\n\t\t\t\t\t\t\t\t\t\t\t\t\t\t\t<img fetchpriority=\"high\" decoding=\"async\" width=\"800\" height=\"914\" src=\"https:\/\/museumsbanen.dk\/wp-content\/uploads\/GOPR0186-896x1024.jpg\" class=\"attachment-large size-large wp-image-8038\" alt=\"\" srcset=\"https:\/\/museumsbanen.dk\/wp-content\/uploads\/GOPR0186-896x1024.jpg 896w, https:\/\/museumsbanen.dk\/wp-content\/uploads\/GOPR0186-263x300.jpg 263w, https:\/\/museumsbanen.dk\/wp-content\/uploads\/GOPR0186-768x878.jpg 768w, https:\/\/museumsbanen.dk\/wp-content\/uploads\/GOPR0186-1344x1536.jpg 1344w, https:\/\/museumsbanen.dk\/wp-content\/uploads\/GOPR0186-1792x2048.jpg 1792w, https:\/\/museumsbanen.dk\/wp-content\/uploads\/GOPR0186-11x12.jpg 11w\" sizes=\"(max-width: 800px) 100vw, 800px\" \/>\t\t\t\t\t\t\t\t\t\t\t\t\t\t\t<\/div>\n\t\t\t\t<\/div>\n\t\t\t\t<\/div>\n\t\t\t\t<\/div>\n\t\t\t\t\t<\/div>\n\t\t\t\t<\/div>\n\t\t<div class=\"elementor-element elementor-element-5962627 e-flex e-con-boxed e-con e-parent\" data-id=\"5962627\" data-element_type=\"container\" data-e-type=\"container\">\n\t\t\t\t\t<div class=\"e-con-inner\">\n\t\t\t\t<div class=\"elementor-element elementor-element-1c0a071 elementor-widget elementor-widget-text-editor\" data-id=\"1c0a071\" data-element_type=\"widget\" data-e-type=\"widget\" data-widget_type=\"text-editor.default\">\n\t\t\t\t<div class=\"elementor-widget-container\">\n\t\t\t\t\t\t\t\t\t<p>\u00a0<\/p><p>\u00a0 \u00a0 \u00a0 \u00a0 \u00a0 \u00a0 \u00a0 \u00a0 \u00a0 \u00a0 \u00a0 \u00a0 \u00a0 \u00a0 \u00a0 \u00a0 \u00a0 \u00a0 \u00a0 \u00a0 \u00a0 \u00a0 \u00a0 \u00a0 \u00a0 \u00a0 \u00a0 \u00a0 \u00a0 \u00a0 \u00a0 \u00a0 \u00a0 \u00a0 \u00a0 \u00a0 \u00a0 \u00a0 \u00a0 \u00a0 \u00a0 \u00a0 \u00a0 \u00a0 \u00a0 \u00a0 \u00a0 \u00a0 \u00a0<strong>\u00a0 \u00a0 \u00a0 \u00a0 \u00a0 \u00a0 \u00a0 \u00a0 \u00a0 \u00a0 \u00a0 \u00a0 \u00a0 Flei\u00dfige H\u00e4nde gesucht!<\/strong><\/p><p>Die Mitarbeiter der Museumsbahn arbeiten alle ehrenamtlich und unbezahlt. Sie sind eine Ansammlung von Menschen mit sehr unterschiedlichem Hintergrund, doch allen gemeinsam ist die Leidenschaft f\u00fcr den Eisenbahnbetrieb vergangener Zeiten. Die Geschlechterverteilung ist sicherlich nicht gleichm\u00e4\u00dfig, da die Mehrheit der Mitarbeiter M\u00e4nner sind, und auch die Altersverteilung ist ungleich, da ein Gro\u00dfteil der Belegschaft \u00fcber langj\u00e4hrige Erfahrung in der einzigartigen Umgebung des Depots in Maribo verf\u00fcgt.<\/p><p>An dieser Stelle sei erw\u00e4hnt, dass es bei der Arbeit an der Museumsbahn nicht nur um das Fahren von Lokomotiven oder das Schneiden von Fahrkarten geht.\u00a0<\/p><p>Auch f\u00fcr Leute, die an einem kalten Dezembertag in Bandholm gl\u00fccklichen G\u00e4sten Kaffee und Kuchen servieren oder erwartungsvollen Passagieren hei\u00dfe Getr\u00e4nke einschenken m\u00f6chten, ist im Team ausreichend Platz.<\/p><p>Au\u00dferdem besteht Bedarf an engagierten Menschen, die die Notwendigkeit erkennen, die alten Waggons zu reinigen und die Fenster zu verputzen, damit Sie die sch\u00f6ne Landschaft Lollands genie\u00dfen k\u00f6nnen.<\/p><p>Au\u00dferdem besteht Bedarf an Leuten, die sich um den Bahnhof in Bandholm k\u00fcmmern m\u00f6chten, mit allem, was dazu geh\u00f6rt, was Verkaufstalent und die Lust am Gespr\u00e4ch mit Reisenden angeht.\u00a0<\/p><p>Auch wer keine Angst davor hat, sich bei der Reparatur von Lokomotiven und Waggons schwarze Finger und wom\u00f6glich den ganzen K\u00f6rper zuzuziehen, ist bei uns herzlich willkommen.<\/p><p>F\u00fcr einige der genannten Arbeitsaufgaben ist eine Schulung erforderlich. Die Museumsbanen sorgt selbstverst\u00e4ndlich daf\u00fcr, dass Sie diese Schulung erhalten, damit Sie die Arbeit sowohl f\u00fcr die \u00d6ffentlichkeit als auch f\u00fcr die Mitarbeiter sicher ausf\u00fchren k\u00f6nnen.<\/p>\t\t\t\t\t\t\t\t<\/div>\n\t\t\t\t<\/div>\n\t\t\t\t\t<\/div>\n\t\t\t\t<\/div>\n\t\t<div class=\"elementor-element elementor-element-ea19ef9 red-border-section e-flex e-con-boxed e-con e-parent\" data-id=\"ea19ef9\" data-element_type=\"container\" data-e-type=\"container\">\n\t\t\t\t\t<div class=\"e-con-inner\">\n\t\t<div class=\"elementor-element elementor-element-568ec8f1 e-con-full red-border-box e-flex e-con e-child\" data-id=\"568ec8f1\" data-element_type=\"container\" data-e-type=\"container\" data-settings=\"{&quot;background_background&quot;:&quot;classic&quot;}\">\n\t\t<div class=\"elementor-element elementor-element-2e86cb0e e-con-full image-part e-flex e-con e-child\" data-id=\"2e86cb0e\" data-element_type=\"container\" data-e-type=\"container\">\n\t\t\t\t<div class=\"elementor-element elementor-element-59e6113e elementor-widget elementor-widget-image\" data-id=\"59e6113e\" data-element_type=\"widget\" data-e-type=\"widget\" data-widget_type=\"image.default\">\n\t\t\t\t<div class=\"elementor-widget-container\">\n\t\t\t\t\t\t\t\t\t\t\t\t\t\t\t<img decoding=\"async\" width=\"800\" height=\"557\" src=\"https:\/\/museumsbanen.dk\/wp-content\/uploads\/GOPR0161-scaled-e1756366463747-1024x713.jpg\" class=\"attachment-large size-large wp-image-8030\" alt=\"\" srcset=\"https:\/\/museumsbanen.dk\/wp-content\/uploads\/GOPR0161-scaled-e1756366463747-1024x713.jpg 1024w, https:\/\/museumsbanen.dk\/wp-content\/uploads\/GOPR0161-scaled-e1756366463747-300x209.jpg 300w, https:\/\/museumsbanen.dk\/wp-content\/uploads\/GOPR0161-scaled-e1756366463747-768x535.jpg 768w, https:\/\/museumsbanen.dk\/wp-content\/uploads\/GOPR0161-scaled-e1756366463747-1536x1070.jpg 1536w, https:\/\/museumsbanen.dk\/wp-content\/uploads\/GOPR0161-scaled-e1756366463747-2048x1426.jpg 2048w, https:\/\/museumsbanen.dk\/wp-content\/uploads\/GOPR0161-scaled-e1756366463747-18x12.jpg 18w\" sizes=\"(max-width: 800px) 100vw, 800px\" \/>\t\t\t\t\t\t\t\t\t\t\t\t\t\t\t<\/div>\n\t\t\t\t<\/div>\n\t\t\t\t<\/div>\n\t\t<div class=\"elementor-element elementor-element-1f6edf4b e-con-full text-part e-flex e-con e-child\" data-id=\"1f6edf4b\" data-element_type=\"container\" data-e-type=\"container\">\n\t\t\t\t<div class=\"elementor-element elementor-element-c7c086e elementor-widget elementor-widget-heading\" data-id=\"c7c086e\" data-element_type=\"widget\" data-e-type=\"widget\" data-widget_type=\"heading.default\">\n\t\t\t\t<div class=\"elementor-widget-container\">\n\t\t\t\t\t<h2 class=\"elementor-heading-title elementor-size-default\">Sind Sie neugierig geworden?<\/h2>\t\t\t\t<\/div>\n\t\t\t\t<\/div>\n\t\t\t\t<div class=\"elementor-element elementor-element-48c4725a elementor-widget-laptop__width-initial elementor-widget elementor-widget-text-editor\" data-id=\"48c4725a\" data-element_type=\"widget\" data-e-type=\"widget\" data-widget_type=\"text-editor.default\">\n\t\t\t\t<div class=\"elementor-widget-container\">\n\t\t\t\t\t\t\t\t\t<p>Sie haben Zeit und m\u00f6chten mehr dar\u00fcber erfahren, was alles n\u00f6tig ist, um eine Eisenbahn in den 1920er Jahren in Betrieb zu halten?<\/p><p>Z\u00f6gern Sie also nicht, nutzen Sie das unten stehende Kontaktformular und finden Sie heraus, ob der Beitritt zur Community rund um den Betrieb der \u00e4ltesten Veteraneneisenbahn D\u00e4nemarks etwas f\u00fcr Sie ist.\u00a0<\/p>\t\t\t\t\t\t\t\t<\/div>\n\t\t\t\t<\/div>\n\t\t\t\t<div class=\"elementor-element elementor-element-bb0ad78 elementor-widget elementor-widget-button\" data-id=\"bb0ad78\" data-element_type=\"widget\" data-e-type=\"widget\" data-widget_type=\"button.default\">\n\t\t\t\t<div class=\"elementor-widget-container\">\n\t\t\t\t\t\t\t\t\t<div class=\"elementor-button-wrapper\">\n\t\t\t\t\t<a class=\"elementor-button elementor-button-link elementor-size-sm elementor-animation-grow\" href=\"https:\/\/museumsbanen.dk\/de\/kundeservice\/kontaktformular\/\">\n\t\t\t\t\t\t<span class=\"elementor-button-content-wrapper\">\n\t\t\t\t\t\t\t\t\t<span class=\"elementor-button-text\">Kontaktformular<\/span>\n\t\t\t\t\t<\/span>\n\t\t\t\t\t<\/a>\n\t\t\t\t<\/div>\n\t\t\t\t\t\t\t\t<\/div>\n\t\t\t\t<\/div>\n\t\t\t\t<\/div>\n\t\t\t\t<\/div>\n\t\t\t\t\t<\/div>\n\t\t\t\t<\/div>\n\t\t\t\t<\/div>","protected":false},"excerpt":{"rendered":"<p>Frivilligt arbejde g\u00f8r glad&#8230;&#8230;.. \u00a0Museumsbanens entusiastiske frivillige arbejder m\u00e5lrettet p\u00e5 at give vores passagerer en god oplevelse. \u00a0 \u00a0 \u00a0 \u00a0 \u00a0 \u00a0 \u00a0 \u00a0 \u00a0 \u00a0 \u00a0 \u00a0 \u00a0 [&hellip;]<\/p>\n","protected":false},"author":1,"featured_media":0,"parent":6943,"menu_order":0,"comment_status":"closed","ping_status":"closed","template":"","meta":{"inline_featured_image":false,"footnotes":""},"class_list":["post-7436","page","type-page","status-publish","hentry"],"yoast_head":"<!-- This site is optimized with the Yoast SEO plugin v27.4 - https:\/\/yoast.com\/product\/yoast-seo-wordpress\/ -->\n<title>Bliv frivillig - Museumsbanen Maribo-Bandholm<\/title>\n<meta name=\"robots\" content=\"index, follow, max-snippet:-1, max-image-preview:large, max-video-preview:-1\" \/>\n<link rel=\"canonical\" href=\"https:\/\/museumsbanen.dk\/de\/hvem-er-vi\/bliv-frivillig\/\" \/>\n<meta property=\"og:locale\" content=\"de_DE\" \/>\n<meta property=\"og:type\" content=\"article\" \/>\n<meta property=\"og:title\" content=\"Bliv frivillig - Museumsbanen Maribo-Bandholm\" \/>\n<meta property=\"og:description\" content=\"Frivilligt arbejde g\u00f8r glad&#8230;&#8230;.. \u00a0Museumsbanens entusiastiske frivillige arbejder m\u00e5lrettet p\u00e5 at give vores passagerer en god oplevelse. \u00a0 \u00a0 \u00a0 \u00a0 \u00a0 \u00a0 \u00a0 \u00a0 \u00a0 \u00a0 \u00a0 \u00a0 \u00a0 [&hellip;]\" \/>\n<meta property=\"og:url\" content=\"https:\/\/museumsbanen.dk\/de\/hvem-er-vi\/bliv-frivillig\/\" \/>\n<meta property=\"og:site_name\" content=\"Museumsbanen Maribo-Bandholm\" \/>\n<meta property=\"article:publisher\" content=\"https:\/\/www.facebook.com\/groups\/177166785691991\/\" \/>\n<meta property=\"article:modified_time\" content=\"2025-05-29T08:55:35+00:00\" \/>\n<meta property=\"og:image\" content=\"https:\/\/museumsbanen.dk\/wp-content\/uploads\/DSC_4688-scaled.jpg\" \/>\n<meta name=\"twitter:card\" content=\"summary_large_image\" \/>\n<meta name=\"twitter:label1\" content=\"Gesch\u00e4tzte Lesezeit\" \/>\n\t<meta name=\"twitter:data1\" content=\"3\u00a0Minuten\" \/>\n<script type=\"application\/ld+json\" class=\"yoast-schema-graph\">{\"@context\":\"https:\\\/\\\/schema.org\",\"@graph\":[{\"@type\":\"WebPage\",\"@id\":\"https:\\\/\\\/museumsbanen.dk\\\/hvem-er-vi\\\/bliv-frivillig\\\/\",\"url\":\"https:\\\/\\\/museumsbanen.dk\\\/hvem-er-vi\\\/bliv-frivillig\\\/\",\"name\":\"Bliv frivillig - Museumsbanen Maribo-Bandholm\",\"isPartOf\":{\"@id\":\"https:\\\/\\\/museumsbanen.dk\\\/#website\"},\"primaryImageOfPage\":{\"@id\":\"https:\\\/\\\/museumsbanen.dk\\\/hvem-er-vi\\\/bliv-frivillig\\\/#primaryimage\"},\"image\":{\"@id\":\"https:\\\/\\\/museumsbanen.dk\\\/hvem-er-vi\\\/bliv-frivillig\\\/#primaryimage\"},\"thumbnailUrl\":\"https:\\\/\\\/museumsbanen.dk\\\/wp-content\\\/uploads\\\/DSC_4688-scaled.jpg\",\"datePublished\":\"2025-04-30T07:15:21+00:00\",\"dateModified\":\"2025-05-29T08:55:35+00:00\",\"breadcrumb\":{\"@id\":\"https:\\\/\\\/museumsbanen.dk\\\/hvem-er-vi\\\/bliv-frivillig\\\/#breadcrumb\"},\"inLanguage\":\"de\",\"potentialAction\":[{\"@type\":\"ReadAction\",\"target\":[\"https:\\\/\\\/museumsbanen.dk\\\/hvem-er-vi\\\/bliv-frivillig\\\/\"]}]},{\"@type\":\"ImageObject\",\"inLanguage\":\"de\",\"@id\":\"https:\\\/\\\/museumsbanen.dk\\\/hvem-er-vi\\\/bliv-frivillig\\\/#primaryimage\",\"url\":\"https:\\\/\\\/museumsbanen.dk\\\/wp-content\\\/uploads\\\/DSC_4688-scaled.jpg\",\"contentUrl\":\"https:\\\/\\\/museumsbanen.dk\\\/wp-content\\\/uploads\\\/DSC_4688-scaled.jpg\"},{\"@type\":\"BreadcrumbList\",\"@id\":\"https:\\\/\\\/museumsbanen.dk\\\/hvem-er-vi\\\/bliv-frivillig\\\/#breadcrumb\",\"itemListElement\":[{\"@type\":\"ListItem\",\"position\":1,\"name\":\"Hjem\",\"item\":\"https:\\\/\\\/museumsbanen.dk\\\/\"},{\"@type\":\"ListItem\",\"position\":2,\"name\":\"Hvem er vi\",\"item\":\"https:\\\/\\\/museumsbanen.dk\\\/hvem-er-vi\\\/\"},{\"@type\":\"ListItem\",\"position\":3,\"name\":\"Bliv frivillig\"}]},{\"@type\":\"WebSite\",\"@id\":\"https:\\\/\\\/museumsbanen.dk\\\/#website\",\"url\":\"https:\\\/\\\/museumsbanen.dk\\\/\",\"name\":\"Museumsbanen Bandholm-Maribo\",\"description\":\"\",\"publisher\":{\"@id\":\"https:\\\/\\\/museumsbanen.dk\\\/#organization\"},\"potentialAction\":[{\"@type\":\"SearchAction\",\"target\":{\"@type\":\"EntryPoint\",\"urlTemplate\":\"https:\\\/\\\/museumsbanen.dk\\\/?s={search_term_string}\"},\"query-input\":{\"@type\":\"PropertyValueSpecification\",\"valueRequired\":true,\"valueName\":\"search_term_string\"}}],\"inLanguage\":\"de\"},{\"@type\":\"Organization\",\"@id\":\"https:\\\/\\\/museumsbanen.dk\\\/#organization\",\"name\":\"Museumsbanen Maribo-Bandholm, Dansk Jernbane-Klub\",\"url\":\"https:\\\/\\\/museumsbanen.dk\\\/\",\"logo\":{\"@type\":\"ImageObject\",\"inLanguage\":\"de\",\"@id\":\"https:\\\/\\\/museumsbanen.dk\\\/#\\\/schema\\\/logo\\\/image\\\/\",\"url\":\"https:\\\/\\\/museumsbanen.dk\\\/wp-content\\\/uploads\\\/logo.png\",\"contentUrl\":\"https:\\\/\\\/museumsbanen.dk\\\/wp-content\\\/uploads\\\/logo.png\",\"width\":347,\"height\":220,\"caption\":\"Museumsbanen Maribo-Bandholm, Dansk Jernbane-Klub\"},\"image\":{\"@id\":\"https:\\\/\\\/museumsbanen.dk\\\/#\\\/schema\\\/logo\\\/image\\\/\"},\"sameAs\":[\"https:\\\/\\\/www.facebook.com\\\/groups\\\/177166785691991\\\/\",\"https:\\\/\\\/www.instagram.com\\\/museumsbanen_maribo_bandholm\\\/\",\"https:\\\/\\\/www.youtube.com\\\/@museumsbanenmaribo-bandhol8830\"]}]}<\/script>\n<!-- \/ Yoast SEO plugin. -->","yoast_head_json":{"title":"Werden Sie Freiwilliger \u2013 Museumseisenbahn Maribo-Bandholm","robots":{"index":"index","follow":"follow","max-snippet":"max-snippet:-1","max-image-preview":"max-image-preview:large","max-video-preview":"max-video-preview:-1"},"canonical":"https:\/\/museumsbanen.dk\/de\/hvem-er-vi\/bliv-frivillig\/","og_locale":"de_DE","og_type":"article","og_title":"Bliv frivillig - Museumsbanen Maribo-Bandholm","og_description":"Frivilligt arbejde g\u00f8r glad&#8230;&#8230;.. \u00a0Museumsbanens entusiastiske frivillige arbejder m\u00e5lrettet p\u00e5 at give vores passagerer en god oplevelse. \u00a0 \u00a0 \u00a0 \u00a0 \u00a0 \u00a0 \u00a0 \u00a0 \u00a0 \u00a0 \u00a0 \u00a0 \u00a0 [&hellip;]","og_url":"https:\/\/museumsbanen.dk\/de\/hvem-er-vi\/bliv-frivillig\/","og_site_name":"Museumsbanen Maribo-Bandholm","article_publisher":"https:\/\/www.facebook.com\/groups\/177166785691991\/","article_modified_time":"2025-05-29T08:55:35+00:00","og_image":[{"url":"https:\/\/museumsbanen.dk\/wp-content\/uploads\/DSC_4688-scaled.jpg","type":"","width":"","height":""}],"twitter_card":"summary_large_image","twitter_misc":{"Gesch\u00e4tzte Lesezeit":"3\u00a0Minuten"},"schema":{"@context":"https:\/\/schema.org","@graph":[{"@type":"WebPage","@id":"https:\/\/museumsbanen.dk\/hvem-er-vi\/bliv-frivillig\/","url":"https:\/\/museumsbanen.dk\/hvem-er-vi\/bliv-frivillig\/","name":"Werden Sie Freiwilliger \u2013 Museumseisenbahn Maribo-Bandholm","isPartOf":{"@id":"https:\/\/museumsbanen.dk\/#website"},"primaryImageOfPage":{"@id":"https:\/\/museumsbanen.dk\/hvem-er-vi\/bliv-frivillig\/#primaryimage"},"image":{"@id":"https:\/\/museumsbanen.dk\/hvem-er-vi\/bliv-frivillig\/#primaryimage"},"thumbnailUrl":"https:\/\/museumsbanen.dk\/wp-content\/uploads\/DSC_4688-scaled.jpg","datePublished":"2025-04-30T07:15:21+00:00","dateModified":"2025-05-29T08:55:35+00:00","breadcrumb":{"@id":"https:\/\/museumsbanen.dk\/hvem-er-vi\/bliv-frivillig\/#breadcrumb"},"inLanguage":"de","potentialAction":[{"@type":"ReadAction","target":["https:\/\/museumsbanen.dk\/hvem-er-vi\/bliv-frivillig\/"]}]},{"@type":"ImageObject","inLanguage":"de","@id":"https:\/\/museumsbanen.dk\/hvem-er-vi\/bliv-frivillig\/#primaryimage","url":"https:\/\/museumsbanen.dk\/wp-content\/uploads\/DSC_4688-scaled.jpg","contentUrl":"https:\/\/museumsbanen.dk\/wp-content\/uploads\/DSC_4688-scaled.jpg"},{"@type":"BreadcrumbList","@id":"https:\/\/museumsbanen.dk\/hvem-er-vi\/bliv-frivillig\/#breadcrumb","itemListElement":[{"@type":"ListItem","position":1,"name":"Hjem","item":"https:\/\/museumsbanen.dk\/"},{"@type":"ListItem","position":2,"name":"Hvem er vi","item":"https:\/\/museumsbanen.dk\/hvem-er-vi\/"},{"@type":"ListItem","position":3,"name":"Bliv frivillig"}]},{"@type":"WebSite","@id":"https:\/\/museumsbanen.dk\/#website","url":"https:\/\/museumsbanen.dk\/","name":"Die Bandholm-Maribo-Museumseisenbahn","description":"","publisher":{"@id":"https:\/\/museumsbanen.dk\/#organization"},"potentialAction":[{"@type":"SearchAction","target":{"@type":"EntryPoint","urlTemplate":"https:\/\/museumsbanen.dk\/?s={search_term_string}"},"query-input":{"@type":"PropertyValueSpecification","valueRequired":true,"valueName":"search_term_string"}}],"inLanguage":"de"},{"@type":"Organization","@id":"https:\/\/museumsbanen.dk\/#organization","name":"Museumsbahn Maribo-Bandholm, D\u00e4nischer Eisenbahnclub","url":"https:\/\/museumsbanen.dk\/","logo":{"@type":"ImageObject","inLanguage":"de","@id":"https:\/\/museumsbanen.dk\/#\/schema\/logo\/image\/","url":"https:\/\/museumsbanen.dk\/wp-content\/uploads\/logo.png","contentUrl":"https:\/\/museumsbanen.dk\/wp-content\/uploads\/logo.png","width":347,"height":220,"caption":"Museumsbanen Maribo-Bandholm, Dansk Jernbane-Klub"},"image":{"@id":"https:\/\/museumsbanen.dk\/#\/schema\/logo\/image\/"},"sameAs":["https:\/\/www.facebook.com\/groups\/177166785691991\/","https:\/\/www.instagram.com\/museumsbanen_maribo_bandholm\/","https:\/\/www.youtube.com\/@museumsbanenmaribo-bandhol8830"]}]}},"_links":{"self":[{"href":"https:\/\/museumsbanen.dk\/de\/wp-json\/wp\/v2\/pages\/7436","targetHints":{"allow":["GET"]}}],"collection":[{"href":"https:\/\/museumsbanen.dk\/de\/wp-json\/wp\/v2\/pages"}],"about":[{"href":"https:\/\/museumsbanen.dk\/de\/wp-json\/wp\/v2\/types\/page"}],"author":[{"embeddable":true,"href":"https:\/\/museumsbanen.dk\/de\/wp-json\/wp\/v2\/users\/1"}],"replies":[{"embeddable":true,"href":"https:\/\/museumsbanen.dk\/de\/wp-json\/wp\/v2\/comments?post=7436"}],"version-history":[{"count":3,"href":"https:\/\/museumsbanen.dk\/de\/wp-json\/wp\/v2\/pages\/7436\/revisions"}],"predecessor-version":[{"id":8436,"href":"https:\/\/museumsbanen.dk\/de\/wp-json\/wp\/v2\/pages\/7436\/revisions\/8436"}],"up":[{"embeddable":true,"href":"https:\/\/museumsbanen.dk\/de\/wp-json\/wp\/v2\/pages\/6943"}],"wp:attachment":[{"href":"https:\/\/museumsbanen.dk\/de\/wp-json\/wp\/v2\/media?parent=7436"}],"curies":[{"name":"wp","href":"https:\/\/api.w.org\/{rel}","templated":true}]}}