{"id":7461,"date":"2025-04-30T09:32:47","date_gmt":"2025-04-30T07:32:47","guid":{"rendered":"http:\/\/46.4.84.82\/~museumsbanen\/?page_id=7461"},"modified":"2026-03-12T18:00:53","modified_gmt":"2026-03-12T17:00:53","slug":"eget-saertog","status":"publish","type":"page","link":"https:\/\/museumsbanen.dk\/de\/vi-tilbyder\/eget-saertog\/","title":{"rendered":"Eigener Sonderzug"},"content":{"rendered":"<div data-elementor-type=\"wp-page\" data-elementor-id=\"7461\" class=\"elementor elementor-7461\" data-elementor-post-type=\"page\">\n\t\t\t\t<div class=\"elementor-element elementor-element-e1cdc5a e-flex e-con-boxed e-con e-parent\" data-id=\"e1cdc5a\" data-element_type=\"container\" data-e-type=\"container\">\n\t\t\t\t\t<div class=\"e-con-inner\">\n\t\t\t\t<div class=\"elementor-element elementor-element-9b21878 elementor-widget elementor-widget-spacer\" data-id=\"9b21878\" data-element_type=\"widget\" data-e-type=\"widget\" data-widget_type=\"spacer.default\">\n\t\t\t\t<div class=\"elementor-widget-container\">\n\t\t\t\t\t\t\t<div class=\"elementor-spacer\">\n\t\t\t<div class=\"elementor-spacer-inner\"><\/div>\n\t\t<\/div>\n\t\t\t\t\t\t<\/div>\n\t\t\t\t<\/div>\n\t\t\t\t\t<\/div>\n\t\t\t\t<\/div>\n\t\t<div class=\"elementor-element elementor-element-ff01f48 e-flex e-con-boxed e-con e-parent\" data-id=\"ff01f48\" data-element_type=\"container\" data-e-type=\"container\">\n\t\t\t\t\t<div class=\"e-con-inner\">\n\t\t\t\t<div class=\"elementor-element elementor-element-259287f top-image-carousel elementor-widget elementor-widget-image-carousel\" data-id=\"259287f\" data-element_type=\"widget\" data-e-type=\"widget\" data-settings=\"{&quot;slides_to_show&quot;:&quot;1&quot;,&quot;navigation&quot;:&quot;none&quot;,&quot;autoplay&quot;:&quot;yes&quot;,&quot;pause_on_hover&quot;:&quot;yes&quot;,&quot;pause_on_interaction&quot;:&quot;yes&quot;,&quot;autoplay_speed&quot;:5000,&quot;infinite&quot;:&quot;yes&quot;,&quot;effect&quot;:&quot;slide&quot;,&quot;speed&quot;:500}\" data-widget_type=\"image-carousel.default\">\n\t\t\t\t<div class=\"elementor-widget-container\">\n\t\t\t\t\t\t\t<div class=\"elementor-image-carousel-wrapper swiper\" role=\"region\" aria-roledescription=\"carousel\" aria-label=\"Bilderkarussell\" dir=\"ltr\">\n\t\t\t<div class=\"elementor-image-carousel swiper-wrapper\" aria-live=\"off\">\n\t\t\t\t\t\t\t\t<div class=\"swiper-slide\" role=\"group\" aria-roledescription=\"slide\" aria-label=\"1 von 1\"><figure class=\"swiper-slide-inner\"><img decoding=\"async\" class=\"swiper-slide-image\" src=\"https:\/\/museumsbanen.dk\/wp-content\/uploads\/DSC00465-scaled.jpg\" alt=\"DSC00465\" \/><\/figure><\/div>\t\t\t<\/div>\n\t\t\t\t\t<\/div>\n\t\t\t\t\t\t<\/div>\n\t\t\t\t<\/div>\n\t\t\t\t\t<\/div>\n\t\t\t\t<\/div>\n\t\t<div class=\"elementor-element elementor-element-7d8d7ca e-flex e-con-boxed e-con e-parent\" data-id=\"7d8d7ca\" data-element_type=\"container\" data-e-type=\"container\">\n\t\t\t\t\t<div class=\"e-con-inner\">\n\t\t\t\t<div class=\"elementor-element elementor-element-e4f4020 elementor-widget elementor-widget-text-editor\" data-id=\"e4f4020\" data-element_type=\"widget\" data-e-type=\"widget\" data-widget_type=\"text-editor.default\">\n\t\t\t\t<div class=\"elementor-widget-container\">\n\t\t\t\t\t\t\t\t\t<h2 class=\"smPagesParagraph\">Buchen Sie einen privaten Sonderzug<\/h2><div class=\"smPagesParagraph\">In der Betriebssaison 2026 ist es, sofern der regul\u00e4re Verkehr dies zul\u00e4sst, m\u00f6glich, Transporte auch zu anderen Zeiten und an anderen Tagen als den im Kalender angegebenen zu bestellen.<\/div><div class=\"smPagesParagraph\">Schreiben Sie uns \u00fcber das Formular unten auf der Seite und wir pr\u00fcfen, ob Ihr Wunsch erf\u00fcllt werden kann und planen Ihren Sonderzug mit einem zu Ihrer Veranstaltung passenden Fahrplan und Unterk\u00fcnften.<\/div><div class=\"smPagesParagraph\">Sonderz\u00fcge m\u00fcssen so fr\u00fch wie m\u00f6glich und sp\u00e4testens 15 Tage im Voraus gebucht werden.<\/div><div>\u00a0<\/div><div class=\"smPagesParagraph\"><p>Der Preis f\u00fcr Sonderz\u00fcge im Jahr 2025 mit bis zu 50 Erwachsenen beginnt bei:<br \/>8.400 DKK f\u00fcr den Zug mit der Dampflokomotive Maribo-Bandholm und zur\u00fcck\u00a0<br \/>6.900 DKK f\u00fcr den Zug mit der Motorlokomotive Maribo-Bandholm und zur\u00fcck\u00a0<\/p><p>Bei mehr als 50 Reisenden f\u00e4llt ein Zuschlag an.<\/p><\/div><div class=\"smPagesParagraph\"><p>Gegen eine zus\u00e4tzliche Geb\u00fchr kann ein Ausflugswagen mit Tischen an den Sonderzug angekoppelt werden. Die Museumsbahn bietet auch Tischservice an.<\/p><p>Sonderz\u00fcge m\u00fcssen mindestens 15 Tage im Voraus gebucht werden. Es wird empfohlen, fr\u00fchzeitig zu buchen.<\/p><\/div><div class=\"smPagesParagraph\">\u00a0<\/div>\t\t\t\t\t\t\t\t<\/div>\n\t\t\t\t<\/div>\n\t\t\t\t\t<\/div>\n\t\t\t\t<\/div>\n\t\t<div class=\"elementor-element elementor-element-ea19ef9 red-border-section e-flex e-con-boxed e-con e-parent\" data-id=\"ea19ef9\" data-element_type=\"container\" data-e-type=\"container\">\n\t\t\t\t\t<div class=\"e-con-inner\">\n\t\t<div class=\"elementor-element elementor-element-568ec8f1 e-con-full red-border-box e-flex e-con e-child\" data-id=\"568ec8f1\" data-element_type=\"container\" data-e-type=\"container\" data-settings=\"{&quot;background_background&quot;:&quot;classic&quot;}\">\n\t\t<div class=\"elementor-element elementor-element-2e86cb0e e-con-full image-part e-flex e-con e-child\" data-id=\"2e86cb0e\" data-element_type=\"container\" data-e-type=\"container\">\n\t\t\t\t<div class=\"elementor-element elementor-element-59e6113e elementor-widget elementor-widget-image\" data-id=\"59e6113e\" data-element_type=\"widget\" data-e-type=\"widget\" data-widget_type=\"image.default\">\n\t\t\t\t<div class=\"elementor-widget-container\">\n\t\t\t\t\t\t\t\t\t\t\t\t\t\t\t<img fetchpriority=\"high\" decoding=\"async\" width=\"800\" height=\"585\" src=\"https:\/\/museumsbanen.dk\/wp-content\/uploads\/442439044_906537981275902_7317466479584152638_n.png\" class=\"attachment-large size-large wp-image-6416\" alt=\"\" srcset=\"https:\/\/museumsbanen.dk\/wp-content\/uploads\/442439044_906537981275902_7317466479584152638_n.png 820w, https:\/\/museumsbanen.dk\/wp-content\/uploads\/442439044_906537981275902_7317466479584152638_n-300x220.png 300w, https:\/\/museumsbanen.dk\/wp-content\/uploads\/442439044_906537981275902_7317466479584152638_n-768x562.png 768w\" sizes=\"(max-width: 800px) 100vw, 800px\" \/>\t\t\t\t\t\t\t\t\t\t\t\t\t\t\t<\/div>\n\t\t\t\t<\/div>\n\t\t\t\t<\/div>\n\t\t<div class=\"elementor-element elementor-element-1f6edf4b e-con-full text-part e-flex e-con e-child\" data-id=\"1f6edf4b\" data-element_type=\"container\" data-e-type=\"container\">\n\t\t\t\t<div class=\"elementor-element elementor-element-c7c086e elementor-widget elementor-widget-heading\" data-id=\"c7c086e\" data-element_type=\"widget\" data-e-type=\"widget\" data-widget_type=\"heading.default\">\n\t\t\t\t<div class=\"elementor-widget-container\">\n\t\t\t\t\t<h2 class=\"elementor-heading-title elementor-size-default\">Ohne Essen und Trinken....<\/h2>\t\t\t\t<\/div>\n\t\t\t\t<\/div>\n\t\t\t\t<div class=\"elementor-element elementor-element-48c4725a elementor-widget elementor-widget-text-editor\" data-id=\"48c4725a\" data-element_type=\"widget\" data-e-type=\"widget\" data-widget_type=\"text-editor.default\">\n\t\t\t\t<div class=\"elementor-widget-container\">\n\t\t\t\t\t\t\t\t\t<p>Sie d\u00fcrfen Ihre eigenen Speisen und Getr\u00e4nke mit in den Zug nehmen, aber mehrere Restaurantbesitzer in der Gegend liefern Ihnen gerne alles von Essensk\u00f6rben bis hin zu Partyessen.<\/p>\t\t\t\t\t\t\t\t<\/div>\n\t\t\t\t<\/div>\n\t\t\t\t<\/div>\n\t\t\t\t<\/div>\n\t\t\t\t\t<\/div>\n\t\t\t\t<\/div>\n\t\t<div class=\"elementor-element elementor-element-5b596fc0 red-border-section e-flex e-con-boxed e-con e-parent\" data-id=\"5b596fc0\" data-element_type=\"container\" data-e-type=\"container\">\n\t\t\t\t\t<div class=\"e-con-inner\">\n\t\t<div class=\"elementor-element elementor-element-a1f932e e-con-full red-border-box e-flex e-con e-child\" data-id=\"a1f932e\" data-element_type=\"container\" data-e-type=\"container\" data-settings=\"{&quot;background_background&quot;:&quot;classic&quot;}\">\n\t\t<div class=\"elementor-element elementor-element-5e9df91b e-con-full text-part e-flex e-con e-child\" data-id=\"5e9df91b\" data-element_type=\"container\" data-e-type=\"container\">\n\t\t\t\t<div class=\"elementor-element elementor-element-76e34f85 elementor-widget elementor-widget-heading\" data-id=\"76e34f85\" data-element_type=\"widget\" data-e-type=\"widget\" data-widget_type=\"heading.default\">\n\t\t\t\t<div class=\"elementor-widget-container\">\n\t\t\t\t\t<h2 class=\"elementor-heading-title elementor-size-default\">Befehl<\/h2>\t\t\t\t<\/div>\n\t\t\t\t<\/div>\n\t\t\t\t<div class=\"elementor-element elementor-element-4985a164 elementor-widget elementor-widget-text-editor\" data-id=\"4985a164\" data-element_type=\"widget\" data-e-type=\"widget\" data-widget_type=\"text-editor.default\">\n\t\t\t\t<div class=\"elementor-widget-container\">\n\t\t\t\t\t\t\t\t\t<p>Nutzen Sie das Kontaktformular, um private Sonderz\u00fcge anzufragen.<\/p>\t\t\t\t\t\t\t\t<\/div>\n\t\t\t\t<\/div>\n\t\t\t\t<div class=\"elementor-element elementor-element-2a6bcfc4 elementor-widget elementor-widget-button\" data-id=\"2a6bcfc4\" data-element_type=\"widget\" data-e-type=\"widget\" data-widget_type=\"button.default\">\n\t\t\t\t<div class=\"elementor-widget-container\">\n\t\t\t\t\t\t\t\t\t<div class=\"elementor-button-wrapper\">\n\t\t\t\t\t<a class=\"elementor-button elementor-button-link elementor-size-sm elementor-animation-grow\" href=\"https:\/\/museumsbanen.dk\/de\/vi-tilbyder\/kontakt-om-ydelser\/\">\n\t\t\t\t\t\t<span class=\"elementor-button-content-wrapper\">\n\t\t\t\t\t\t\t\t\t<span class=\"elementor-button-text\">Kontaktieren Sie uns<\/span>\n\t\t\t\t\t<\/span>\n\t\t\t\t\t<\/a>\n\t\t\t\t<\/div>\n\t\t\t\t\t\t\t\t<\/div>\n\t\t\t\t<\/div>\n\t\t\t\t<\/div>\n\t\t<div class=\"elementor-element elementor-element-3e6540c1 e-con-full image-part e-flex e-con e-child\" data-id=\"3e6540c1\" data-element_type=\"container\" data-e-type=\"container\">\n\t\t\t\t<div class=\"elementor-element elementor-element-b123c50 elementor-widget elementor-widget-image\" data-id=\"b123c50\" data-element_type=\"widget\" data-e-type=\"widget\" data-widget_type=\"image.default\">\n\t\t\t\t<div class=\"elementor-widget-container\">\n\t\t\t\t\t\t\t\t\t\t\t\t\t\t\t<img decoding=\"async\" width=\"800\" height=\"600\" src=\"https:\/\/museumsbanen.dk\/wp-content\/uploads\/MBJ-Personale-mini-1-1024x768.jpg\" class=\"attachment-large size-large wp-image-7112\" alt=\"\" srcset=\"https:\/\/museumsbanen.dk\/wp-content\/uploads\/MBJ-Personale-mini-1-1024x768.jpg 1024w, https:\/\/museumsbanen.dk\/wp-content\/uploads\/MBJ-Personale-mini-1-300x225.jpg 300w, https:\/\/museumsbanen.dk\/wp-content\/uploads\/MBJ-Personale-mini-1-768x576.jpg 768w, https:\/\/museumsbanen.dk\/wp-content\/uploads\/MBJ-Personale-mini-1-1536x1152.jpg 1536w, https:\/\/museumsbanen.dk\/wp-content\/uploads\/MBJ-Personale-mini-1-2048x1536.jpg 2048w, https:\/\/museumsbanen.dk\/wp-content\/uploads\/MBJ-Personale-mini-1-16x12.jpg 16w\" sizes=\"(max-width: 800px) 100vw, 800px\" \/>\t\t\t\t\t\t\t\t\t\t\t\t\t\t\t<\/div>\n\t\t\t\t<\/div>\n\t\t\t\t<\/div>\n\t\t\t\t<\/div>\n\t\t\t\t\t<\/div>\n\t\t\t\t<\/div>\n\t\t\t\t<\/div>","protected":false},"excerpt":{"rendered":"<p>Bestil privat s\u00e6rtog I drifts\u00e6sonen 2026 kan der, hvis den almindelige k\u00f8rsel tillader det, bestilles k\u00f8rsel p\u00e5 andre tidspunkter og dage end dem der n\u00e6vnt i kalenderen.Skriv til os p\u00e5 [&hellip;]<\/p>\n","protected":false},"author":1,"featured_media":0,"parent":7338,"menu_order":0,"comment_status":"closed","ping_status":"closed","template":"","meta":{"inline_featured_image":false,"footnotes":""},"class_list":["post-7461","page","type-page","status-publish","hentry"],"yoast_head":"<!-- This site is optimized with the Yoast SEO plugin v27.4 - https:\/\/yoast.com\/product\/yoast-seo-wordpress\/ -->\n<title>Eget s\u00e6rtog - Museumsbanen Maribo-Bandholm<\/title>\n<meta name=\"robots\" content=\"index, follow, max-snippet:-1, max-image-preview:large, max-video-preview:-1\" \/>\n<link rel=\"canonical\" href=\"https:\/\/museumsbanen.dk\/de\/vi-tilbyder\/eget-saertog\/\" \/>\n<meta property=\"og:locale\" content=\"de_DE\" \/>\n<meta property=\"og:type\" content=\"article\" \/>\n<meta property=\"og:title\" content=\"Eget s\u00e6rtog - Museumsbanen Maribo-Bandholm\" \/>\n<meta property=\"og:description\" content=\"Bestil privat s\u00e6rtog I drifts\u00e6sonen 2026 kan der, hvis den almindelige k\u00f8rsel tillader det, bestilles k\u00f8rsel p\u00e5 andre tidspunkter og dage end dem der n\u00e6vnt i kalenderen.Skriv til os p\u00e5 [&hellip;]\" \/>\n<meta property=\"og:url\" content=\"https:\/\/museumsbanen.dk\/de\/vi-tilbyder\/eget-saertog\/\" \/>\n<meta property=\"og:site_name\" content=\"Museumsbanen Maribo-Bandholm\" \/>\n<meta property=\"article:publisher\" content=\"https:\/\/www.facebook.com\/groups\/177166785691991\/\" \/>\n<meta property=\"article:modified_time\" content=\"2026-03-12T17:00:53+00:00\" \/>\n<meta property=\"og:image\" content=\"https:\/\/museumsbanen.dk\/wp-content\/uploads\/DSC00465-scaled.jpg\" \/>\n<meta name=\"twitter:card\" content=\"summary_large_image\" \/>\n<meta name=\"twitter:label1\" content=\"Gesch\u00e4tzte Lesezeit\" \/>\n\t<meta name=\"twitter:data1\" content=\"2\u00a0Minuten\" \/>\n<script type=\"application\/ld+json\" class=\"yoast-schema-graph\">{\"@context\":\"https:\\\/\\\/schema.org\",\"@graph\":[{\"@type\":\"WebPage\",\"@id\":\"https:\\\/\\\/museumsbanen.dk\\\/vi-tilbyder\\\/eget-saertog\\\/\",\"url\":\"https:\\\/\\\/museumsbanen.dk\\\/vi-tilbyder\\\/eget-saertog\\\/\",\"name\":\"Eget s\u00e6rtog - Museumsbanen Maribo-Bandholm\",\"isPartOf\":{\"@id\":\"https:\\\/\\\/museumsbanen.dk\\\/#website\"},\"primaryImageOfPage\":{\"@id\":\"https:\\\/\\\/museumsbanen.dk\\\/vi-tilbyder\\\/eget-saertog\\\/#primaryimage\"},\"image\":{\"@id\":\"https:\\\/\\\/museumsbanen.dk\\\/vi-tilbyder\\\/eget-saertog\\\/#primaryimage\"},\"thumbnailUrl\":\"https:\\\/\\\/museumsbanen.dk\\\/wp-content\\\/uploads\\\/DSC00465-scaled.jpg\",\"datePublished\":\"2025-04-30T07:32:47+00:00\",\"dateModified\":\"2026-03-12T17:00:53+00:00\",\"breadcrumb\":{\"@id\":\"https:\\\/\\\/museumsbanen.dk\\\/vi-tilbyder\\\/eget-saertog\\\/#breadcrumb\"},\"inLanguage\":\"de\",\"potentialAction\":[{\"@type\":\"ReadAction\",\"target\":[\"https:\\\/\\\/museumsbanen.dk\\\/vi-tilbyder\\\/eget-saertog\\\/\"]}]},{\"@type\":\"ImageObject\",\"inLanguage\":\"de\",\"@id\":\"https:\\\/\\\/museumsbanen.dk\\\/vi-tilbyder\\\/eget-saertog\\\/#primaryimage\",\"url\":\"https:\\\/\\\/museumsbanen.dk\\\/wp-content\\\/uploads\\\/DSC00465-scaled.jpg\",\"contentUrl\":\"https:\\\/\\\/museumsbanen.dk\\\/wp-content\\\/uploads\\\/DSC00465-scaled.jpg\"},{\"@type\":\"BreadcrumbList\",\"@id\":\"https:\\\/\\\/museumsbanen.dk\\\/vi-tilbyder\\\/eget-saertog\\\/#breadcrumb\",\"itemListElement\":[{\"@type\":\"ListItem\",\"position\":1,\"name\":\"Hjem\",\"item\":\"https:\\\/\\\/museumsbanen.dk\\\/\"},{\"@type\":\"ListItem\",\"position\":2,\"name\":\"Vi tilbyder\",\"item\":\"https:\\\/\\\/museumsbanen.dk\\\/vi-tilbyder\\\/\"},{\"@type\":\"ListItem\",\"position\":3,\"name\":\"Eget s\u00e6rtog\"}]},{\"@type\":\"WebSite\",\"@id\":\"https:\\\/\\\/museumsbanen.dk\\\/#website\",\"url\":\"https:\\\/\\\/museumsbanen.dk\\\/\",\"name\":\"Museumsbanen Bandholm-Maribo\",\"description\":\"\",\"publisher\":{\"@id\":\"https:\\\/\\\/museumsbanen.dk\\\/#organization\"},\"potentialAction\":[{\"@type\":\"SearchAction\",\"target\":{\"@type\":\"EntryPoint\",\"urlTemplate\":\"https:\\\/\\\/museumsbanen.dk\\\/?s={search_term_string}\"},\"query-input\":{\"@type\":\"PropertyValueSpecification\",\"valueRequired\":true,\"valueName\":\"search_term_string\"}}],\"inLanguage\":\"de\"},{\"@type\":\"Organization\",\"@id\":\"https:\\\/\\\/museumsbanen.dk\\\/#organization\",\"name\":\"Museumsbanen Maribo-Bandholm, Dansk Jernbane-Klub\",\"url\":\"https:\\\/\\\/museumsbanen.dk\\\/\",\"logo\":{\"@type\":\"ImageObject\",\"inLanguage\":\"de\",\"@id\":\"https:\\\/\\\/museumsbanen.dk\\\/#\\\/schema\\\/logo\\\/image\\\/\",\"url\":\"https:\\\/\\\/museumsbanen.dk\\\/wp-content\\\/uploads\\\/logo.png\",\"contentUrl\":\"https:\\\/\\\/museumsbanen.dk\\\/wp-content\\\/uploads\\\/logo.png\",\"width\":347,\"height\":220,\"caption\":\"Museumsbanen Maribo-Bandholm, Dansk Jernbane-Klub\"},\"image\":{\"@id\":\"https:\\\/\\\/museumsbanen.dk\\\/#\\\/schema\\\/logo\\\/image\\\/\"},\"sameAs\":[\"https:\\\/\\\/www.facebook.com\\\/groups\\\/177166785691991\\\/\",\"https:\\\/\\\/www.instagram.com\\\/museumsbanen_maribo_bandholm\\\/\",\"https:\\\/\\\/www.youtube.com\\\/@museumsbanenmaribo-bandhol8830\"]}]}<\/script>\n<!-- \/ Yoast SEO plugin. -->","yoast_head_json":{"title":"Eigener Sonderzug - Museumseisenbahn Maribo-Bandholm","robots":{"index":"index","follow":"follow","max-snippet":"max-snippet:-1","max-image-preview":"max-image-preview:large","max-video-preview":"max-video-preview:-1"},"canonical":"https:\/\/museumsbanen.dk\/de\/vi-tilbyder\/eget-saertog\/","og_locale":"de_DE","og_type":"article","og_title":"Eget s\u00e6rtog - Museumsbanen Maribo-Bandholm","og_description":"Bestil privat s\u00e6rtog I drifts\u00e6sonen 2026 kan der, hvis den almindelige k\u00f8rsel tillader det, bestilles k\u00f8rsel p\u00e5 andre tidspunkter og dage end dem der n\u00e6vnt i kalenderen.Skriv til os p\u00e5 [&hellip;]","og_url":"https:\/\/museumsbanen.dk\/de\/vi-tilbyder\/eget-saertog\/","og_site_name":"Museumsbanen Maribo-Bandholm","article_publisher":"https:\/\/www.facebook.com\/groups\/177166785691991\/","article_modified_time":"2026-03-12T17:00:53+00:00","og_image":[{"url":"https:\/\/museumsbanen.dk\/wp-content\/uploads\/DSC00465-scaled.jpg","type":"","width":"","height":""}],"twitter_card":"summary_large_image","twitter_misc":{"Gesch\u00e4tzte Lesezeit":"2\u00a0Minuten"},"schema":{"@context":"https:\/\/schema.org","@graph":[{"@type":"WebPage","@id":"https:\/\/museumsbanen.dk\/vi-tilbyder\/eget-saertog\/","url":"https:\/\/museumsbanen.dk\/vi-tilbyder\/eget-saertog\/","name":"Eigener Sonderzug - Museumseisenbahn Maribo-Bandholm","isPartOf":{"@id":"https:\/\/museumsbanen.dk\/#website"},"primaryImageOfPage":{"@id":"https:\/\/museumsbanen.dk\/vi-tilbyder\/eget-saertog\/#primaryimage"},"image":{"@id":"https:\/\/museumsbanen.dk\/vi-tilbyder\/eget-saertog\/#primaryimage"},"thumbnailUrl":"https:\/\/museumsbanen.dk\/wp-content\/uploads\/DSC00465-scaled.jpg","datePublished":"2025-04-30T07:32:47+00:00","dateModified":"2026-03-12T17:00:53+00:00","breadcrumb":{"@id":"https:\/\/museumsbanen.dk\/vi-tilbyder\/eget-saertog\/#breadcrumb"},"inLanguage":"de","potentialAction":[{"@type":"ReadAction","target":["https:\/\/museumsbanen.dk\/vi-tilbyder\/eget-saertog\/"]}]},{"@type":"ImageObject","inLanguage":"de","@id":"https:\/\/museumsbanen.dk\/vi-tilbyder\/eget-saertog\/#primaryimage","url":"https:\/\/museumsbanen.dk\/wp-content\/uploads\/DSC00465-scaled.jpg","contentUrl":"https:\/\/museumsbanen.dk\/wp-content\/uploads\/DSC00465-scaled.jpg"},{"@type":"BreadcrumbList","@id":"https:\/\/museumsbanen.dk\/vi-tilbyder\/eget-saertog\/#breadcrumb","itemListElement":[{"@type":"ListItem","position":1,"name":"Hjem","item":"https:\/\/museumsbanen.dk\/"},{"@type":"ListItem","position":2,"name":"Vi tilbyder","item":"https:\/\/museumsbanen.dk\/vi-tilbyder\/"},{"@type":"ListItem","position":3,"name":"Eget s\u00e6rtog"}]},{"@type":"WebSite","@id":"https:\/\/museumsbanen.dk\/#website","url":"https:\/\/museumsbanen.dk\/","name":"Die Bandholm-Maribo-Museumseisenbahn","description":"","publisher":{"@id":"https:\/\/museumsbanen.dk\/#organization"},"potentialAction":[{"@type":"SearchAction","target":{"@type":"EntryPoint","urlTemplate":"https:\/\/museumsbanen.dk\/?s={search_term_string}"},"query-input":{"@type":"PropertyValueSpecification","valueRequired":true,"valueName":"search_term_string"}}],"inLanguage":"de"},{"@type":"Organization","@id":"https:\/\/museumsbanen.dk\/#organization","name":"Museumsbahn Maribo-Bandholm, D\u00e4nischer Eisenbahnclub","url":"https:\/\/museumsbanen.dk\/","logo":{"@type":"ImageObject","inLanguage":"de","@id":"https:\/\/museumsbanen.dk\/#\/schema\/logo\/image\/","url":"https:\/\/museumsbanen.dk\/wp-content\/uploads\/logo.png","contentUrl":"https:\/\/museumsbanen.dk\/wp-content\/uploads\/logo.png","width":347,"height":220,"caption":"Museumsbanen Maribo-Bandholm, Dansk Jernbane-Klub"},"image":{"@id":"https:\/\/museumsbanen.dk\/#\/schema\/logo\/image\/"},"sameAs":["https:\/\/www.facebook.com\/groups\/177166785691991\/","https:\/\/www.instagram.com\/museumsbanen_maribo_bandholm\/","https:\/\/www.youtube.com\/@museumsbanenmaribo-bandhol8830"]}]}},"_links":{"self":[{"href":"https:\/\/museumsbanen.dk\/de\/wp-json\/wp\/v2\/pages\/7461","targetHints":{"allow":["GET"]}}],"collection":[{"href":"https:\/\/museumsbanen.dk\/de\/wp-json\/wp\/v2\/pages"}],"about":[{"href":"https:\/\/museumsbanen.dk\/de\/wp-json\/wp\/v2\/types\/page"}],"author":[{"embeddable":true,"href":"https:\/\/museumsbanen.dk\/de\/wp-json\/wp\/v2\/users\/1"}],"replies":[{"embeddable":true,"href":"https:\/\/museumsbanen.dk\/de\/wp-json\/wp\/v2\/comments?post=7461"}],"version-history":[{"count":3,"href":"https:\/\/museumsbanen.dk\/de\/wp-json\/wp\/v2\/pages\/7461\/revisions"}],"predecessor-version":[{"id":9855,"href":"https:\/\/museumsbanen.dk\/de\/wp-json\/wp\/v2\/pages\/7461\/revisions\/9855"}],"up":[{"embeddable":true,"href":"https:\/\/museumsbanen.dk\/de\/wp-json\/wp\/v2\/pages\/7338"}],"wp:attachment":[{"href":"https:\/\/museumsbanen.dk\/de\/wp-json\/wp\/v2\/media?parent=7461"}],"curies":[{"name":"wp","href":"https:\/\/api.w.org\/{rel}","templated":true}]}}