{"id":6873,"date":"2025-04-24T16:19:40","date_gmt":"2025-04-24T14:19:40","guid":{"rendered":"http:\/\/46.4.84.82\/~museumsbanen\/?page_id=6873"},"modified":"2025-05-28T14:19:25","modified_gmt":"2025-05-28T12:19:25","slug":"banen","status":"publish","type":"page","link":"https:\/\/museumsbanen.dk\/en\/historie\/banen\/","title":{"rendered":"The track"},"content":{"rendered":"<div data-elementor-type=\"wp-page\" data-elementor-id=\"6873\" class=\"elementor elementor-6873\" data-elementor-post-type=\"page\">\n\t\t\t\t<div class=\"elementor-element elementor-element-e1cdc5a e-flex e-con-boxed e-con e-parent\" data-id=\"e1cdc5a\" data-element_type=\"container\" data-e-type=\"container\">\n\t\t\t\t\t<div class=\"e-con-inner\">\n\t\t\t\t<div class=\"elementor-element elementor-element-6c20aa4 elementor-widget elementor-widget-spacer\" data-id=\"6c20aa4\" data-element_type=\"widget\" data-e-type=\"widget\" data-widget_type=\"spacer.default\">\n\t\t\t\t<div class=\"elementor-widget-container\">\n\t\t\t\t\t\t\t<div class=\"elementor-spacer\">\n\t\t\t<div class=\"elementor-spacer-inner\"><\/div>\n\t\t<\/div>\n\t\t\t\t\t\t<\/div>\n\t\t\t\t<\/div>\n\t\t\t\t\t<\/div>\n\t\t\t\t<\/div>\n\t\t<div class=\"elementor-element elementor-element-ff01f48 e-flex e-con-boxed e-con e-parent\" data-id=\"ff01f48\" data-element_type=\"container\" data-e-type=\"container\">\n\t\t\t\t\t<div class=\"e-con-inner\">\n\t\t\t\t<div class=\"elementor-element elementor-element-259287f top-image-carousel elementor-widget elementor-widget-image-carousel\" data-id=\"259287f\" data-element_type=\"widget\" data-e-type=\"widget\" data-settings=\"{&quot;slides_to_show&quot;:&quot;1&quot;,&quot;navigation&quot;:&quot;none&quot;,&quot;autoplay&quot;:&quot;yes&quot;,&quot;pause_on_hover&quot;:&quot;yes&quot;,&quot;pause_on_interaction&quot;:&quot;yes&quot;,&quot;autoplay_speed&quot;:5000,&quot;infinite&quot;:&quot;yes&quot;,&quot;effect&quot;:&quot;slide&quot;,&quot;speed&quot;:500}\" data-widget_type=\"image-carousel.default\">\n\t\t\t\t<div class=\"elementor-widget-container\">\n\t\t\t\t\t\t\t<div class=\"elementor-image-carousel-wrapper swiper\" role=\"region\" aria-roledescription=\"carousel\" aria-label=\"Image carousel\" dir=\"ltr\">\n\t\t\t<div class=\"elementor-image-carousel swiper-wrapper\" aria-live=\"off\">\n\t\t\t\t\t\t\t\t<div class=\"swiper-slide\" role=\"group\" aria-roledescription=\"slide\" aria-label=\"1 of 1\"><figure class=\"swiper-slide-inner\"><img decoding=\"async\" class=\"swiper-slide-image\" src=\"https:\/\/museumsbanen.dk\/wp-content\/uploads\/GX010109_1748364592641-1640x500.jpg\" alt=\"GX010109_1748364592641\" \/><\/figure><\/div>\t\t\t<\/div>\n\t\t\t\t\t<\/div>\n\t\t\t\t\t\t<\/div>\n\t\t\t\t<\/div>\n\t\t\t\t\t<\/div>\n\t\t\t\t<\/div>\n\t\t<div class=\"elementor-element elementor-element-7d8d7ca e-flex e-con-boxed e-con e-parent\" data-id=\"7d8d7ca\" data-element_type=\"container\" data-e-type=\"container\">\n\t\t\t\t\t<div class=\"e-con-inner\">\n\t\t\t\t<div class=\"elementor-element elementor-element-e4f4020 elementor-widget elementor-widget-text-editor\" data-id=\"e4f4020\" data-element_type=\"widget\" data-e-type=\"widget\" data-widget_type=\"text-editor.default\">\n\t\t\t\t<div class=\"elementor-widget-container\">\n\t\t\t\t\t\t\t\t\t<h2 data-start=\"168\" data-end=\"222\">History of the Maribo \u2013 Bandholm railway<\/h2><p class=\"\" data-start=\"224\" data-end=\"448\">Maribo is the only market town on Lolland without a port. In the middle of the last century, the town was the center of extensive agricultural trade, especially with grain, and thus there was a need for better transport options to the port of Bandholm.<\/p><h3 class=\"\" data-start=\"450\" data-end=\"480\">Denmark&#039;s first private track<\/h3><p class=\"\" data-start=\"482\" data-end=\"666\">The railway between Maribo and Bandholm was inaugurated on November 2, 1869, with Knuthenborg Gods, which owns Bandholm Harbour, and Privatbanken as the main shareholders. It was Denmark&#039;s first private railway.<\/p><p class=\"\" data-start=\"668\" data-end=\"863\">Available for operation were 2 steam locomotives, built by Robert Stephenson in Newcastle, 6 passenger cars and 10 freight cars, built in Randers. The route is 8 km long and built with standard gauge.<\/p><h3 class=\"\" data-start=\"865\" data-end=\"904\">Bandholm station and its functions<\/h3><p class=\"\" data-start=\"906\" data-end=\"1165\">Bandholm station was built for its opening in 1869. The main building was furnished with an office, waiting room, station restaurant, post and telegraph office, storage room and accommodation for the station manager, who was also the line&#039;s operations manager. The conditions were cramped.<\/p><p class=\"\" data-start=\"1167\" data-end=\"1446\">Until 1879, tickets were sold on the trains, but after that the station sold tickets for both trains and certain ship routes. Bandholm harbor was a traffic hub for scheduled traffic with the islands of Ask\u00f8, Fej\u00f8 and Fem\u00f8, as well as a port of call for ship routes between Copenhagen and western Baltic ports.<\/p><h3 class=\"\" data-start=\"1448\" data-end=\"1480\">Port traffic and freight transport<\/h3><p class=\"\" data-start=\"1482\" data-end=\"1629\">Even greater importance was attached to freight traffic via the port, with grain, coal, lime and sugar. The sugar factories in Maribo and Holeby were important customers.<\/p><p class=\"\" data-start=\"1631\" data-end=\"1868\">Gradually, Maribo \u2013 Bandholm Jernbane A\/S was taken over by the Lolland-Falsterske Jernbane Selskab. In 1904, Bandholm station was staffed by 1 station manager, 1 assistant of 3rd class, 1 carriage master and 3 station attendants as well as 4 postmen.<\/p><h3 class=\"\" data-start=\"1870\" data-end=\"1908\">Expansion during World War I<\/h3><p class=\"\" data-start=\"1910\" data-end=\"2143\">During World War I, traffic increased so much that new buildings had to be built. In 1919, the warehouse north of the main building was built, and at the same time, the villa immediately north of the warehouse was built as a service residence for the stationmaster.<\/p><h3 class=\"\" data-start=\"2145\" data-end=\"2170\">Decline and transition<\/h3><p class=\"\" data-start=\"2172\" data-end=\"2363\">Until 1960, the Bandholm Line had a large freight traffic. On busy days, 2 locomotives were engaged in port marshalling and line running with 10-12 extra freight trains in addition to the normal timetable.<\/p><p class=\"\" data-start=\"2365\" data-end=\"2607\">But since then things have gone downhill. Passenger traffic was partly replaced by regular buses, and in October 1952 the last passenger train ran. The station operated fully until June 1953. It was converted into a regular bus station with a kiosk in 1956.<\/p><p class=\"\" data-start=\"2609\" data-end=\"2697\">Lolland Line continued to run freight wagons to Bandholm as needed until June 1999.<\/p><h2 data-start=\"2699\" data-end=\"2737\">The origin and development of the Museum Railway<\/h2><p class=\"\" data-start=\"2739\" data-end=\"2934\">In 1962, \u201cnew\u201d traffic came onto the line, as the Danish Railway Club received permission from Lolland Line to run a Museum Train between Maribo and Bandholm \u201con Sundays and public holidays, when there are no freight trains running\u201d.<\/p><p class=\"\" data-start=\"2936\" data-end=\"3135\">Since then, the Museum Line has expanded its operations somewhat, operating 50-60 days per year. The Museum Line officially became a veteran line in 2018, when Lokaltog transferred the management of the track to the association.<\/p><h3 class=\"\" data-start=\"3137\" data-end=\"3166\">Conservation and new use<\/h3><p class=\"\" data-start=\"3168\" data-end=\"3287\">The main building at Bandholm station was listed in 1972, and the Danish Railway Club bought the entire station in 1984, including the warehouse.<\/p><p class=\"\" data-start=\"3289\" data-end=\"3445\">During a major renovation in 1999, a toilet building was added, and a few years later \u2013 in 2012 \u2013 a special building for trolls was put into use.<\/p><h3 class=\"\" data-start=\"3447\" data-end=\"3494\">Preserved elements from the original course<\/h3><p class=\"\" data-start=\"3496\" data-end=\"3633\">From the original Maribo - Bandholm Railway, there is today - in addition to Bandholm station - the passenger car A 1, which still runs on the track.<\/p><h3 class=\"\" data-start=\"3635\" data-end=\"3649\">Literature<\/h3><p class=\"\" data-start=\"3651\" data-end=\"3782\">There is a wealth of literature about railways, including some about the Museum Railway. Interested parties can be referred to Railway Books.<\/p>\t\t\t\t\t\t\t\t<\/div>\n\t\t\t\t<\/div>\n\t\t\t\t\t<\/div>\n\t\t\t\t<\/div>\n\t\t\t\t<\/div>","protected":false},"excerpt":{"rendered":"<p>Maribo &#8211; Bandholm jernbanes historie Maribo er den eneste k\u00f8bstad p\u00e5 Lolland uden havn. I midten af forrige \u00e5rhundrede var byen centrum for en omfattende landbrugshandel, is\u00e6r med korn, og [&hellip;]<\/p>\n","protected":false},"author":1,"featured_media":0,"parent":6860,"menu_order":0,"comment_status":"closed","ping_status":"closed","template":"","meta":{"inline_featured_image":false,"footnotes":""},"class_list":["post-6873","page","type-page","status-publish","hentry"],"yoast_head":"<!-- This site is optimized with the Yoast SEO plugin v27.4 - https:\/\/yoast.com\/product\/yoast-seo-wordpress\/ -->\n<title>Banen - Museumsbanen Maribo-Bandholm<\/title>\n<meta name=\"robots\" content=\"index, follow, max-snippet:-1, max-image-preview:large, max-video-preview:-1\" \/>\n<link rel=\"canonical\" href=\"https:\/\/museumsbanen.dk\/en\/historie\/banen\/\" \/>\n<meta property=\"og:locale\" content=\"en_US\" \/>\n<meta property=\"og:type\" content=\"article\" \/>\n<meta property=\"og:title\" content=\"Banen - Museumsbanen Maribo-Bandholm\" \/>\n<meta property=\"og:description\" content=\"Maribo &#8211; Bandholm jernbanes historie Maribo er den eneste k\u00f8bstad p\u00e5 Lolland uden havn. I midten af forrige \u00e5rhundrede var byen centrum for en omfattende landbrugshandel, is\u00e6r med korn, og [&hellip;]\" \/>\n<meta property=\"og:url\" content=\"https:\/\/museumsbanen.dk\/en\/historie\/banen\/\" \/>\n<meta property=\"og:site_name\" content=\"Museumsbanen Maribo-Bandholm\" \/>\n<meta property=\"article:publisher\" content=\"https:\/\/www.facebook.com\/groups\/177166785691991\/\" \/>\n<meta property=\"article:modified_time\" content=\"2025-05-28T12:19:25+00:00\" \/>\n<meta property=\"og:image\" content=\"https:\/\/museumsbanen.dk\/wp-content\/uploads\/GX010109_1748364592641-1640x500.jpg\" \/>\n<meta name=\"twitter:card\" content=\"summary_large_image\" \/>\n<meta name=\"twitter:label1\" content=\"Est. reading time\" \/>\n\t<meta name=\"twitter:data1\" content=\"3 minutes\" \/>\n<script type=\"application\/ld+json\" class=\"yoast-schema-graph\">{\"@context\":\"https:\\\/\\\/schema.org\",\"@graph\":[{\"@type\":\"WebPage\",\"@id\":\"https:\\\/\\\/museumsbanen.dk\\\/historie\\\/banen\\\/\",\"url\":\"https:\\\/\\\/museumsbanen.dk\\\/historie\\\/banen\\\/\",\"name\":\"Banen - Museumsbanen Maribo-Bandholm\",\"isPartOf\":{\"@id\":\"https:\\\/\\\/museumsbanen.dk\\\/#website\"},\"primaryImageOfPage\":{\"@id\":\"https:\\\/\\\/museumsbanen.dk\\\/historie\\\/banen\\\/#primaryimage\"},\"image\":{\"@id\":\"https:\\\/\\\/museumsbanen.dk\\\/historie\\\/banen\\\/#primaryimage\"},\"thumbnailUrl\":\"https:\\\/\\\/museumsbanen.dk\\\/wp-content\\\/uploads\\\/GX010109_1748364592641-1640x500.jpg\",\"datePublished\":\"2025-04-24T14:19:40+00:00\",\"dateModified\":\"2025-05-28T12:19:25+00:00\",\"breadcrumb\":{\"@id\":\"https:\\\/\\\/museumsbanen.dk\\\/historie\\\/banen\\\/#breadcrumb\"},\"inLanguage\":\"en-US\",\"potentialAction\":[{\"@type\":\"ReadAction\",\"target\":[\"https:\\\/\\\/museumsbanen.dk\\\/historie\\\/banen\\\/\"]}]},{\"@type\":\"ImageObject\",\"inLanguage\":\"en-US\",\"@id\":\"https:\\\/\\\/museumsbanen.dk\\\/historie\\\/banen\\\/#primaryimage\",\"url\":\"https:\\\/\\\/museumsbanen.dk\\\/wp-content\\\/uploads\\\/GX010109_1748364592641-1640x500.jpg\",\"contentUrl\":\"https:\\\/\\\/museumsbanen.dk\\\/wp-content\\\/uploads\\\/GX010109_1748364592641-1640x500.jpg\"},{\"@type\":\"BreadcrumbList\",\"@id\":\"https:\\\/\\\/museumsbanen.dk\\\/historie\\\/banen\\\/#breadcrumb\",\"itemListElement\":[{\"@type\":\"ListItem\",\"position\":1,\"name\":\"Hjem\",\"item\":\"https:\\\/\\\/museumsbanen.dk\\\/\"},{\"@type\":\"ListItem\",\"position\":2,\"name\":\"Historie\",\"item\":\"https:\\\/\\\/museumsbanen.dk\\\/historie\\\/\"},{\"@type\":\"ListItem\",\"position\":3,\"name\":\"Banen\"}]},{\"@type\":\"WebSite\",\"@id\":\"https:\\\/\\\/museumsbanen.dk\\\/#website\",\"url\":\"https:\\\/\\\/museumsbanen.dk\\\/\",\"name\":\"Museumsbanen Bandholm-Maribo\",\"description\":\"\",\"publisher\":{\"@id\":\"https:\\\/\\\/museumsbanen.dk\\\/#organization\"},\"potentialAction\":[{\"@type\":\"SearchAction\",\"target\":{\"@type\":\"EntryPoint\",\"urlTemplate\":\"https:\\\/\\\/museumsbanen.dk\\\/?s={search_term_string}\"},\"query-input\":{\"@type\":\"PropertyValueSpecification\",\"valueRequired\":true,\"valueName\":\"search_term_string\"}}],\"inLanguage\":\"en-US\"},{\"@type\":\"Organization\",\"@id\":\"https:\\\/\\\/museumsbanen.dk\\\/#organization\",\"name\":\"Museumsbanen Maribo-Bandholm, Dansk Jernbane-Klub\",\"url\":\"https:\\\/\\\/museumsbanen.dk\\\/\",\"logo\":{\"@type\":\"ImageObject\",\"inLanguage\":\"en-US\",\"@id\":\"https:\\\/\\\/museumsbanen.dk\\\/#\\\/schema\\\/logo\\\/image\\\/\",\"url\":\"https:\\\/\\\/museumsbanen.dk\\\/wp-content\\\/uploads\\\/logo.png\",\"contentUrl\":\"https:\\\/\\\/museumsbanen.dk\\\/wp-content\\\/uploads\\\/logo.png\",\"width\":347,\"height\":220,\"caption\":\"Museumsbanen Maribo-Bandholm, Dansk Jernbane-Klub\"},\"image\":{\"@id\":\"https:\\\/\\\/museumsbanen.dk\\\/#\\\/schema\\\/logo\\\/image\\\/\"},\"sameAs\":[\"https:\\\/\\\/www.facebook.com\\\/groups\\\/177166785691991\\\/\",\"https:\\\/\\\/www.instagram.com\\\/museumsbanen_maribo_bandholm\\\/\",\"https:\\\/\\\/www.youtube.com\\\/@museumsbanenmaribo-bandhol8830\"]}]}<\/script>\n<!-- \/ Yoast SEO plugin. -->","yoast_head_json":{"title":"The railway - Maribo-Bandholm Museum Railway","robots":{"index":"index","follow":"follow","max-snippet":"max-snippet:-1","max-image-preview":"max-image-preview:large","max-video-preview":"max-video-preview:-1"},"canonical":"https:\/\/museumsbanen.dk\/en\/historie\/banen\/","og_locale":"en_US","og_type":"article","og_title":"Banen - Museumsbanen Maribo-Bandholm","og_description":"Maribo &#8211; Bandholm jernbanes historie Maribo er den eneste k\u00f8bstad p\u00e5 Lolland uden havn. I midten af forrige \u00e5rhundrede var byen centrum for en omfattende landbrugshandel, is\u00e6r med korn, og [&hellip;]","og_url":"https:\/\/museumsbanen.dk\/en\/historie\/banen\/","og_site_name":"Museumsbanen Maribo-Bandholm","article_publisher":"https:\/\/www.facebook.com\/groups\/177166785691991\/","article_modified_time":"2025-05-28T12:19:25+00:00","og_image":[{"url":"https:\/\/museumsbanen.dk\/wp-content\/uploads\/GX010109_1748364592641-1640x500.jpg","type":"","width":"","height":""}],"twitter_card":"summary_large_image","twitter_misc":{"Est. reading time":"3 minutes"},"schema":{"@context":"https:\/\/schema.org","@graph":[{"@type":"WebPage","@id":"https:\/\/museumsbanen.dk\/historie\/banen\/","url":"https:\/\/museumsbanen.dk\/historie\/banen\/","name":"The railway - Maribo-Bandholm Museum Railway","isPartOf":{"@id":"https:\/\/museumsbanen.dk\/#website"},"primaryImageOfPage":{"@id":"https:\/\/museumsbanen.dk\/historie\/banen\/#primaryimage"},"image":{"@id":"https:\/\/museumsbanen.dk\/historie\/banen\/#primaryimage"},"thumbnailUrl":"https:\/\/museumsbanen.dk\/wp-content\/uploads\/GX010109_1748364592641-1640x500.jpg","datePublished":"2025-04-24T14:19:40+00:00","dateModified":"2025-05-28T12:19:25+00:00","breadcrumb":{"@id":"https:\/\/museumsbanen.dk\/historie\/banen\/#breadcrumb"},"inLanguage":"en-US","potentialAction":[{"@type":"ReadAction","target":["https:\/\/museumsbanen.dk\/historie\/banen\/"]}]},{"@type":"ImageObject","inLanguage":"en-US","@id":"https:\/\/museumsbanen.dk\/historie\/banen\/#primaryimage","url":"https:\/\/museumsbanen.dk\/wp-content\/uploads\/GX010109_1748364592641-1640x500.jpg","contentUrl":"https:\/\/museumsbanen.dk\/wp-content\/uploads\/GX010109_1748364592641-1640x500.jpg"},{"@type":"BreadcrumbList","@id":"https:\/\/museumsbanen.dk\/historie\/banen\/#breadcrumb","itemListElement":[{"@type":"ListItem","position":1,"name":"Hjem","item":"https:\/\/museumsbanen.dk\/"},{"@type":"ListItem","position":2,"name":"Historie","item":"https:\/\/museumsbanen.dk\/historie\/"},{"@type":"ListItem","position":3,"name":"Banen"}]},{"@type":"WebSite","@id":"https:\/\/museumsbanen.dk\/#website","url":"https:\/\/museumsbanen.dk\/","name":"The Bandholm-Maribo Museum Railway","description":"","publisher":{"@id":"https:\/\/museumsbanen.dk\/#organization"},"potentialAction":[{"@type":"SearchAction","target":{"@type":"EntryPoint","urlTemplate":"https:\/\/museumsbanen.dk\/?s={search_term_string}"},"query-input":{"@type":"PropertyValueSpecification","valueRequired":true,"valueName":"search_term_string"}}],"inLanguage":"en-US"},{"@type":"Organization","@id":"https:\/\/museumsbanen.dk\/#organization","name":"Maribo-Bandholm Museum Railway, Danish Railway Club","url":"https:\/\/museumsbanen.dk\/","logo":{"@type":"ImageObject","inLanguage":"en-US","@id":"https:\/\/museumsbanen.dk\/#\/schema\/logo\/image\/","url":"https:\/\/museumsbanen.dk\/wp-content\/uploads\/logo.png","contentUrl":"https:\/\/museumsbanen.dk\/wp-content\/uploads\/logo.png","width":347,"height":220,"caption":"Museumsbanen Maribo-Bandholm, Dansk Jernbane-Klub"},"image":{"@id":"https:\/\/museumsbanen.dk\/#\/schema\/logo\/image\/"},"sameAs":["https:\/\/www.facebook.com\/groups\/177166785691991\/","https:\/\/www.instagram.com\/museumsbanen_maribo_bandholm\/","https:\/\/www.youtube.com\/@museumsbanenmaribo-bandhol8830"]}]}},"_links":{"self":[{"href":"https:\/\/museumsbanen.dk\/en\/wp-json\/wp\/v2\/pages\/6873","targetHints":{"allow":["GET"]}}],"collection":[{"href":"https:\/\/museumsbanen.dk\/en\/wp-json\/wp\/v2\/pages"}],"about":[{"href":"https:\/\/museumsbanen.dk\/en\/wp-json\/wp\/v2\/types\/page"}],"author":[{"embeddable":true,"href":"https:\/\/museumsbanen.dk\/en\/wp-json\/wp\/v2\/users\/1"}],"replies":[{"embeddable":true,"href":"https:\/\/museumsbanen.dk\/en\/wp-json\/wp\/v2\/comments?post=6873"}],"version-history":[{"count":3,"href":"https:\/\/museumsbanen.dk\/en\/wp-json\/wp\/v2\/pages\/6873\/revisions"}],"predecessor-version":[{"id":8329,"href":"https:\/\/museumsbanen.dk\/en\/wp-json\/wp\/v2\/pages\/6873\/revisions\/8329"}],"up":[{"embeddable":true,"href":"https:\/\/museumsbanen.dk\/en\/wp-json\/wp\/v2\/pages\/6860"}],"wp:attachment":[{"href":"https:\/\/museumsbanen.dk\/en\/wp-json\/wp\/v2\/media?parent=6873"}],"curies":[{"name":"wp","href":"https:\/\/api.w.org\/{rel}","templated":true}]}}