{"id":6943,"date":"2025-04-28T12:20:29","date_gmt":"2025-04-28T10:20:29","guid":{"rendered":"http:\/\/46.4.84.82\/~museumsbanen\/?page_id=6943"},"modified":"2025-07-11T12:42:09","modified_gmt":"2025-07-11T10:42:09","slug":"hvem-er-vi","status":"publish","type":"page","link":"https:\/\/museumsbanen.dk\/en\/hvem-er-vi\/","title":{"rendered":"Who are we?"},"content":{"rendered":"<div data-elementor-type=\"wp-page\" data-elementor-id=\"6943\" class=\"elementor elementor-6943\" data-elementor-post-type=\"page\">\n\t\t\t\t<div class=\"elementor-element elementor-element-e1cdc5a e-flex e-con-boxed e-con e-parent\" data-id=\"e1cdc5a\" data-element_type=\"container\" data-e-type=\"container\">\n\t\t\t\t\t<div class=\"e-con-inner\">\n\t\t\t\t<div class=\"elementor-element elementor-element-547bda6 elementor-widget elementor-widget-spacer\" data-id=\"547bda6\" data-element_type=\"widget\" data-e-type=\"widget\" data-widget_type=\"spacer.default\">\n\t\t\t\t<div class=\"elementor-widget-container\">\n\t\t\t\t\t\t\t<div class=\"elementor-spacer\">\n\t\t\t<div class=\"elementor-spacer-inner\"><\/div>\n\t\t<\/div>\n\t\t\t\t\t\t<\/div>\n\t\t\t\t<\/div>\n\t\t\t\t\t<\/div>\n\t\t\t\t<\/div>\n\t\t<div class=\"elementor-element elementor-element-ff01f48 e-flex e-con-boxed e-con e-parent\" data-id=\"ff01f48\" data-element_type=\"container\" data-e-type=\"container\">\n\t\t\t\t\t<div class=\"e-con-inner\">\n\t\t\t\t<div class=\"elementor-element elementor-element-259287f top-image-carousel elementor-widget elementor-widget-image-carousel\" data-id=\"259287f\" data-element_type=\"widget\" data-e-type=\"widget\" data-settings=\"{&quot;slides_to_show&quot;:&quot;1&quot;,&quot;navigation&quot;:&quot;none&quot;,&quot;autoplay&quot;:&quot;yes&quot;,&quot;pause_on_hover&quot;:&quot;yes&quot;,&quot;pause_on_interaction&quot;:&quot;yes&quot;,&quot;autoplay_speed&quot;:5000,&quot;infinite&quot;:&quot;yes&quot;,&quot;effect&quot;:&quot;slide&quot;,&quot;speed&quot;:500}\" data-widget_type=\"image-carousel.default\">\n\t\t\t\t<div class=\"elementor-widget-container\">\n\t\t\t\t\t\t\t<div class=\"elementor-image-carousel-wrapper swiper\" role=\"region\" aria-roledescription=\"carousel\" aria-label=\"Image carousel\" dir=\"ltr\">\n\t\t\t<div class=\"elementor-image-carousel swiper-wrapper\" aria-live=\"off\">\n\t\t\t\t\t\t\t\t<div class=\"swiper-slide\" role=\"group\" aria-roledescription=\"slide\" aria-label=\"1 of 1\"><figure class=\"swiper-slide-inner\"><img decoding=\"async\" class=\"swiper-slide-image\" src=\"https:\/\/museumsbanen.dk\/wp-content\/uploads\/DSC04279-1640x500.jpg\" alt=\"DSC04279\" \/><\/figure><\/div>\t\t\t<\/div>\n\t\t\t\t\t<\/div>\n\t\t\t\t\t\t<\/div>\n\t\t\t\t<\/div>\n\t\t\t\t\t<\/div>\n\t\t\t\t<\/div>\n\t\t<div class=\"elementor-element elementor-element-7d8d7ca e-flex e-con-boxed e-con e-parent\" data-id=\"7d8d7ca\" data-element_type=\"container\" data-e-type=\"container\">\n\t\t\t\t\t<div class=\"e-con-inner\">\n\t\t\t\t<div class=\"elementor-element elementor-element-e4f4020 elementor-widget elementor-widget-text-editor\" data-id=\"e4f4020\" data-element_type=\"widget\" data-e-type=\"widget\" data-widget_type=\"text-editor.default\">\n\t\t\t\t<div class=\"elementor-widget-container\">\n\t\t\t\t\t\t\t\t\t<h2>\u00a0 \u00a0 \u00a0 \u00a0 \u00a0 What is the Museum Railway?<\/h2><p>Museumsbanen Maribo-Bandholm is an association that operates a vintage railway. The primary activity is the operation of vintage trains, and the association has 2 steam locomotives, 5 diesel locomotives and approximately 20 passenger and freight cars from the beginning of the 20th century at its disposal for operation. The association also owns the listed Bandholm station from 1869 and a couple of buildings for storing vehicles. Finally, the association maintains tracks and associated fixed facilities.<br \/>The association currently has approximately 60 active members who, on a voluntary and unpaid basis, take care of driving, maintenance and administration. Together, the members have quite a lot of knowledge about vintage trains, and new members are trained for the various tasks.<br \/>The Museum Railway started operating with Denmark&#039;s first vintage train in 1962.<\/p>\t\t\t\t\t\t\t\t<\/div>\n\t\t\t\t<\/div>\n\t\t\t\t\t<\/div>\n\t\t\t\t<\/div>\n\t\t\t\t<\/div>","protected":false},"excerpt":{"rendered":"<p>\u00a0 \u00a0 \u00a0 \u00a0 \u00a0 Hvad er Museumsbanen ? Museumsbanen Maribo-Bandholm er en forening, der driver veteranbane. Den prim\u00e6re aktivitet er k\u00f8rsel med veterantog, og til r\u00e5dighed for driften har [&hellip;]<\/p>\n","protected":false},"author":1,"featured_media":0,"parent":0,"menu_order":0,"comment_status":"closed","ping_status":"closed","template":"","meta":{"inline_featured_image":false,"footnotes":""},"class_list":["post-6943","page","type-page","status-publish","hentry"],"yoast_head":"<!-- This site is optimized with the Yoast SEO plugin v27.4 - https:\/\/yoast.com\/product\/yoast-seo-wordpress\/ -->\n<title>Hvem er vi - Museumsbanen Maribo-Bandholm<\/title>\n<meta name=\"robots\" content=\"index, follow, max-snippet:-1, max-image-preview:large, max-video-preview:-1\" \/>\n<link rel=\"canonical\" href=\"https:\/\/museumsbanen.dk\/en\/hvem-er-vi\/\" \/>\n<meta property=\"og:locale\" content=\"en_US\" \/>\n<meta property=\"og:type\" content=\"article\" \/>\n<meta property=\"og:title\" content=\"Hvem er vi - Museumsbanen Maribo-Bandholm\" \/>\n<meta property=\"og:description\" content=\"\u00a0 \u00a0 \u00a0 \u00a0 \u00a0 Hvad er Museumsbanen ? Museumsbanen Maribo-Bandholm er en forening, der driver veteranbane. Den prim\u00e6re aktivitet er k\u00f8rsel med veterantog, og til r\u00e5dighed for driften har [&hellip;]\" \/>\n<meta property=\"og:url\" content=\"https:\/\/museumsbanen.dk\/en\/hvem-er-vi\/\" \/>\n<meta property=\"og:site_name\" content=\"Museumsbanen Maribo-Bandholm\" \/>\n<meta property=\"article:publisher\" content=\"https:\/\/www.facebook.com\/groups\/177166785691991\/\" \/>\n<meta property=\"article:modified_time\" content=\"2025-07-11T10:42:09+00:00\" \/>\n<meta property=\"og:image\" content=\"https:\/\/museumsbanen.dk\/wp-content\/uploads\/DSC04279-1640x500.jpg\" \/>\n<meta name=\"twitter:card\" content=\"summary_large_image\" \/>\n<meta name=\"twitter:label1\" content=\"Est. reading time\" \/>\n\t<meta name=\"twitter:data1\" content=\"1 minute\" \/>\n<script type=\"application\/ld+json\" class=\"yoast-schema-graph\">{\"@context\":\"https:\\\/\\\/schema.org\",\"@graph\":[{\"@type\":\"WebPage\",\"@id\":\"https:\\\/\\\/museumsbanen.dk\\\/hvem-er-vi\\\/\",\"url\":\"https:\\\/\\\/museumsbanen.dk\\\/hvem-er-vi\\\/\",\"name\":\"Hvem er vi - Museumsbanen Maribo-Bandholm\",\"isPartOf\":{\"@id\":\"https:\\\/\\\/museumsbanen.dk\\\/#website\"},\"primaryImageOfPage\":{\"@id\":\"https:\\\/\\\/museumsbanen.dk\\\/hvem-er-vi\\\/#primaryimage\"},\"image\":{\"@id\":\"https:\\\/\\\/museumsbanen.dk\\\/hvem-er-vi\\\/#primaryimage\"},\"thumbnailUrl\":\"https:\\\/\\\/museumsbanen.dk\\\/wp-content\\\/uploads\\\/DSC04279-1640x500.jpg\",\"datePublished\":\"2025-04-28T10:20:29+00:00\",\"dateModified\":\"2025-07-11T10:42:09+00:00\",\"breadcrumb\":{\"@id\":\"https:\\\/\\\/museumsbanen.dk\\\/hvem-er-vi\\\/#breadcrumb\"},\"inLanguage\":\"en-US\",\"potentialAction\":[{\"@type\":\"ReadAction\",\"target\":[\"https:\\\/\\\/museumsbanen.dk\\\/hvem-er-vi\\\/\"]}]},{\"@type\":\"ImageObject\",\"inLanguage\":\"en-US\",\"@id\":\"https:\\\/\\\/museumsbanen.dk\\\/hvem-er-vi\\\/#primaryimage\",\"url\":\"https:\\\/\\\/museumsbanen.dk\\\/wp-content\\\/uploads\\\/DSC04279-1640x500.jpg\",\"contentUrl\":\"https:\\\/\\\/museumsbanen.dk\\\/wp-content\\\/uploads\\\/DSC04279-1640x500.jpg\"},{\"@type\":\"BreadcrumbList\",\"@id\":\"https:\\\/\\\/museumsbanen.dk\\\/hvem-er-vi\\\/#breadcrumb\",\"itemListElement\":[{\"@type\":\"ListItem\",\"position\":1,\"name\":\"Hjem\",\"item\":\"https:\\\/\\\/museumsbanen.dk\\\/\"},{\"@type\":\"ListItem\",\"position\":2,\"name\":\"Hvem er vi\"}]},{\"@type\":\"WebSite\",\"@id\":\"https:\\\/\\\/museumsbanen.dk\\\/#website\",\"url\":\"https:\\\/\\\/museumsbanen.dk\\\/\",\"name\":\"Museumsbanen Bandholm-Maribo\",\"description\":\"\",\"publisher\":{\"@id\":\"https:\\\/\\\/museumsbanen.dk\\\/#organization\"},\"potentialAction\":[{\"@type\":\"SearchAction\",\"target\":{\"@type\":\"EntryPoint\",\"urlTemplate\":\"https:\\\/\\\/museumsbanen.dk\\\/?s={search_term_string}\"},\"query-input\":{\"@type\":\"PropertyValueSpecification\",\"valueRequired\":true,\"valueName\":\"search_term_string\"}}],\"inLanguage\":\"en-US\"},{\"@type\":\"Organization\",\"@id\":\"https:\\\/\\\/museumsbanen.dk\\\/#organization\",\"name\":\"Museumsbanen Maribo-Bandholm, Dansk Jernbane-Klub\",\"url\":\"https:\\\/\\\/museumsbanen.dk\\\/\",\"logo\":{\"@type\":\"ImageObject\",\"inLanguage\":\"en-US\",\"@id\":\"https:\\\/\\\/museumsbanen.dk\\\/#\\\/schema\\\/logo\\\/image\\\/\",\"url\":\"https:\\\/\\\/museumsbanen.dk\\\/wp-content\\\/uploads\\\/logo.png\",\"contentUrl\":\"https:\\\/\\\/museumsbanen.dk\\\/wp-content\\\/uploads\\\/logo.png\",\"width\":347,\"height\":220,\"caption\":\"Museumsbanen Maribo-Bandholm, Dansk Jernbane-Klub\"},\"image\":{\"@id\":\"https:\\\/\\\/museumsbanen.dk\\\/#\\\/schema\\\/logo\\\/image\\\/\"},\"sameAs\":[\"https:\\\/\\\/www.facebook.com\\\/groups\\\/177166785691991\\\/\",\"https:\\\/\\\/www.instagram.com\\\/museumsbanen_maribo_bandholm\\\/\",\"https:\\\/\\\/www.youtube.com\\\/@museumsbanenmaribo-bandhol8830\"]}]}<\/script>\n<!-- \/ Yoast SEO plugin. -->","yoast_head_json":{"title":"Who are we - Maribo-Bandholm Museum Railway","robots":{"index":"index","follow":"follow","max-snippet":"max-snippet:-1","max-image-preview":"max-image-preview:large","max-video-preview":"max-video-preview:-1"},"canonical":"https:\/\/museumsbanen.dk\/en\/hvem-er-vi\/","og_locale":"en_US","og_type":"article","og_title":"Hvem er vi - Museumsbanen Maribo-Bandholm","og_description":"\u00a0 \u00a0 \u00a0 \u00a0 \u00a0 Hvad er Museumsbanen ? Museumsbanen Maribo-Bandholm er en forening, der driver veteranbane. Den prim\u00e6re aktivitet er k\u00f8rsel med veterantog, og til r\u00e5dighed for driften har [&hellip;]","og_url":"https:\/\/museumsbanen.dk\/en\/hvem-er-vi\/","og_site_name":"Museumsbanen Maribo-Bandholm","article_publisher":"https:\/\/www.facebook.com\/groups\/177166785691991\/","article_modified_time":"2025-07-11T10:42:09+00:00","og_image":[{"url":"https:\/\/museumsbanen.dk\/wp-content\/uploads\/DSC04279-1640x500.jpg","type":"","width":"","height":""}],"twitter_card":"summary_large_image","twitter_misc":{"Est. reading time":"1 minute"},"schema":{"@context":"https:\/\/schema.org","@graph":[{"@type":"WebPage","@id":"https:\/\/museumsbanen.dk\/hvem-er-vi\/","url":"https:\/\/museumsbanen.dk\/hvem-er-vi\/","name":"Who are we - Maribo-Bandholm Museum Railway","isPartOf":{"@id":"https:\/\/museumsbanen.dk\/#website"},"primaryImageOfPage":{"@id":"https:\/\/museumsbanen.dk\/hvem-er-vi\/#primaryimage"},"image":{"@id":"https:\/\/museumsbanen.dk\/hvem-er-vi\/#primaryimage"},"thumbnailUrl":"https:\/\/museumsbanen.dk\/wp-content\/uploads\/DSC04279-1640x500.jpg","datePublished":"2025-04-28T10:20:29+00:00","dateModified":"2025-07-11T10:42:09+00:00","breadcrumb":{"@id":"https:\/\/museumsbanen.dk\/hvem-er-vi\/#breadcrumb"},"inLanguage":"en-US","potentialAction":[{"@type":"ReadAction","target":["https:\/\/museumsbanen.dk\/hvem-er-vi\/"]}]},{"@type":"ImageObject","inLanguage":"en-US","@id":"https:\/\/museumsbanen.dk\/hvem-er-vi\/#primaryimage","url":"https:\/\/museumsbanen.dk\/wp-content\/uploads\/DSC04279-1640x500.jpg","contentUrl":"https:\/\/museumsbanen.dk\/wp-content\/uploads\/DSC04279-1640x500.jpg"},{"@type":"BreadcrumbList","@id":"https:\/\/museumsbanen.dk\/hvem-er-vi\/#breadcrumb","itemListElement":[{"@type":"ListItem","position":1,"name":"Hjem","item":"https:\/\/museumsbanen.dk\/"},{"@type":"ListItem","position":2,"name":"Hvem er vi"}]},{"@type":"WebSite","@id":"https:\/\/museumsbanen.dk\/#website","url":"https:\/\/museumsbanen.dk\/","name":"The Bandholm-Maribo Museum Railway","description":"","publisher":{"@id":"https:\/\/museumsbanen.dk\/#organization"},"potentialAction":[{"@type":"SearchAction","target":{"@type":"EntryPoint","urlTemplate":"https:\/\/museumsbanen.dk\/?s={search_term_string}"},"query-input":{"@type":"PropertyValueSpecification","valueRequired":true,"valueName":"search_term_string"}}],"inLanguage":"en-US"},{"@type":"Organization","@id":"https:\/\/museumsbanen.dk\/#organization","name":"Maribo-Bandholm Museum Railway, Danish Railway Club","url":"https:\/\/museumsbanen.dk\/","logo":{"@type":"ImageObject","inLanguage":"en-US","@id":"https:\/\/museumsbanen.dk\/#\/schema\/logo\/image\/","url":"https:\/\/museumsbanen.dk\/wp-content\/uploads\/logo.png","contentUrl":"https:\/\/museumsbanen.dk\/wp-content\/uploads\/logo.png","width":347,"height":220,"caption":"Museumsbanen Maribo-Bandholm, Dansk Jernbane-Klub"},"image":{"@id":"https:\/\/museumsbanen.dk\/#\/schema\/logo\/image\/"},"sameAs":["https:\/\/www.facebook.com\/groups\/177166785691991\/","https:\/\/www.instagram.com\/museumsbanen_maribo_bandholm\/","https:\/\/www.youtube.com\/@museumsbanenmaribo-bandhol8830"]}]}},"_links":{"self":[{"href":"https:\/\/museumsbanen.dk\/en\/wp-json\/wp\/v2\/pages\/6943","targetHints":{"allow":["GET"]}}],"collection":[{"href":"https:\/\/museumsbanen.dk\/en\/wp-json\/wp\/v2\/pages"}],"about":[{"href":"https:\/\/museumsbanen.dk\/en\/wp-json\/wp\/v2\/types\/page"}],"author":[{"embeddable":true,"href":"https:\/\/museumsbanen.dk\/en\/wp-json\/wp\/v2\/users\/1"}],"replies":[{"embeddable":true,"href":"https:\/\/museumsbanen.dk\/en\/wp-json\/wp\/v2\/comments?post=6943"}],"version-history":[{"count":3,"href":"https:\/\/museumsbanen.dk\/en\/wp-json\/wp\/v2\/pages\/6943\/revisions"}],"predecessor-version":[{"id":9186,"href":"https:\/\/museumsbanen.dk\/en\/wp-json\/wp\/v2\/pages\/6943\/revisions\/9186"}],"wp:attachment":[{"href":"https:\/\/museumsbanen.dk\/en\/wp-json\/wp\/v2\/media?parent=6943"}],"curies":[{"name":"wp","href":"https:\/\/api.w.org\/{rel}","templated":true}]}}