{"id":7419,"date":"2025-04-30T08:51:36","date_gmt":"2025-04-30T06:51:36","guid":{"rendered":"http:\/\/46.4.84.82\/~museumsbanen\/?page_id=7419"},"modified":"2025-05-28T14:21:58","modified_gmt":"2025-05-28T12:21:58","slug":"stoetteforening","status":"publish","type":"page","link":"https:\/\/museumsbanen.dk\/en\/hvem-er-vi\/stoetteforening\/","title":{"rendered":"Support association"},"content":{"rendered":"<div data-elementor-type=\"wp-page\" data-elementor-id=\"7419\" class=\"elementor elementor-7419\" data-elementor-post-type=\"page\">\n\t\t\t\t<div class=\"elementor-element elementor-element-e1cdc5a e-flex e-con-boxed e-con e-parent\" data-id=\"e1cdc5a\" data-element_type=\"container\" data-e-type=\"container\">\n\t\t\t\t\t<div class=\"e-con-inner\">\n\t\t\t\t<div class=\"elementor-element elementor-element-9b21878 elementor-widget elementor-widget-spacer\" data-id=\"9b21878\" data-element_type=\"widget\" data-e-type=\"widget\" data-widget_type=\"spacer.default\">\n\t\t\t\t<div class=\"elementor-widget-container\">\n\t\t\t\t\t\t\t<div class=\"elementor-spacer\">\n\t\t\t<div class=\"elementor-spacer-inner\"><\/div>\n\t\t<\/div>\n\t\t\t\t\t\t<\/div>\n\t\t\t\t<\/div>\n\t\t\t\t\t<\/div>\n\t\t\t\t<\/div>\n\t\t<div class=\"elementor-element elementor-element-ff01f48 e-flex e-con-boxed e-con e-parent\" data-id=\"ff01f48\" data-element_type=\"container\" data-e-type=\"container\">\n\t\t\t\t\t<div class=\"e-con-inner\">\n\t\t\t\t<div class=\"elementor-element elementor-element-259287f top-image-carousel elementor-widget elementor-widget-image-carousel\" data-id=\"259287f\" data-element_type=\"widget\" data-e-type=\"widget\" data-settings=\"{&quot;slides_to_show&quot;:&quot;1&quot;,&quot;navigation&quot;:&quot;none&quot;,&quot;autoplay&quot;:&quot;yes&quot;,&quot;pause_on_hover&quot;:&quot;yes&quot;,&quot;pause_on_interaction&quot;:&quot;yes&quot;,&quot;autoplay_speed&quot;:5000,&quot;infinite&quot;:&quot;yes&quot;,&quot;effect&quot;:&quot;slide&quot;,&quot;speed&quot;:500}\" data-widget_type=\"image-carousel.default\">\n\t\t\t\t<div class=\"elementor-widget-container\">\n\t\t\t\t\t\t\t<div class=\"elementor-image-carousel-wrapper swiper\" role=\"region\" aria-roledescription=\"carousel\" aria-label=\"Image carousel\" dir=\"ltr\">\n\t\t\t<div class=\"elementor-image-carousel swiper-wrapper\" aria-live=\"off\">\n\t\t\t\t\t\t\t\t<div class=\"swiper-slide\" role=\"group\" aria-roledescription=\"slide\" aria-label=\"1 of 1\"><figure class=\"swiper-slide-inner\"><img decoding=\"async\" class=\"swiper-slide-image\" src=\"https:\/\/museumsbanen.dk\/wp-content\/uploads\/20241116_103147_1737289238712-scaled.jpg\" alt=\"20241116_103147_1737289238712\" \/><\/figure><\/div>\t\t\t<\/div>\n\t\t\t\t\t<\/div>\n\t\t\t\t\t\t<\/div>\n\t\t\t\t<\/div>\n\t\t\t\t\t<\/div>\n\t\t\t\t<\/div>\n\t\t<div class=\"elementor-element elementor-element-7d8d7ca e-flex e-con-boxed e-con e-parent\" data-id=\"7d8d7ca\" data-element_type=\"container\" data-e-type=\"container\">\n\t\t\t\t\t<div class=\"e-con-inner\">\n\t\t\t\t<div class=\"elementor-element elementor-element-e4f4020 elementor-widget elementor-widget-text-editor\" data-id=\"e4f4020\" data-element_type=\"widget\" data-e-type=\"widget\" data-widget_type=\"text-editor.default\">\n\t\t\t\t<div class=\"elementor-widget-container\">\n\t\t\t\t\t\t\t\t\t<div class=\"smPagesParagraph\"><div class=\"smPagesParagraph\"><strong><span class=\"SMPagesCardHeader\">Would you like to become a member of the Support Association?<\/span><\/strong><\/div><p class=\"\" data-start=\"151\" data-end=\"234\">Do you think the Maribo-Bandholm Museum Railway is an important and exciting piece of cultural heritage?<\/p><p class=\"\" data-start=\"236\" data-end=\"349\">Would you like to help ensure that the historic trains still run \u2013 but without having to swing the tool yourself?<\/p><p class=\"\" data-start=\"351\" data-end=\"402\">Then become a member of <strong data-start=\"369\" data-end=\"401\">Museum Railway Support Association<\/strong>!<\/p><p class=\"\" data-start=\"404\" data-end=\"539\">As a member, you help support everything from the restoration of station buildings to the purchase of tools and equipment that keep the train running.<\/p><p class=\"\" data-start=\"541\" data-end=\"639\">Whether you choose a membership or make a contribution, your support helps make a difference.<\/p><\/div><div class=\"smPagesParagraph\"><p class=\"\" data-start=\"641\" data-end=\"683\"><strong data-start=\"641\" data-end=\"683\">Together we keep history on track.<\/strong><\/p><p class=\"\" data-start=\"685\" data-end=\"786\">Would you like to know more or sign up? Contact us at <a class=\"\" href=\"mailto:stf@museumsbanen.dk\" rel=\"noopener\" data-start=\"737\" data-end=\"786\">stf@museumsbanen.dk<\/a><\/p><\/div>\t\t\t\t\t\t\t\t<\/div>\n\t\t\t\t<\/div>\n\t\t\t\t<div class=\"elementor-element elementor-element-00930ec elementor-widget elementor-widget-button\" data-id=\"00930ec\" data-element_type=\"widget\" data-e-type=\"widget\" data-widget_type=\"button.default\">\n\t\t\t\t<div class=\"elementor-widget-container\">\n\t\t\t\t\t\t\t\t\t<div class=\"elementor-button-wrapper\">\n\t\t\t\t\t<a class=\"elementor-button elementor-button-link elementor-size-sm\" href=\"https:\/\/museumsbanen.dkwp-content\/uploads\/stf_medl-2023.pdf\" target=\"_blank\">\n\t\t\t\t\t\t<span class=\"elementor-button-content-wrapper\">\n\t\t\t\t\t\t\t\t\t<span class=\"elementor-button-text\">Read more about the support association<\/span>\n\t\t\t\t\t<\/span>\n\t\t\t\t\t<\/a>\n\t\t\t\t<\/div>\n\t\t\t\t\t\t\t\t<\/div>\n\t\t\t\t<\/div>\n\t\t\t\t\t<\/div>\n\t\t\t\t<\/div>\n\t\t\t\t<\/div>","protected":false},"excerpt":{"rendered":"<p>Vil du v\u00e6re medlem af St\u00f8tteforeningen? Synes du, Museumsbanen Maribo-Bandholm er et vigtigt og sp\u00e6ndende stykke kulturarv? Vil du gerne v\u00e6re med til at sikre, at de historiske tog stadig [&hellip;]<\/p>\n","protected":false},"author":1,"featured_media":0,"parent":6943,"menu_order":0,"comment_status":"closed","ping_status":"closed","template":"","meta":{"inline_featured_image":false,"footnotes":""},"class_list":["post-7419","page","type-page","status-publish","hentry"],"yoast_head":"<!-- This site is optimized with the Yoast SEO plugin v27.4 - https:\/\/yoast.com\/product\/yoast-seo-wordpress\/ -->\n<title>St\u00f8tteforening - Museumsbanen Maribo-Bandholm<\/title>\n<meta name=\"robots\" content=\"index, follow, max-snippet:-1, max-image-preview:large, max-video-preview:-1\" \/>\n<link rel=\"canonical\" href=\"https:\/\/museumsbanen.dk\/en\/hvem-er-vi\/stoetteforening\/\" \/>\n<meta property=\"og:locale\" content=\"en_US\" \/>\n<meta property=\"og:type\" content=\"article\" \/>\n<meta property=\"og:title\" content=\"St\u00f8tteforening - Museumsbanen Maribo-Bandholm\" \/>\n<meta property=\"og:description\" content=\"Vil du v\u00e6re medlem af St\u00f8tteforeningen? Synes du, Museumsbanen Maribo-Bandholm er et vigtigt og sp\u00e6ndende stykke kulturarv? Vil du gerne v\u00e6re med til at sikre, at de historiske tog stadig [&hellip;]\" \/>\n<meta property=\"og:url\" content=\"https:\/\/museumsbanen.dk\/en\/hvem-er-vi\/stoetteforening\/\" \/>\n<meta property=\"og:site_name\" content=\"Museumsbanen Maribo-Bandholm\" \/>\n<meta property=\"article:publisher\" content=\"https:\/\/www.facebook.com\/groups\/177166785691991\/\" \/>\n<meta property=\"article:modified_time\" content=\"2025-05-28T12:21:58+00:00\" \/>\n<meta property=\"og:image\" content=\"https:\/\/museumsbanen.dk\/wp-content\/uploads\/20241116_103147_1737289238712-scaled.jpg\" \/>\n<meta name=\"twitter:card\" content=\"summary_large_image\" \/>\n<meta name=\"twitter:label1\" content=\"Est. reading time\" \/>\n\t<meta name=\"twitter:data1\" content=\"1 minute\" \/>\n<script type=\"application\/ld+json\" class=\"yoast-schema-graph\">{\"@context\":\"https:\\\/\\\/schema.org\",\"@graph\":[{\"@type\":\"WebPage\",\"@id\":\"https:\\\/\\\/museumsbanen.dk\\\/hvem-er-vi\\\/stoetteforening\\\/\",\"url\":\"https:\\\/\\\/museumsbanen.dk\\\/hvem-er-vi\\\/stoetteforening\\\/\",\"name\":\"St\u00f8tteforening - Museumsbanen Maribo-Bandholm\",\"isPartOf\":{\"@id\":\"https:\\\/\\\/museumsbanen.dk\\\/#website\"},\"primaryImageOfPage\":{\"@id\":\"https:\\\/\\\/museumsbanen.dk\\\/hvem-er-vi\\\/stoetteforening\\\/#primaryimage\"},\"image\":{\"@id\":\"https:\\\/\\\/museumsbanen.dk\\\/hvem-er-vi\\\/stoetteforening\\\/#primaryimage\"},\"thumbnailUrl\":\"https:\\\/\\\/museumsbanen.dk\\\/wp-content\\\/uploads\\\/20241116_103147_1737289238712-scaled.jpg\",\"datePublished\":\"2025-04-30T06:51:36+00:00\",\"dateModified\":\"2025-05-28T12:21:58+00:00\",\"breadcrumb\":{\"@id\":\"https:\\\/\\\/museumsbanen.dk\\\/hvem-er-vi\\\/stoetteforening\\\/#breadcrumb\"},\"inLanguage\":\"en-US\",\"potentialAction\":[{\"@type\":\"ReadAction\",\"target\":[\"https:\\\/\\\/museumsbanen.dk\\\/hvem-er-vi\\\/stoetteforening\\\/\"]}]},{\"@type\":\"ImageObject\",\"inLanguage\":\"en-US\",\"@id\":\"https:\\\/\\\/museumsbanen.dk\\\/hvem-er-vi\\\/stoetteforening\\\/#primaryimage\",\"url\":\"https:\\\/\\\/museumsbanen.dk\\\/wp-content\\\/uploads\\\/20241116_103147_1737289238712-scaled.jpg\",\"contentUrl\":\"https:\\\/\\\/museumsbanen.dk\\\/wp-content\\\/uploads\\\/20241116_103147_1737289238712-scaled.jpg\"},{\"@type\":\"BreadcrumbList\",\"@id\":\"https:\\\/\\\/museumsbanen.dk\\\/hvem-er-vi\\\/stoetteforening\\\/#breadcrumb\",\"itemListElement\":[{\"@type\":\"ListItem\",\"position\":1,\"name\":\"Hjem\",\"item\":\"https:\\\/\\\/museumsbanen.dk\\\/\"},{\"@type\":\"ListItem\",\"position\":2,\"name\":\"Hvem er vi\",\"item\":\"https:\\\/\\\/museumsbanen.dk\\\/hvem-er-vi\\\/\"},{\"@type\":\"ListItem\",\"position\":3,\"name\":\"St\u00f8tteforening\"}]},{\"@type\":\"WebSite\",\"@id\":\"https:\\\/\\\/museumsbanen.dk\\\/#website\",\"url\":\"https:\\\/\\\/museumsbanen.dk\\\/\",\"name\":\"Museumsbanen Bandholm-Maribo\",\"description\":\"\",\"publisher\":{\"@id\":\"https:\\\/\\\/museumsbanen.dk\\\/#organization\"},\"potentialAction\":[{\"@type\":\"SearchAction\",\"target\":{\"@type\":\"EntryPoint\",\"urlTemplate\":\"https:\\\/\\\/museumsbanen.dk\\\/?s={search_term_string}\"},\"query-input\":{\"@type\":\"PropertyValueSpecification\",\"valueRequired\":true,\"valueName\":\"search_term_string\"}}],\"inLanguage\":\"en-US\"},{\"@type\":\"Organization\",\"@id\":\"https:\\\/\\\/museumsbanen.dk\\\/#organization\",\"name\":\"Museumsbanen Maribo-Bandholm, Dansk Jernbane-Klub\",\"url\":\"https:\\\/\\\/museumsbanen.dk\\\/\",\"logo\":{\"@type\":\"ImageObject\",\"inLanguage\":\"en-US\",\"@id\":\"https:\\\/\\\/museumsbanen.dk\\\/#\\\/schema\\\/logo\\\/image\\\/\",\"url\":\"https:\\\/\\\/museumsbanen.dk\\\/wp-content\\\/uploads\\\/logo.png\",\"contentUrl\":\"https:\\\/\\\/museumsbanen.dk\\\/wp-content\\\/uploads\\\/logo.png\",\"width\":347,\"height\":220,\"caption\":\"Museumsbanen Maribo-Bandholm, Dansk Jernbane-Klub\"},\"image\":{\"@id\":\"https:\\\/\\\/museumsbanen.dk\\\/#\\\/schema\\\/logo\\\/image\\\/\"},\"sameAs\":[\"https:\\\/\\\/www.facebook.com\\\/groups\\\/177166785691991\\\/\",\"https:\\\/\\\/www.instagram.com\\\/museumsbanen_maribo_bandholm\\\/\",\"https:\\\/\\\/www.youtube.com\\\/@museumsbanenmaribo-bandhol8830\"]}]}<\/script>\n<!-- \/ Yoast SEO plugin. -->","yoast_head_json":{"title":"Support Association - Maribo-Bandholm Museum Railway","robots":{"index":"index","follow":"follow","max-snippet":"max-snippet:-1","max-image-preview":"max-image-preview:large","max-video-preview":"max-video-preview:-1"},"canonical":"https:\/\/museumsbanen.dk\/en\/hvem-er-vi\/stoetteforening\/","og_locale":"en_US","og_type":"article","og_title":"St\u00f8tteforening - Museumsbanen Maribo-Bandholm","og_description":"Vil du v\u00e6re medlem af St\u00f8tteforeningen? Synes du, Museumsbanen Maribo-Bandholm er et vigtigt og sp\u00e6ndende stykke kulturarv? Vil du gerne v\u00e6re med til at sikre, at de historiske tog stadig [&hellip;]","og_url":"https:\/\/museumsbanen.dk\/en\/hvem-er-vi\/stoetteforening\/","og_site_name":"Museumsbanen Maribo-Bandholm","article_publisher":"https:\/\/www.facebook.com\/groups\/177166785691991\/","article_modified_time":"2025-05-28T12:21:58+00:00","og_image":[{"url":"https:\/\/museumsbanen.dk\/wp-content\/uploads\/20241116_103147_1737289238712-scaled.jpg","type":"","width":"","height":""}],"twitter_card":"summary_large_image","twitter_misc":{"Est. reading time":"1 minute"},"schema":{"@context":"https:\/\/schema.org","@graph":[{"@type":"WebPage","@id":"https:\/\/museumsbanen.dk\/hvem-er-vi\/stoetteforening\/","url":"https:\/\/museumsbanen.dk\/hvem-er-vi\/stoetteforening\/","name":"Support Association - Maribo-Bandholm Museum Railway","isPartOf":{"@id":"https:\/\/museumsbanen.dk\/#website"},"primaryImageOfPage":{"@id":"https:\/\/museumsbanen.dk\/hvem-er-vi\/stoetteforening\/#primaryimage"},"image":{"@id":"https:\/\/museumsbanen.dk\/hvem-er-vi\/stoetteforening\/#primaryimage"},"thumbnailUrl":"https:\/\/museumsbanen.dk\/wp-content\/uploads\/20241116_103147_1737289238712-scaled.jpg","datePublished":"2025-04-30T06:51:36+00:00","dateModified":"2025-05-28T12:21:58+00:00","breadcrumb":{"@id":"https:\/\/museumsbanen.dk\/hvem-er-vi\/stoetteforening\/#breadcrumb"},"inLanguage":"en-US","potentialAction":[{"@type":"ReadAction","target":["https:\/\/museumsbanen.dk\/hvem-er-vi\/stoetteforening\/"]}]},{"@type":"ImageObject","inLanguage":"en-US","@id":"https:\/\/museumsbanen.dk\/hvem-er-vi\/stoetteforening\/#primaryimage","url":"https:\/\/museumsbanen.dk\/wp-content\/uploads\/20241116_103147_1737289238712-scaled.jpg","contentUrl":"https:\/\/museumsbanen.dk\/wp-content\/uploads\/20241116_103147_1737289238712-scaled.jpg"},{"@type":"BreadcrumbList","@id":"https:\/\/museumsbanen.dk\/hvem-er-vi\/stoetteforening\/#breadcrumb","itemListElement":[{"@type":"ListItem","position":1,"name":"Hjem","item":"https:\/\/museumsbanen.dk\/"},{"@type":"ListItem","position":2,"name":"Hvem er vi","item":"https:\/\/museumsbanen.dk\/hvem-er-vi\/"},{"@type":"ListItem","position":3,"name":"St\u00f8tteforening"}]},{"@type":"WebSite","@id":"https:\/\/museumsbanen.dk\/#website","url":"https:\/\/museumsbanen.dk\/","name":"The Bandholm-Maribo Museum Railway","description":"","publisher":{"@id":"https:\/\/museumsbanen.dk\/#organization"},"potentialAction":[{"@type":"SearchAction","target":{"@type":"EntryPoint","urlTemplate":"https:\/\/museumsbanen.dk\/?s={search_term_string}"},"query-input":{"@type":"PropertyValueSpecification","valueRequired":true,"valueName":"search_term_string"}}],"inLanguage":"en-US"},{"@type":"Organization","@id":"https:\/\/museumsbanen.dk\/#organization","name":"Maribo-Bandholm Museum Railway, Danish Railway Club","url":"https:\/\/museumsbanen.dk\/","logo":{"@type":"ImageObject","inLanguage":"en-US","@id":"https:\/\/museumsbanen.dk\/#\/schema\/logo\/image\/","url":"https:\/\/museumsbanen.dk\/wp-content\/uploads\/logo.png","contentUrl":"https:\/\/museumsbanen.dk\/wp-content\/uploads\/logo.png","width":347,"height":220,"caption":"Museumsbanen Maribo-Bandholm, Dansk Jernbane-Klub"},"image":{"@id":"https:\/\/museumsbanen.dk\/#\/schema\/logo\/image\/"},"sameAs":["https:\/\/www.facebook.com\/groups\/177166785691991\/","https:\/\/www.instagram.com\/museumsbanen_maribo_bandholm\/","https:\/\/www.youtube.com\/@museumsbanenmaribo-bandhol8830"]}]}},"_links":{"self":[{"href":"https:\/\/museumsbanen.dk\/en\/wp-json\/wp\/v2\/pages\/7419","targetHints":{"allow":["GET"]}}],"collection":[{"href":"https:\/\/museumsbanen.dk\/en\/wp-json\/wp\/v2\/pages"}],"about":[{"href":"https:\/\/museumsbanen.dk\/en\/wp-json\/wp\/v2\/types\/page"}],"author":[{"embeddable":true,"href":"https:\/\/museumsbanen.dk\/en\/wp-json\/wp\/v2\/users\/1"}],"replies":[{"embeddable":true,"href":"https:\/\/museumsbanen.dk\/en\/wp-json\/wp\/v2\/comments?post=7419"}],"version-history":[{"count":3,"href":"https:\/\/museumsbanen.dk\/en\/wp-json\/wp\/v2\/pages\/7419\/revisions"}],"predecessor-version":[{"id":8332,"href":"https:\/\/museumsbanen.dk\/en\/wp-json\/wp\/v2\/pages\/7419\/revisions\/8332"}],"up":[{"embeddable":true,"href":"https:\/\/museumsbanen.dk\/en\/wp-json\/wp\/v2\/pages\/6943"}],"wp:attachment":[{"href":"https:\/\/museumsbanen.dk\/en\/wp-json\/wp\/v2\/media?parent=7419"}],"curies":[{"name":"wp","href":"https:\/\/api.w.org\/{rel}","templated":true}]}}